{"id":6207,"date":"2023-07-05T13:14:31","date_gmt":"2023-07-05T11:14:31","guid":{"rendered":"https:\/\/www.uxberlin.com\/partner-2\/"},"modified":"2026-02-09T11:33:35","modified_gmt":"2026-02-09T09:33:35","slug":"partner","status":"publish","type":"page","link":"https:\/\/www.uxberlin.com\/de\/partner\/","title":{"rendered":"Partner"},"content":{"rendered":"\t\t<div data-elementor-type=\"wp-page\" data-elementor-id=\"6207\" class=\"elementor elementor-6207\" data-elementor-post-type=\"page\">\n\t\t\t\t\t\t\t\t\t<section class=\"elementor-section elementor-top-section elementor-element elementor-element-5695a79e elementor-section-height-min-height inner-banner elementor-section-boxed elementor-section-height-default elementor-section-items-middle\" data-id=\"5695a79e\" data-element_type=\"section\" data-settings=\"{&quot;background_background&quot;:&quot;classic&quot;}\">\n\t\t\t\t\t\t<div class=\"elementor-container elementor-column-gap-default\">\n\t\t\t\t\t<div class=\"elementor-column elementor-col-100 elementor-top-column elementor-element elementor-element-52f411ef\" data-id=\"52f411ef\" data-element_type=\"column\">\n\t\t\t<div class=\"elementor-widget-wrap elementor-element-populated\">\n\t\t\t\t\t\t\t\t\t<\/div>\n\t\t<\/div>\n\t\t\t\t\t\t\t<\/div>\n\t\t<\/section>\n\t\t\t\t<section class=\"elementor-section elementor-top-section elementor-element elementor-element-60a05b10 elementor-section-boxed elementor-section-height-default elementor-section-height-default\" data-id=\"60a05b10\" data-element_type=\"section\">\n\t\t\t\t\t\t<div class=\"elementor-container elementor-column-gap-default\">\n\t\t\t\t\t<div class=\"elementor-column elementor-col-66 elementor-top-column elementor-element elementor-element-19000b53\" data-id=\"19000b53\" data-element_type=\"column\">\n\t\t\t<div class=\"elementor-widget-wrap elementor-element-populated\">\n\t\t\t\t\t\t\t\t<div class=\"elementor-element elementor-element-3a328f00 elementor-widget elementor-widget-text-editor\" data-id=\"3a328f00\" data-element_type=\"widget\" data-widget_type=\"text-editor.default\">\n\t\t\t\t<div class=\"elementor-widget-container\">\n\t\t\t<style>\/*! elementor - v3.15.0 - 20-08-2023 *\/\n.elementor-widget-text-editor.elementor-drop-cap-view-stacked .elementor-drop-cap{background-color:#69727d;color:#fff}.elementor-widget-text-editor.elementor-drop-cap-view-framed .elementor-drop-cap{color:#69727d;border:3px solid;background-color:transparent}.elementor-widget-text-editor:not(.elementor-drop-cap-view-default) .elementor-drop-cap{margin-top:8px}.elementor-widget-text-editor:not(.elementor-drop-cap-view-default) .elementor-drop-cap-letter{width:1em;height:1em}.elementor-widget-text-editor .elementor-drop-cap{float:left;text-align:center;line-height:1;font-size:50px}.elementor-widget-text-editor .elementor-drop-cap-letter{display:inline-block}<\/style>\t\t\t\t<p>Wir arbeiten zusammen mit erfahrenen Gesch\u00e4ftspartnern, und Institutionen wie:<\/p>\t\t\t\t\t\t<\/div>\n\t\t\t\t<\/div>\n\t\t\t\t<div class=\"elementor-element elementor-element-6466ef91 elementor-widget elementor-widget-text-editor\" data-id=\"6466ef91\" data-element_type=\"widget\" data-widget_type=\"text-editor.default\">\n\t\t\t\t<div class=\"elementor-widget-container\">\n\t\t\t\t\t\t\t<ul><li style=\"list-style-type: none;\"><ul><li style=\"list-style-type: none;\"><ul><\/p><ul><li style=\"list-style-type: none;\"><ul><li><strong><a title=\"Hochschule f\u00fcr Medien, Kommunikation und Wirtschaft\" href=\"https:\/\/www.media-university.de\/\" target=\"_blank\" rel=\"noopener noreferrer\">Media University of Applied Sciences, Berlin<\/a><\/strong><\/li><\/ul><\/li><\/ul><p><\/p><p><a href=\"https:\/\/www.hmkw.de\/hochschule\/lehrende\/fachbereich-psychologie\/henning-breuer\/\" target=\"_blank\" rel=\"noopener noreferrer\">Henning <\/a>unterrichtet hier im englischsprachigen Master-Studiengang u.a. die von ihm entworfenen Module f\u00fcr Business Anthropology, Innovation und Entrepreneurship, Gamification for Organisations sowie Social Strategies and Transformation. Forschung und Lehre verbindet er eng mit unternehmerischen Herausforderungen. Methoden und Konzepte der Psychologie liefern wertvolle Ans\u00e4tze, das was Menschen wichtig ist, mit unternehmerischem Handeln und der Gestaltung von Innovation zu verbinden. <\/p>\t\t\t\t\t\t<\/div>\n\t\t\t\t<\/div>\n\t\t\t\t<div class=\"elementor-element elementor-element-216ecf65 elementor-widget elementor-widget-text-editor\" data-id=\"216ecf65\" data-element_type=\"widget\" data-widget_type=\"text-editor.default\">\n\t\t\t\t<div class=\"elementor-widget-container\">\n\t\t\t\t\t\t\t<p><\/p>\n<ul style=\"list-style-type: square;\">\n<li><strong><a title=\"Institute for Futures Studies\" href=\"http:\/\/www.izt.de\/\" target=\"_blank\" rel=\"noopener noreferrer\">Institut f\u00fcr Zukunftsstudien und Technologiebewertung gemeinn\u00fctzige GmbH<\/a><\/strong><\/li>\n<\/ul>\n<p>Als Gesellschafter begleitet Henning das IZT. Es verbindet gesellschaftswissenschaftliche und naturwissenschaftliche Expertise mit Praxiswissen, und ist ein Leuchtturm der Europ\u00e4ischen Zukunftsforschung. Gemeinsam mit Akteuren aus Politik und Wirtschaft schafft es Orientierungs- und Handlungswissen vor dem Hintergrund zunehmender Unsicherheiten und Risiken.<\/p>\t\t\t\t\t\t<\/div>\n\t\t\t\t<\/div>\n\t\t\t\t<div class=\"elementor-element elementor-element-46a21c4f elementor-widget elementor-widget-text-editor\" data-id=\"46a21c4f\" data-element_type=\"widget\" data-widget_type=\"text-editor.default\">\n\t\t\t\t<div class=\"elementor-widget-container\">\n\t\t\t\t\t\t\t<ul>\n \t\t<li><strong><a title=\"ESCP Europe\" href=\"http:\/\/www.escpeurope.eu\/\" target=\"_blank\" rel=\"noopener noreferrer\">ESCP Europe, Business School<\/a><\/strong><\/li>\n\n<\/ul>\nIn wissenschaftlichen Forschungsprojekten und Workshops zur (nachhaltigkeitsorientierten) Gesch\u00e4ftsmodellinnovation arbeiten wir eng zusammen mit <a title=\"Prof. Dr. Florian L\u00fcdeke-Freund\" href=\"https:\/\/www.linkedin.com\/in\/florian-l%C3%BCdeke-freund-a8775b76\/\" target=\"_blank\" rel=\"noopener noreferrer\">Prof. Dr. Florian L\u00fcdeke-Freund<\/a>, Professor f\u00fcr Corporate Sustainability an der ESCP Berlin. Als Research Fellow ist er zudem mit dem Centre for Sustainability Management (CSM), Leuphana Universit\u00e4t L\u00fcneburg, und der Copenhagen Business School, D\u00e4nemark, verbunden.\n\t\t\t\t\t\t<\/div>\n\t\t\t\t<\/div>\n\t\t\t\t<div class=\"elementor-element elementor-element-2ea76fa7 elementor-widget elementor-widget-text-editor\" data-id=\"2ea76fa7\" data-element_type=\"widget\" data-widget_type=\"text-editor.default\">\n\t\t\t\t<div class=\"elementor-widget-container\">\n\t\t\t\t\t\t\t<p><\/p><ul><li><strong><a title=\"Telekom Innovation Laboratories, Interim Management Breuer\" href=\"http:\/\/www.laboratories.telekom.com\/public\/English\/Pages\/default.aspx\" target=\"_blank\" rel=\"noopener noreferrer\">Telekom Innovation Laboratories<\/a><\/strong><\/li><\/ul><p>Die Telekom Innovation Laboratories sind seit 2005 die zentrale Innovationseinheit der Deutschen Telekom, verantwortlich f\u00fcr Forschung und Entwicklung im gesamten Konzern und bekannt f\u00fcr professionelles Innovationsmanagement.<\/p>\t\t\t\t\t\t<\/div>\n\t\t\t\t<\/div>\n\t\t\t\t<div class=\"elementor-element elementor-element-581f9361 elementor-widget elementor-widget-text-editor\" data-id=\"581f9361\" data-element_type=\"widget\" data-widget_type=\"text-editor.default\">\n\t\t\t\t<div class=\"elementor-widget-container\">\n\t\t\t\t\t\t\t<p><\/p><ul><li><strong><a title=\"Waseda University\" href=\"http:\/\/www.gits.waseda.ac.jp\" target=\"_blank\" rel=\"noopener noreferrer\">Waseda University Tokyo, GITS<\/a><\/strong><\/li><\/ul><p>Die Graduate School of Global Information and Telecommunication Studies bildet die n\u00e4chste Generation von F\u00fchrungskr\u00e4ften aus, und bietet ihnen ein wachsendes globales Bildungs- und Forschungsnetzwerk.<\/p>\t\t\t\t\t\t<\/div>\n\t\t\t\t<\/div>\n\t\t\t\t<div class=\"elementor-element elementor-element-106b788b elementor-widget elementor-widget-text-editor\" data-id=\"106b788b\" data-element_type=\"widget\" data-widget_type=\"text-editor.default\">\n\t\t\t\t<div class=\"elementor-widget-container\">\n\t\t\t\t\t\t\t<p><\/p><ul style=\"list-style-type: square;\"><li><strong><a title=\"Interfacedesign Potsdam\" href=\"http:\/\/design.fh-potsdam.de\/studiengaenge\/interfacedesign.html\" target=\"_blank\" rel=\"noopener noreferrer\">University of Applied Sciences Potsdam<\/a><\/strong><\/li><\/ul><p><\/p><p>Das Interaction Design Lab des Studiengangs Interface Design dient als Schnittstelle zwischen Forschung, Entwicklung, Lehre, Technologietransfer, Design und Wissenstransfer und bietet damit einen Raum f\u00fcr multidisziplin\u00e4re Projekte an der Fachhochschule Potsdam.<\/p>\t\t\t\t\t\t<\/div>\n\t\t\t\t<\/div>\n\t\t\t\t<div class=\"elementor-element elementor-element-5bbe7651 elementor-widget elementor-widget-text-editor\" data-id=\"5bbe7651\" data-element_type=\"widget\" data-widget_type=\"text-editor.default\">\n\t\t\t\t<div class=\"elementor-widget-container\">\n\t\t\t\t\t\t\t<p><\/p><ul style=\"list-style-type: square;\"><li><strong><a title=\"University of Chile, Post-Doc \/ Interactive Learning Environments\" href=\"http:\/\/www.dcc.uchile.cl\/\" target=\"_blank\" rel=\"noopener noreferrer\">University of Chile, Santiago de Chile<\/a><\/strong><\/li><\/ul><p><\/p><p>Die Fakult\u00e4t f\u00fcr Informatik an der Universit\u00e4t von Chile ist eines der f\u00fchrenden Institute S\u00fcdamerikas. Neben Forschungs und Lehre werden Beratungs- und Entwicklungsprojekte in Zusammenarbeit mit der Industrie und \u00f6ffentlichen Institutionen durchgef\u00fchrt.<\/p>\t\t\t\t\t\t<\/div>\n\t\t\t\t<\/div>\n\t\t\t\t\t<\/div>\n\t\t<\/div>\n\t\t\t\t<div class=\"elementor-column elementor-col-33 elementor-top-column elementor-element elementor-element-78ea8e40\" data-id=\"78ea8e40\" data-element_type=\"column\">\n\t\t\t<div class=\"elementor-widget-wrap elementor-element-populated\">\n\t\t\t\t\t\t\t\t<div class=\"elementor-element elementor-element-53949a8a elementor-widget elementor-widget-heading\" data-id=\"53949a8a\" data-element_type=\"widget\" data-widget_type=\"heading.default\">\n\t\t\t\t<div class=\"elementor-widget-container\">\n\t\t\t<style>\/*! elementor - v3.15.0 - 20-08-2023 *\/\n.elementor-heading-title{padding:0;margin:0;line-height:1}.elementor-widget-heading .elementor-heading-title[class*=elementor-size-]>a{color:inherit;font-size:inherit;line-height:inherit}.elementor-widget-heading .elementor-heading-title.elementor-size-small{font-size:15px}.elementor-widget-heading .elementor-heading-title.elementor-size-medium{font-size:19px}.elementor-widget-heading .elementor-heading-title.elementor-size-large{font-size:29px}.elementor-widget-heading .elementor-heading-title.elementor-size-xl{font-size:39px}.elementor-widget-heading .elementor-heading-title.elementor-size-xxl{font-size:59px}<\/style><h2 class=\"elementor-heading-title elementor-size-default\">Partner<\/h2>\t\t<\/div>\n\t\t\t\t<\/div>\n\t\t\t\t<div class=\"elementor-element elementor-element-7c1e933 elementor-widget elementor-widget-text-editor\" data-id=\"7c1e933\" data-element_type=\"widget\" data-widget_type=\"text-editor.default\">\n\t\t\t\t<div class=\"elementor-widget-container\">\n\t\t\t\t\t\t\t\t\t\t\t\t\t<\/div>\n\t\t\t\t<\/div>\n\t\t\t\t<section class=\"elementor-section elementor-inner-section elementor-element elementor-element-62ed29bc elementor-section-boxed elementor-section-height-default elementor-section-height-default\" data-id=\"62ed29bc\" data-element_type=\"section\">\n\t\t\t\t\t\t<div class=\"elementor-container elementor-column-gap-default\">\n\t\t\t\t\t<div class=\"elementor-column elementor-col-50 elementor-inner-column elementor-element elementor-element-758b6a7f\" data-id=\"758b6a7f\" data-element_type=\"column\">\n\t\t\t<div class=\"elementor-widget-wrap elementor-element-populated\">\n\t\t\t\t\t\t\t\t<div class=\"elementor-element elementor-element-1d8d46c7 elementor-widget elementor-widget-image\" data-id=\"1d8d46c7\" data-element_type=\"widget\" data-widget_type=\"image.default\">\n\t\t\t\t<div class=\"elementor-widget-container\">\n\t\t\t<style>\/*! elementor - v3.15.0 - 20-08-2023 *\/\n.elementor-widget-image{text-align:center}.elementor-widget-image a{display:inline-block}.elementor-widget-image a img[src$=\".svg\"]{width:48px}.elementor-widget-image img{vertical-align:middle;display:inline-block}<\/style>\t\t\t\t\t\t\t\t\t\t\t\t<img decoding=\"async\" loading=\"lazy\" width=\"200\" height=\"300\" src=\"https:\/\/www.uxberlin.com\/wp-content\/uploads\/2023\/07\/2012_Henning-200x300-1.jpg\" class=\"attachment-large size-large wp-image-6208\" alt=\"\" style=\"width:100%;height:150%;max-width:200px\" \/>\t\t\t\t\t\t\t\t\t\t\t\t\t\t\t<\/div>\n\t\t\t\t<\/div>\n\t\t\t\t\t<\/div>\n\t\t<\/div>\n\t\t\t\t<div class=\"elementor-column elementor-col-50 elementor-inner-column elementor-element elementor-element-6c393ef2\" data-id=\"6c393ef2\" data-element_type=\"column\">\n\t\t\t<div class=\"elementor-widget-wrap elementor-element-populated\">\n\t\t\t\t\t\t\t\t<div class=\"elementor-element elementor-element-6e6e3b79 elementor-widget elementor-widget-text-editor\" data-id=\"6e6e3b79\" data-element_type=\"widget\" data-widget_type=\"text-editor.default\">\n\t\t\t\t<div class=\"elementor-widget-container\">\n\t\t\t\t\t\t\t<p>UXBerlin wurde von <a href=\"https:\/\/www.linkedin.com\/in\/henningbreuer\/\">Prof. Dr. Henning Breuer<\/a> initiiert, um Innovationsberatung in einem Netzwerk von spezialisierter Expertinnen und Experten anzubieten und Arbeitsergebnisse zu teilen. <\/p>\t\t\t\t\t\t<\/div>\n\t\t\t\t<\/div>\n\t\t\t\t\t<\/div>\n\t\t<\/div>\n\t\t\t\t\t\t\t<\/div>\n\t\t<\/section>\n\t\t\t\t<section class=\"elementor-section elementor-inner-section elementor-element elementor-element-7f458539 elementor-section-boxed elementor-section-height-default elementor-section-height-default\" data-id=\"7f458539\" data-element_type=\"section\">\n\t\t\t\t\t\t<div class=\"elementor-container elementor-column-gap-default\">\n\t\t\t\t\t<div class=\"elementor-column elementor-col-50 elementor-inner-column elementor-element elementor-element-396475d4\" data-id=\"396475d4\" data-element_type=\"column\">\n\t\t\t<div class=\"elementor-widget-wrap elementor-element-populated\">\n\t\t\t\t\t\t\t\t<div class=\"elementor-element elementor-element-72b6944b elementor-widget elementor-widget-image\" data-id=\"72b6944b\" data-element_type=\"widget\" data-widget_type=\"image.default\">\n\t\t\t\t<div class=\"elementor-widget-container\">\n\t\t\t\t\t\t\t\t\t\t\t\t\t\t\t<img decoding=\"async\" loading=\"lazy\" width=\"201\" height=\"300\" src=\"https:\/\/www.uxberlin.com\/wp-content\/uploads\/2023\/07\/Photo_Kiril-1-201x300-1.jpg\" class=\"attachment-large size-large wp-image-6209\" alt=\"\" style=\"width:100%;height:149.25%;max-width:201px\" \/>\t\t\t\t\t\t\t\t\t\t\t\t\t\t\t<\/div>\n\t\t\t\t<\/div>\n\t\t\t\t\t<\/div>\n\t\t<\/div>\n\t\t\t\t<div class=\"elementor-column elementor-col-50 elementor-inner-column elementor-element elementor-element-2402295c\" data-id=\"2402295c\" data-element_type=\"column\">\n\t\t\t<div class=\"elementor-widget-wrap elementor-element-populated\">\n\t\t\t\t\t\t\t\t<div class=\"elementor-element elementor-element-1c627b99 elementor-widget elementor-widget-text-editor\" data-id=\"1c627b99\" data-element_type=\"widget\" data-widget_type=\"text-editor.default\">\n\t\t\t\t<div class=\"elementor-widget-container\">\n\t\t\t\t\t\t\t<p>Kiril Ivanov, Master der Wirtschaftspsychologie, unterst\u00fctzt uns in Projekten zum wertebasierten Innovationsmanagement.<br>\n<br>\nWir arbeiten projektbasiert in einem Netzwerk aus Freunden und Gesch\u00e4ftspartnern.<\/p>\t\t\t\t\t\t<\/div>\n\t\t\t\t<\/div>\n\t\t\t\t\t<\/div>\n\t\t<\/div>\n\t\t\t\t\t\t\t<\/div>\n\t\t<\/section>\n\t\t\t\t<div class=\"elementor-element elementor-element-6c2ae757 elementor-widget elementor-widget-text-editor\" data-id=\"6c2ae757\" data-element_type=\"widget\" data-widget_type=\"text-editor.default\">\n\t\t\t\t<div class=\"elementor-widget-container\">\n\t\t\t\t\t\t\t<span style=\"color: #888888;\"><strong>Ausgew\u00e4hlte ExpertInnen und Institutionen\n<\/strong><\/span>\t\t\t\t\t\t<\/div>\n\t\t\t\t<\/div>\n\t\t\t\t<div class=\"elementor-element elementor-element-db3c291 elementor-widget elementor-widget-text-editor\" data-id=\"db3c291\" data-element_type=\"widget\" data-widget_type=\"text-editor.default\">\n\t\t\t\t<div class=\"elementor-widget-container\">\n\t\t\t\t\t\t\t<p><a title=\"Dr. Florian L\u00fcdeke-Freund\" href=\"https:\/\/www.linkedin.com\/in\/florian-luedeke-freund\/\" target=\"_blank\" rel=\"noopener noreferrer\">Dr. Florian L\u00fcdeke-Freund<\/a>, Professor f\u00fcr Corporate Sustainability an der ESCP Berlin. Nachhaltigkeitsorientierte Gesch\u00e4ftsmodelle und das Business Innovation Kit sind Schwerpunkte unserer Zusammenarbeit.<\/p>\t\t\t\t\t\t<\/div>\n\t\t\t\t<\/div>\n\t\t\t\t<div class=\"elementor-element elementor-element-64190acb elementor-widget elementor-widget-text-editor\" data-id=\"64190acb\" data-element_type=\"widget\" data-widget_type=\"text-editor.default\">\n\t\t\t\t<div class=\"elementor-widget-container\">\n\t\t\t\t\t\t\t<a title=\"Dr. Heinrich Schwarz\" href=\"https:\/\/www.xing.com\/profile\/Heinrich_Schwarz\" target=\"_blank\" rel=\"noopener noreferrer\">Dr. Heinrich Schwarz<\/a>, Kooperationspartner v.a. in Projekten mit ethnographischer Nutzerforschung, und Koautor einer gemeinsamen Publikation zu <a href=\"http:\/\/www.uxberlin.com\/wp-content\/uploads\/2012\/12\/2012_Value_Innovation_Breuer_Schwarz_Feller.pdf\">Value Innovation<\/a>.\n\t\t\t\t\t\t<\/div>\n\t\t\t\t<\/div>\n\t\t\t\t<div class=\"elementor-element elementor-element-363884db elementor-widget elementor-widget-text-editor\" data-id=\"363884db\" data-element_type=\"widget\" data-widget_type=\"text-editor.default\">\n\t\t\t\t<div class=\"elementor-widget-container\">\n\t\t\t\t\t\t\t<p>Carolin Alfonso, Wirtschaftsanthropologin aus Hamburg. Carolin hat Ethnologie und VWL studiert, f\u00fcr ReD Associates gearbeitet und Kunden u.a. aus der Konsumg\u00fcterindustrie und Medienwirtschaft betreut.<br \/><\/p>\t\t\t\t\t\t<\/div>\n\t\t\t\t<\/div>\n\t\t\t\t<div class=\"elementor-element elementor-element-652f21f7 elementor-widget elementor-widget-text-editor\" data-id=\"652f21f7\" data-element_type=\"widget\" data-widget_type=\"text-editor.default\">\n\t\t\t\t<div class=\"elementor-widget-container\">\n\t\t\t\t\t\t\t<p>Taneli Heinonen, unser finnischer Partner f\u00fcr Ethnographie und Nutzerforschung in Nordeuropa.<br \/><\/p>\t\t\t\t\t\t<\/div>\n\t\t\t\t<\/div>\n\t\t\t\t<div class=\"elementor-element elementor-element-a849a7a elementor-widget elementor-widget-text-editor\" data-id=\"a849a7a\" data-element_type=\"widget\" data-widget_type=\"text-editor.default\">\n\t\t\t\t<div class=\"elementor-widget-container\">\n\t\t\t\t\t\t\t<a title=\"Gabriele Heinzel\" href=\"http:\/\/gabriele-heinzel.com\/\" target=\"_blank\" rel=\"noopener noreferrer\">Gabriele Heinzel<\/a>, long term partner for graphic recording, visual facilitation, and illustration; together we conducted numerous illustrious workshops.\n\n\t\t\t\t\t\t<\/div>\n\t\t\t\t<\/div>\n\t\t\t\t<div class=\"elementor-element elementor-element-5109a954 elementor-widget elementor-widget-text-editor\" data-id=\"5109a954\" data-element_type=\"widget\" data-widget_type=\"text-editor.default\">\n\t\t\t\t<div class=\"elementor-widget-container\">\n\t\t\t\t\t\t\t<p>Prof. Dr. Frank Heidmann, Professor f\u00fcr Mensch-Computer Interaktion; Schwerpunkte der Zusammenarbeit sind Human-Centered Design und Gestaltungsmuster.<br \/><\/p>\t\t\t\t\t\t<\/div>\n\t\t\t\t<\/div>\n\t\t\t\t<div class=\"elementor-element elementor-element-7cf00131 elementor-widget elementor-widget-text-editor\" data-id=\"7cf00131\" data-element_type=\"widget\" data-widget_type=\"text-editor.default\">\n\t\t\t\t<div class=\"elementor-widget-container\">\n\t\t\t\t\t\t\t<a title=\"Bogo Vatovec\" href=\"http:\/\/www.bovacon.com\/team.htm\" target=\"_blank\" rel=\"noopener noreferrer\">Bogo Vatovec<\/a>, expert for agile and complex management tasks; our professional partner since 2005.\n\t\t\t\t\t\t<\/div>\n\t\t\t\t<\/div>\n\t\t\t\t<div class=\"elementor-element elementor-element-23464914 elementor-widget elementor-widget-text-editor\" data-id=\"23464914\" data-element_type=\"widget\" data-widget_type=\"text-editor.default\">\n\t\t\t\t<div class=\"elementor-widget-container\">\n\t\t\t\t\t\t\t\t\t\t\t\t\t<\/div>\n\t\t\t\t<\/div>\n\t\t\t\t<div class=\"elementor-element elementor-element-6c9a28ba elementor-widget elementor-widget-text-editor\" data-id=\"6c9a28ba\" data-element_type=\"widget\" data-widget_type=\"text-editor.default\">\n\t\t\t\t<div class=\"elementor-widget-container\">\n\t\t\t\t\t\t\t<p><\/p>\t\t\t\t\t\t<\/div>\n\t\t\t\t<\/div>\n\t\t\t\t\t<\/div>\n\t\t<\/div>\n\t\t\t\t\t\t\t<\/div>\n\t\t<\/section>\n\t\t\t\t<section class=\"elementor-section elementor-top-section elementor-element elementor-element-7d2c81c elementor-section-boxed elementor-section-height-default elementor-section-height-default\" data-id=\"7d2c81c\" data-element_type=\"section\">\n\t\t\t\t\t\t<div class=\"elementor-container elementor-column-gap-default\">\n\t\t\t\t\t<div class=\"elementor-column elementor-col-100 elementor-top-column elementor-element elementor-element-1be6f99\" data-id=\"1be6f99\" data-element_type=\"column\">\n\t\t\t<div class=\"elementor-widget-wrap elementor-element-populated\">\n\t\t\t\t\t\t\t\t<div class=\"elementor-element elementor-element-80aa6a6 elementor-widget elementor-widget-text-editor\" data-id=\"80aa6a6\" data-element_type=\"widget\" data-widget_type=\"text-editor.default\">\n\t\t\t\t<div class=\"elementor-widget-container\">\n\t\t\t\t\t\t\t<p>Lorem ipsum dolor sit amet, consectetur adipiscing elit. Ut elit tellus, luctus nec ullamcorper mattis, pulvinar dapibus leo.<\/p>\t\t\t\t\t\t<\/div>\n\t\t\t\t<\/div>\n\t\t\t\t\t<\/div>\n\t\t<\/div>\n\t\t\t\t\t\t\t<\/div>\n\t\t<\/section>\n\t\t\t\t\t\t\t<\/div>\n\t\t","protected":false},"excerpt":{"rendered":"<p>Wir arbeiten zusammen mit erfahrenen Gesch\u00e4ftspartnern, und Institutionen wie: Media University of Applied Sciences, Berlin Henning unterrichtet hier im englischsprachigen Master-Studiengang u.a. die von ihm entworfenen Module f\u00fcr Business Anthropology, Innovation und Entrepreneurship, Gamification for Organisations sowie Social Strategies and Transformation. Forschung und Lehre verbindet er eng mit unternehmerischen Herausforderungen. Methoden und Konzepte der Psychologie&hellip; <a class=\"more-link\" href=\"https:\/\/www.uxberlin.com\/de\/partner\/\"><span class=\"screen-reader-text\">Partner<\/span> weiterlesen<\/a><\/p>\n","protected":false},"author":2,"featured_media":0,"parent":0,"menu_order":0,"comment_status":"closed","ping_status":"closed","template":"elementor_header_footer","meta":{"footnotes":""},"_links":{"self":[{"href":"https:\/\/www.uxberlin.com\/de\/wp-json\/wp\/v2\/pages\/6207"}],"collection":[{"href":"https:\/\/www.uxberlin.com\/de\/wp-json\/wp\/v2\/pages"}],"about":[{"href":"https:\/\/www.uxberlin.com\/de\/wp-json\/wp\/v2\/types\/page"}],"author":[{"embeddable":true,"href":"https:\/\/www.uxberlin.com\/de\/wp-json\/wp\/v2\/users\/2"}],"replies":[{"embeddable":true,"href":"https:\/\/www.uxberlin.com\/de\/wp-json\/wp\/v2\/comments?post=6207"}],"version-history":[{"count":169,"href":"https:\/\/www.uxberlin.com\/de\/wp-json\/wp\/v2\/pages\/6207\/revisions"}],"predecessor-version":[{"id":9690,"href":"https:\/\/www.uxberlin.com\/de\/wp-json\/wp\/v2\/pages\/6207\/revisions\/9690"}],"wp:attachment":[{"href":"https:\/\/www.uxberlin.com\/de\/wp-json\/wp\/v2\/media?parent=6207"}],"curies":[{"name":"wp","href":"https:\/\/api.w.org\/{rel}","templated":true}]}}