{"id":6216,"date":"2023-07-05T13:14:40","date_gmt":"2023-07-05T11:14:40","guid":{"rendered":"https:\/\/www.uxberlin.com\/values-based-innovation-management-2\/"},"modified":"2025-05-13T19:10:54","modified_gmt":"2025-05-13T17:10:54","slug":"values-based-innovation-management","status":"publish","type":"page","link":"https:\/\/www.uxberlin.com\/de\/values-based-innovation-management\/","title":{"rendered":"Wertebasierte Innovation"},"content":{"rendered":"\t\t<div data-elementor-type=\"wp-page\" data-elementor-id=\"6216\" class=\"elementor elementor-6216\" data-elementor-post-type=\"page\">\n\t\t\t\t\t\t\t\t\t<section class=\"elementor-section elementor-top-section elementor-element elementor-element-3c43d392 elementor-section-height-min-height inner-banner elementor-section-boxed elementor-section-height-default elementor-section-items-middle\" data-id=\"3c43d392\" data-element_type=\"section\" data-settings=\"{&quot;background_background&quot;:&quot;classic&quot;}\">\n\t\t\t\t\t\t<div class=\"elementor-container elementor-column-gap-default\">\n\t\t\t\t\t<div class=\"elementor-column elementor-col-100 elementor-top-column elementor-element elementor-element-7024da97\" data-id=\"7024da97\" data-element_type=\"column\">\n\t\t\t<div class=\"elementor-widget-wrap elementor-element-populated\">\n\t\t\t\t\t\t\t\t\t<\/div>\n\t\t<\/div>\n\t\t\t\t\t\t\t<\/div>\n\t\t<\/section>\n\t\t\t\t<section class=\"elementor-section elementor-top-section elementor-element elementor-element-2ce53541 elementor-section-boxed elementor-section-height-default elementor-section-height-default\" data-id=\"2ce53541\" data-element_type=\"section\">\n\t\t\t\t\t\t<div class=\"elementor-container elementor-column-gap-default\">\n\t\t\t\t\t<div class=\"elementor-column elementor-col-66 elementor-top-column elementor-element elementor-element-15916a3\" data-id=\"15916a3\" data-element_type=\"column\">\n\t\t\t<div class=\"elementor-widget-wrap elementor-element-populated\">\n\t\t\t\t\t\t\t\t<div class=\"elementor-element elementor-element-648e02d7 elementor-widget elementor-widget-text-editor\" data-id=\"648e02d7\" data-element_type=\"widget\" data-widget_type=\"text-editor.default\">\n\t\t\t\t<div class=\"elementor-widget-container\">\n\t\t\t<style>\/*! elementor - v3.15.0 - 20-08-2023 *\/\n.elementor-widget-text-editor.elementor-drop-cap-view-stacked .elementor-drop-cap{background-color:#69727d;color:#fff}.elementor-widget-text-editor.elementor-drop-cap-view-framed .elementor-drop-cap{color:#69727d;border:3px solid;background-color:transparent}.elementor-widget-text-editor:not(.elementor-drop-cap-view-default) .elementor-drop-cap{margin-top:8px}.elementor-widget-text-editor:not(.elementor-drop-cap-view-default) .elementor-drop-cap-letter{width:1em;height:1em}.elementor-widget-text-editor .elementor-drop-cap{float:left;text-align:center;line-height:1;font-size:50px}.elementor-widget-text-editor .elementor-drop-cap-letter{display:inline-block}<\/style>\t\t\t\t<p>Werte sind eine kaum erschlossene Quelle f\u00fcr Innovation. Jeder Mitarbeiter und jeder Kunde entscheidet auch aufgrund von Werten, die aber selbst den Beteiligten nicht immer klar sind. Jedes Unternehmen und jede Organisation hat nicht nur ein Gesch\u00e4ftsmodell, sondern verfolgt bestimmte Werte und normative Orientierungen. In der Personalpolitik und in der Markenf\u00fchrung und Werbung werden diese Werte ber\u00fccksichtigt. F\u00fcr Fragen der Innovation und des Innovationsmanagements wurden sie bislang vernachl\u00e4ssigt. <a href=\"https:\/\/www.bloomsburyonlineresources.com\/values-based-innovation-management\" target=\"_blank\" rel=\"noopener noreferrer\">Values-Based Innovation Management<\/a> lautet daher der Titel des von Henning Breuer und <a href=\"https:\/\/luedekefreundblog.wordpress.com\/about\/\">Florian L\u00fcdeke-Freund<\/a> von der <a href=\"http:\/\/www.escpeurope.eu\" target=\"_blank\" rel=\"noopener noreferrer\">ESCP Europe<\/a> verfassten Buchs.<\/p>\t\t\t\t\t\t<\/div>\n\t\t\t\t<\/div>\n\t\t\t\t<div class=\"elementor-element elementor-element-3632b7c0 elementor-widget elementor-widget-image\" data-id=\"3632b7c0\" data-element_type=\"widget\" data-widget_type=\"image.default\">\n\t\t\t\t<div class=\"elementor-widget-container\">\n\t\t\t<style>\/*! elementor - v3.15.0 - 20-08-2023 *\/\n.elementor-widget-image{text-align:center}.elementor-widget-image a{display:inline-block}.elementor-widget-image a img[src$=\".svg\"]{width:48px}.elementor-widget-image img{vertical-align:middle;display:inline-block}<\/style>\t\t\t\t\t\t\t\t\t\t\t\t<img decoding=\"async\" loading=\"lazy\" width=\"750\" height=\"233\" src=\"https:\/\/www.uxberlin.com\/wp-content\/uploads\/2023\/07\/4.jpg\" class=\"attachment-large size-large wp-image-6217\" alt=\"\" srcset=\"https:\/\/www.uxberlin.com\/wp-content\/uploads\/2023\/07\/4.jpg 980w, https:\/\/www.uxberlin.com\/wp-content\/uploads\/2023\/07\/4-300x93.jpg 300w, https:\/\/www.uxberlin.com\/wp-content\/uploads\/2023\/07\/4-768x239.jpg 768w\" sizes=\"(max-width: 750px) 100vw, 750px\" style=\"width:100%;height:31.12%;max-width:980px\" \/>\t\t\t\t\t\t\t\t\t\t\t\t\t\t\t<\/div>\n\t\t\t\t<\/div>\n\t\t\t\t<div class=\"elementor-element elementor-element-157307ba elementor-widget elementor-widget-text-editor\" data-id=\"157307ba\" data-element_type=\"widget\" data-widget_type=\"text-editor.default\">\n\t\t\t\t<div class=\"elementor-widget-container\">\n\t\t\t\t\t\t\tWerte bieten eine Heuristik f\u00fcr die Erschlie\u00dfung neuer Gesch\u00e4ftsfelder, Orientierung f\u00fcr deren Gestaltung und Ansatzpunkte zur Integration auch widerstrebender Interessen. Sie helfen Visionen und eine Mission zu formulieren, f\u00fcr die es sich zu arbeiten lohnt. Sie tun es gerade dann, wenn es um die Gestaltung von Zukunft geht, um die Entwicklung neuer Prozesse, Produkte, Dienstleistungen, Gesch\u00e4ftsmodelle und Identit\u00e4ten von Organisationen und \u00fcbergreifenden Netzwerken. \t\t\t\t\t\t<\/div>\n\t\t\t\t<\/div>\n\t\t\t\t<div class=\"elementor-element elementor-element-73a2a9a5 elementor-widget elementor-widget-text-editor\" data-id=\"73a2a9a5\" data-element_type=\"widget\" data-widget_type=\"text-editor.default\">\n\t\t\t\t<div class=\"elementor-widget-container\">\n\t\t\t\t\t\t\t<p>Neue Strategien und Marketinginstrumente k\u00f6nnen nicht mehr hinreichend wissenschaftlich verstanden oder unternehmerisch gestaltet werden ohne diesen R\u00fcckbezug auf das, was den Beteiligten (als Kunden, Mitarbeiterinnen oder F\u00fchrungskr\u00e4ften) wichtig ist. Dies Buch unternimmt eine in dieser Form neue und einzigartige Rekonstruktion des Zusammenhangs von Werteorientierungen unterschiedlicher Anspruchsgruppen, Innovationsvorhaben und Managementaufgaben. \u00a0<\/p>\t\t\t\t\t\t<\/div>\n\t\t\t\t<\/div>\n\t\t\t\t<div class=\"elementor-element elementor-element-f203109 elementor-widget elementor-widget-text-editor\" data-id=\"f203109\" data-element_type=\"widget\" data-widget_type=\"text-editor.default\">\n\t\t\t\t<div class=\"elementor-widget-container\">\n\t\t\t\t\t\t\tMit Hilfe zahlreicher Fallstudien von Unternehmen wie IBM, Google, und Aravind entwickeln wir ein Modell wertebasierter Innovation. Wir beschreiben anhand von historischen und aktuellen Unternehmensgeschichten, welche Werte und Methoden Innovationsmanagern und Entrepreneuren zum Erfolg verholfen haben. Wir analysieren, warum andere mit ambitionierten Vorhaben gescheitert sind. Wir arbeiten den Zusammenhang heraus zwischen dem was jedem von uns wichtig ist, mit dem woran wir arbeiten. Wir zeigen neue Wege auf, sich wirtschaftlich, sozial und \u00f6kologisch nachhaltig zu bet\u00e4tigen und damit unternehmerisch Zukunft im Kleinen wie im Gro\u00dfen zu gestalten.\t\t\t\t\t\t<\/div>\n\t\t\t\t<\/div>\n\t\t\t\t<div class=\"elementor-element elementor-element-b5616ef elementor-widget elementor-widget-text-editor\" data-id=\"b5616ef\" data-element_type=\"widget\" data-widget_type=\"text-editor.default\">\n\t\t\t\t<div class=\"elementor-widget-container\">\n\t\t\t\t\t\t\t<p><strong>Fallstudien<\/strong> besch\u00e4ftigen sich mit international renommierten Vorreitern wertebasierter Innovation wie Aravind (Indien), IBM (USA), Interface (USA) oder der Otto Group (Deutschland), mit Unternehmen aus dem Umfeld des Silicon Valley wie Airbnb, Google, Netflix, Zappos, und weiteren US amerikanischen Unternehmen wie Whole Food Market und Zero Prestige, mit den Automobilherstellern Ford, General Motors, Tata, Tesla, und Volvo sowie Energieunternehmen wie BP, Lichtblick und den Beteiligten des EnERgion Projects. Diese und weitere Fallstudien sind verf\u00fcgbar auf Englisch auf der begleitenden <a href=\"https:\/\/www.bloomsburyonlineresources.com\/values-based-innovation-management\" target=\"_blank\" rel=\"noopener noreferrer\">Website zum Buch<\/a>.<\/p>\t\t\t\t\t\t<\/div>\n\t\t\t\t<\/div>\n\t\t\t\t\t<\/div>\n\t\t<\/div>\n\t\t\t\t<div class=\"elementor-column elementor-col-33 elementor-top-column elementor-element elementor-element-58f09ba2\" data-id=\"58f09ba2\" data-element_type=\"column\">\n\t\t\t<div class=\"elementor-widget-wrap elementor-element-populated\">\n\t\t\t\t\t\t\t\t<div class=\"elementor-element elementor-element-2c84b78c elementor-widget elementor-widget-text-editor\" data-id=\"2c84b78c\" data-element_type=\"widget\" data-widget_type=\"text-editor.default\">\n\t\t\t\t<div class=\"elementor-widget-container\">\n\t\t\t\t\t\t\t<span style=\"color: #d95e2d;\"><strong><a href=\"http:\/\/www.valuesbasedinnovation.com\" target=\"_blank\" rel=\"noopener noreferrer\">Materialien zum Buch<\/a><\/strong><\/span>\t\t\t\t\t\t<\/div>\n\t\t\t\t<\/div>\n\t\t\t\t<div class=\"elementor-element elementor-element-58405db1 elementor-widget elementor-widget-text-editor\" data-id=\"58405db1\" data-element_type=\"widget\" data-widget_type=\"text-editor.default\">\n\t\t\t\t<div class=\"elementor-widget-container\">\n\t\t\t\t\t\t\t<p><\/p><ul style=\"list-style-type: square;\"><li><a href=\"https:\/\/www.uxberlin.com\/wp-content\/uploads\/2023\/09\/2017_Values_Based_Innovation_Management_Chapter_1.pdf\">Inhaltsverzeichnis und Einf\u00fchrung<\/a><\/li><li><a href=\"https:\/\/www.bloomsburyonlineresources.com\/values-based-innovation-management\">Begleitende Website mit Fallstudien<\/a><\/li><li><a href=\"http:\/\/www.uxberlin.com\/wp-content\/uploads\/2016\/12\/2017_Values_Based_Innovation_Management.pdf\">Kompletter Foliensatz zum Buch<\/a> (\u00fcber die Companion Website auch als PPT)<\/li><li><a href=\"https:\/\/www.amazon.de\/Values-Based-Innovation-Management-Innovating-About\/dp\/1137516615\/\" target=\"_blank\" rel=\"noopener noreferrer\">Buch erh\u00e4ltlich auf <img decoding=\"async\" loading=\"lazy\" class=\"size-full wp-image-3974\" src=\"http:\/\/www.uxberlin.com\/wp-content\/uploads\/2016\/12\/amazon.png\" alt=\"\" width=\"20\" height=\"18\" \/> Amazon<\/a>.<\/li><\/ul><p><\/p>\t\t\t\t\t\t<\/div>\n\t\t\t\t<\/div>\n\t\t\t\t<div class=\"elementor-element elementor-element-cd79f8 elementor-widget elementor-widget-image\" data-id=\"cd79f8\" data-element_type=\"widget\" data-widget_type=\"image.default\">\n\t\t\t\t<div class=\"elementor-widget-container\">\n\t\t\t\t\t\t\t\t\t\t\t\t\t\t\t<img decoding=\"async\" loading=\"lazy\" width=\"200\" height=\"300\" src=\"https:\/\/www.uxberlin.com\/wp-content\/uploads\/2023\/07\/Buchtitel-200x300-1.jpg\" class=\"attachment-large size-large wp-image-6218\" alt=\"\" style=\"width:100%;height:150%;max-width:200px\" \/>\t\t\t\t\t\t\t\t\t\t\t\t\t\t\t<\/div>\n\t\t\t\t<\/div>\n\t\t\t\t<div class=\"elementor-element elementor-element-214ccb18 elementor-widget elementor-widget-text-editor\" data-id=\"214ccb18\" data-element_type=\"widget\" data-widget_type=\"text-editor.default\">\n\t\t\t\t<div class=\"elementor-widget-container\">\n\t\t\t\t\t\t\t<strong>Ausz\u00fcge und Pr\u00e4sentationen\n<\/strong>\t\t\t\t\t\t<\/div>\n\t\t\t\t<\/div>\n\t\t\t\t<div class=\"elementor-element elementor-element-75eecf8f elementor-widget elementor-widget-text-editor\" data-id=\"75eecf8f\" data-element_type=\"widget\" data-widget_type=\"text-editor.default\">\n\t\t\t\t<div class=\"elementor-widget-container\">\n\t\t\t\t\t\t\t<p><\/p><ul style=\"list-style-type: square;\"><li>Methoden: Eine kurze pr\u00e4zise Einf\u00fchrung in ethnographische Feldforschung (Englisch): <a href=\"http:\/\/www.uxberlin.com\/wp-content\/uploads\/2012\/12\/2016_Ethnographic_Exploration.pdf\">Ethnographic Exploration of Values<\/a><\/li><li>Ausz\u00fcge auf <a href=\"https:\/\/www.google.de\/books\/edition\/Values_Based_Innovation_Management\/byRIEAAAQBAJ\">Google Books<\/a><\/li><li><a href=\"http:\/\/www.uxberlin.com\/wp-content\/uploads\/2016\/11\/2016_Values_Based_Innovation_Avans_Short.pdf\">Avans Conference Keynote 2016<\/a><\/li><li><a href=\"http:\/\/www.uxberlin.com\/wp-content\/uploads\/2014\/10\/141009_CSR_Normative_Innovation_Compressed.pdf\">CSR Conference Presentation<\/a><\/li><\/ul><p><\/p>\t\t\t\t\t\t<\/div>\n\t\t\t\t<\/div>\n\t\t\t\t<div class=\"elementor-element elementor-element-67005f3f elementor-widget elementor-widget-text-editor\" data-id=\"67005f3f\" data-element_type=\"widget\" data-widget_type=\"text-editor.default\">\n\t\t\t\t<div class=\"elementor-widget-container\">\n\t\t\t\t\t\t\t\t\t\t\t\t\t<\/div>\n\t\t\t\t<\/div>\n\t\t\t\t<div class=\"elementor-element elementor-element-780cf9a6 elementor-widget elementor-widget-text-editor\" data-id=\"780cf9a6\" data-element_type=\"widget\" data-widget_type=\"text-editor.default\">\n\t\t\t\t<div class=\"elementor-widget-container\">\n\t\t\t\t\t\t\t<div class=\"shortcode-unorderedlist quadrat\">\n\n<strong>Weiterf\u00fchrende Literatur\n<\/strong>\n\n<\/div>\t\t\t\t\t\t<\/div>\n\t\t\t\t<\/div>\n\t\t\t\t<div class=\"elementor-element elementor-element-4d90aa94 elementor-widget elementor-widget-text-editor\" data-id=\"4d90aa94\" data-element_type=\"widget\" data-widget_type=\"text-editor.default\">\n\t\t\t\t<div class=\"elementor-widget-container\">\n\t\t\t\t\t\t\t<div class=\"shortcode-unorderedlist quadrat\"><ul><li style=\"list-style-type: none;\">\u00a0<\/li><\/ul><p><\/p><ul style=\"list-style-type: square;\"><li><a href=\"https:\/\/youtu.be\/phBUw1FYobQ?si=To2aUoCLjYuLPgFT\" target=\"_blank\" rel=\"noopener noreferrer\">SIG on Values-Based and Sustainable Innovation (video)<\/a><\/li><li><a href=\"https:\/\/ssir.org\/articles\/entry\/the_art_of_values_based_innovation_for_humanitarian_action#\" target=\"_blank\" rel=\"noopener noreferrer\">Die Kunst der wertebasierten Innovation in humantit\u00e4ren Organisationen<\/a><\/li><li><a href=\"https:\/\/www.bkconnection.com\/books\/title\/bridging-the-values-gap\" target=\"_blank\" rel=\"noopener noreferrer\">Bridging the Values Gap<\/a><\/li><li><a href=\"http:\/\/das-richtige-gruenden.de\/\" target=\"_blank\" rel=\"noopener noreferrer\">Das Richtige Gr\u00fcnden<\/a><\/li><\/ul><p><\/p><\/div>\t\t\t\t\t\t<\/div>\n\t\t\t\t<\/div>\n\t\t\t\t\t<\/div>\n\t\t<\/div>\n\t\t\t\t\t\t\t<\/div>\n\t\t<\/section>\n\t\t\t\t\t\t\t<\/div>\n\t\t","protected":false},"excerpt":{"rendered":"<p>Werte sind eine kaum erschlossene Quelle f\u00fcr Innovation. Jeder Mitarbeiter und jeder Kunde entscheidet auch aufgrund von Werten, die aber selbst den Beteiligten nicht immer klar sind. Jedes Unternehmen und jede Organisation hat nicht nur ein Gesch\u00e4ftsmodell, sondern verfolgt bestimmte Werte und normative Orientierungen. In der Personalpolitik und in der Markenf\u00fchrung und Werbung werden diese&hellip; <a class=\"more-link\" href=\"https:\/\/www.uxberlin.com\/de\/values-based-innovation-management\/\"><span class=\"screen-reader-text\">Wertebasierte Innovation<\/span> weiterlesen<\/a><\/p>\n","protected":false},"author":2,"featured_media":0,"parent":0,"menu_order":0,"comment_status":"closed","ping_status":"closed","template":"elementor_header_footer","meta":{"footnotes":""},"_links":{"self":[{"href":"https:\/\/www.uxberlin.com\/de\/wp-json\/wp\/v2\/pages\/6216"}],"collection":[{"href":"https:\/\/www.uxberlin.com\/de\/wp-json\/wp\/v2\/pages"}],"about":[{"href":"https:\/\/www.uxberlin.com\/de\/wp-json\/wp\/v2\/types\/page"}],"author":[{"embeddable":true,"href":"https:\/\/www.uxberlin.com\/de\/wp-json\/wp\/v2\/users\/2"}],"replies":[{"embeddable":true,"href":"https:\/\/www.uxberlin.com\/de\/wp-json\/wp\/v2\/comments?post=6216"}],"version-history":[{"count":67,"href":"https:\/\/www.uxberlin.com\/de\/wp-json\/wp\/v2\/pages\/6216\/revisions"}],"predecessor-version":[{"id":9451,"href":"https:\/\/www.uxberlin.com\/de\/wp-json\/wp\/v2\/pages\/6216\/revisions\/9451"}],"wp:attachment":[{"href":"https:\/\/www.uxberlin.com\/de\/wp-json\/wp\/v2\/media?parent=6216"}],"curies":[{"name":"wp","href":"https:\/\/api.w.org\/{rel}","templated":true}]}}