{"id":6265,"date":"2023-07-05T13:15:31","date_gmt":"2023-07-05T11:15:31","guid":{"rendered":"https:\/\/www.uxberlin.com\/references-2\/"},"modified":"2023-09-23T21:45:32","modified_gmt":"2023-09-23T19:45:32","slug":"references","status":"publish","type":"page","link":"https:\/\/www.uxberlin.com\/de\/references\/","title":{"rendered":"Referenzen"},"content":{"rendered":"\t\t<div data-elementor-type=\"wp-page\" data-elementor-id=\"6265\" class=\"elementor elementor-6265\" data-elementor-post-type=\"page\">\n\t\t\t\t\t\t\t\t\t<section class=\"elementor-section elementor-top-section elementor-element elementor-element-6e5044b6 elementor-section-height-min-height inner-banner elementor-section-boxed elementor-section-height-default elementor-section-items-middle\" data-id=\"6e5044b6\" data-element_type=\"section\" data-settings=\"{&quot;background_background&quot;:&quot;classic&quot;}\">\n\t\t\t\t\t\t<div class=\"elementor-container elementor-column-gap-default\">\n\t\t\t\t\t<div class=\"elementor-column elementor-col-100 elementor-top-column elementor-element elementor-element-43799fb9\" data-id=\"43799fb9\" data-element_type=\"column\">\n\t\t\t<div class=\"elementor-widget-wrap elementor-element-populated\">\n\t\t\t\t\t\t\t\t\t<\/div>\n\t\t<\/div>\n\t\t\t\t\t\t\t<\/div>\n\t\t<\/section>\n\t\t\t\t<section class=\"elementor-section elementor-top-section elementor-element elementor-element-574193d3 elementor-section-boxed elementor-section-height-default elementor-section-height-default\" data-id=\"574193d3\" data-element_type=\"section\">\n\t\t\t\t\t\t<div class=\"elementor-container elementor-column-gap-default\">\n\t\t\t\t\t<div class=\"elementor-column elementor-col-66 elementor-top-column elementor-element elementor-element-b78b068\" data-id=\"b78b068\" data-element_type=\"column\">\n\t\t\t<div class=\"elementor-widget-wrap elementor-element-populated\">\n\t\t\t\t\t\t\t\t<div class=\"elementor-element elementor-element-154bd441 elementor-widget elementor-widget-text-editor\" data-id=\"154bd441\" data-element_type=\"widget\" data-widget_type=\"text-editor.default\">\n\t\t\t\t<div class=\"elementor-widget-container\">\n\t\t\t<style>\/*! elementor - v3.15.0 - 20-08-2023 *\/\n.elementor-widget-text-editor.elementor-drop-cap-view-stacked .elementor-drop-cap{background-color:#69727d;color:#fff}.elementor-widget-text-editor.elementor-drop-cap-view-framed .elementor-drop-cap{color:#69727d;border:3px solid;background-color:transparent}.elementor-widget-text-editor:not(.elementor-drop-cap-view-default) .elementor-drop-cap{margin-top:8px}.elementor-widget-text-editor:not(.elementor-drop-cap-view-default) .elementor-drop-cap-letter{width:1em;height:1em}.elementor-widget-text-editor .elementor-drop-cap{float:left;text-align:center;line-height:1;font-size:50px}.elementor-widget-text-editor .elementor-drop-cap-letter{display:inline-block}<\/style>\t\t\t\t<p>Wir arbeiten f\u00fcr gro\u00dfe Unternehmen und Organisationen weltweit, zusammen mit Forschungsabteilungen und Innovationsverantwortlichen oder als Interimsmanager in gro\u00dfen Unternehmen. Unsere Kunden sind vorwiegend technologieorientierte Unternehmen aus Bereichen wie Telekommunikation, Informationstechnologie, Energie, Mobilit\u00e4t und Konsum.<br \/><\/p>\t\t\t\t\t\t<\/div>\n\t\t\t\t<\/div>\n\t\t\t\t<div class=\"elementor-element elementor-element-520568b2 elementor-widget elementor-widget-text-editor\" data-id=\"520568b2\" data-element_type=\"widget\" data-widget_type=\"text-editor.default\">\n\t\t\t\t<div class=\"elementor-widget-container\">\n\t\t\t\t\t\t\t\t\t\t\t\t\t<\/div>\n\t\t\t\t<\/div>\n\t\t\t\t<div class=\"elementor-element elementor-element-6303d6e elementor-widget elementor-widget-image\" data-id=\"6303d6e\" data-element_type=\"widget\" data-widget_type=\"image.default\">\n\t\t\t\t<div class=\"elementor-widget-container\">\n\t\t\t<style>\/*! elementor - v3.15.0 - 20-08-2023 *\/\n.elementor-widget-image{text-align:center}.elementor-widget-image a{display:inline-block}.elementor-widget-image a img[src$=\".svg\"]{width:48px}.elementor-widget-image img{vertical-align:middle;display:inline-block}<\/style>\t\t\t\t\t\t\t\t\t\t\t\t<img decoding=\"async\" loading=\"lazy\" width=\"750\" height=\"422\" src=\"https:\/\/www.uxberlin.com\/wp-content\/uploads\/2023\/08\/2023_UXBerlin_Clients-1024x576.png\" class=\"attachment-large size-large wp-image-7895\" alt=\"\" srcset=\"https:\/\/www.uxberlin.com\/wp-content\/uploads\/2023\/08\/2023_UXBerlin_Clients-1024x576.png 1024w, https:\/\/www.uxberlin.com\/wp-content\/uploads\/2023\/08\/2023_UXBerlin_Clients-300x169.png 300w, https:\/\/www.uxberlin.com\/wp-content\/uploads\/2023\/08\/2023_UXBerlin_Clients-768x432.png 768w, https:\/\/www.uxberlin.com\/wp-content\/uploads\/2023\/08\/2023_UXBerlin_Clients.png 1205w\" sizes=\"(max-width: 750px) 100vw, 750px\" style=\"width:100%;height:56.27%;max-width:1205px\" \/>\t\t\t\t\t\t\t\t\t\t\t\t\t\t\t<\/div>\n\t\t\t\t<\/div>\n\t\t\t\t<div class=\"elementor-element elementor-element-1e459695 elementor-widget elementor-widget-text-editor\" data-id=\"1e459695\" data-element_type=\"widget\" data-widget_type=\"text-editor.default\">\n\t\t\t\t<div class=\"elementor-widget-container\">\n\t\t\t\t\t\t\t<p><strong><\/strong><\/p>\t\t\t\t\t\t<\/div>\n\t\t\t\t<\/div>\n\t\t\t\t<div class=\"elementor-element elementor-element-77973929 elementor-widget elementor-widget-text-editor\" data-id=\"77973929\" data-element_type=\"widget\" data-widget_type=\"text-editor.default\">\n\t\t\t\t<div class=\"elementor-widget-container\">\n\t\t\t\t\t\t\t<p><\/p><ul style=\"list-style-type: square;\"><li><a href=\"https:\/\/www.tuev-nord.de\/de\/\" target=\"_blank\" rel=\"noopener noreferrer\">T\u00dcV Nord Mobilit\u00e4t<\/a>: Ethnographie zur Customer Journey und Design Sprints, Feldstudien und Prototypenentwicklung f\u00fcr eine neue Generation der Pr\u00fcfsoftware<\/li><li>Weltweiter Onlinedienstleister mit Portalen zur Jobsuche: Ethnographische Nutzerforschung mit Arbeitssuchenden in Deutschland und Frankreich<\/li><li><a href=\"https:\/\/www.lab-of-tomorrow.com\/\" target=\"_blank\" rel=\"noopener noreferrer\">GIZ Lab of Tomorrow<\/a>: Entwicklung eines Werkzeugkastens f\u00fcr nachhaltige Gesch\u00e4ftsmodelle und Impact in der Entwicklungszusammenarbeit<\/li><li><a href=\"http:\/\/www.dropbox.com\" target=\"_blank\" rel=\"noopener noreferrer\">Dropbox<\/a>: Europaweit ethnographische Nutzerforschung zur Entwicklung der Produktstrategie<\/li><li>Gro\u00dfer europ\u00e4ischer Automobilhersteller: Konzeption eines Innovationsprozesses<\/li><li>Deutsche Automobilmarke: Konzeption und Spezifikation eines Onlineshops f\u00fcr Zubeh\u00f6r gemeinsam mit Kunden<\/li><li>Einer der drei weltweit gr\u00f6\u00dften Automobilhersteller: Internationale Feldforschung zur Entwicklung der Produktstrategie Infotainment und Optimierung von Spracherkennungssystemen<\/li><li>Energieregion Norddeutschland: Zukunftswerkstatt und nachhaltigkeitsorientierte Gesch\u00e4ftsmodellierung<\/li><li><a href=\"https:\/\/laboratories.telekom.com\/\" target=\"_blank\" rel=\"noopener noreferrer\">Telekom Innovation Laboratories<\/a>: Entwicklung von F\u00e4higkeiten und Praktiken der User-Driven Innovation<\/li><li>Lufthansa Systems: Gesch\u00e4ftsmodell-Entwicklung als Modul der internen Ausbildung von High Potentials<\/li><li><a title=\"Deutsche Telekom\" href=\"http:\/\/www.telekom.com\/innovation\" target=\"_blank\" rel=\"noopener noreferrer\">Deutsche Telekom<\/a>: Technologieradar mit Schwerpunkt Japan und Korea<\/li><li>Automobil-Zubeh\u00f6r Lieferant <a href=\"https:\/\/www.kamei.de\/\" target=\"_blank\" rel=\"noopener\">Kamei<\/a>: Neuausrichtung der Innovationsstrategie<\/li><li>European Institute of Technology<\/li><li><a title=\"Media in Cooperation and Transistion\" href=\"http:\/\/www.mict-international.org\/\">MICT<\/a>: Media in Cooperation &amp; Transition<\/li><li>Deutsches Zentrum f\u00fcr Luft- und Raumfahrt: Evaluation von Fr\u00fchwarnsystemen mit Eyetracking<\/li><li>Microsoft Deutschland: Intranetenwtwicklung f\u00fcr Human Ressources<\/li><li>Vodafone: Nutzerzentrierte Gestaltung neuer Zahlungssysteme<\/li><li>Immobilienscout 24: Homepage Gestaltungsentw\u00fcrfe bewerten mit Hilfe von Eyetracking<\/li><li>Berlinale<\/li><li>Daimler &#8218;Technik &amp; Gesellschaft&#8216;: Perspektiven der Verkehrstelematik<\/li><\/ul><p><\/p>\t\t\t\t\t\t<\/div>\n\t\t\t\t<\/div>\n\t\t\t\t<div class=\"elementor-element elementor-element-210206a3 elementor-widget elementor-widget-text-editor\" data-id=\"210206a3\" data-element_type=\"widget\" data-widget_type=\"text-editor.default\">\n\t\t\t\t<div class=\"elementor-widget-container\">\n\t\t\t\t\t\t\t\t\t\t\t\t\t<\/div>\n\t\t\t\t<\/div>\n\t\t\t\t\t<\/div>\n\t\t<\/div>\n\t\t\t\t<div class=\"elementor-column elementor-col-33 elementor-top-column elementor-element elementor-element-2bff2a18\" data-id=\"2bff2a18\" data-element_type=\"column\">\n\t\t\t<div class=\"elementor-widget-wrap elementor-element-populated\">\n\t\t\t\t\t\t\t\t<div class=\"elementor-element elementor-element-7881cb12 elementor-widget elementor-widget-text-editor\" data-id=\"7881cb12\" data-element_type=\"widget\" data-widget_type=\"text-editor.default\">\n\t\t\t\t<div class=\"elementor-widget-container\">\n\t\t\t\t\t\t\t<strong>Pr\u00e4sentationen<\/strong>\t\t\t\t\t\t<\/div>\n\t\t\t\t<\/div>\n\t\t\t\t<div class=\"elementor-element elementor-element-5ea3a010 elementor-widget elementor-widget-text-editor\" data-id=\"5ea3a010\" data-element_type=\"widget\" data-widget_type=\"text-editor.default\">\n\t\t\t\t<div class=\"elementor-widget-container\">\n\t\t\t\t\t\t\t<p><\/p><ul style=\"list-style-type: square;\"><li>Values-Based Innovation for Sustainable Business Impact<\/li><li><a title=\"User-Driven Innovation\" href=\"http:\/\/www.youtube.com\/watch?feature=player_embedded&amp;v=g5VLNI4438c\" target=\"_blank\" rel=\"noopener noreferrer\">User-Driven Innovation<\/a><\/li><\/ul><p><\/p>\t\t\t\t\t\t<\/div>\n\t\t\t\t<\/div>\n\t\t\t\t<div class=\"elementor-element elementor-element-70df9793 elementor-widget elementor-widget-text-editor\" data-id=\"70df9793\" data-element_type=\"widget\" data-widget_type=\"text-editor.default\">\n\t\t\t\t<div class=\"elementor-widget-container\">\n\t\t\t\t\t\t\t<strong>Beispielhafte Ergebnisse (auf Nachfrage)\n<\/strong>\t\t\t\t\t\t<\/div>\n\t\t\t\t<\/div>\n\t\t\t\t<div class=\"elementor-element elementor-element-6cf991e4 elementor-widget elementor-widget-text-editor\" data-id=\"6cf991e4\" data-element_type=\"widget\" data-widget_type=\"text-editor.default\">\n\t\t\t\t<div class=\"elementor-widget-container\">\n\t\t\t\t\t\t\t<p><\/p><ul style=\"list-style-type: square;\"><li>Ergebnisse aus Feldstudien, Gestaltungsrichtlinien und Prototypen f\u00fcr ein Expertensystem (Inspektionssoftware)<\/li><li>Ausbildung von F\u00fchrungskr\u00e4ften und Lehrmaterial<\/li><li>Zukunftsszenarien f\u00fcr Mobilit\u00e4tsdienste und -produkte<\/li><li>Ergebnisse aus Feldstudien mit Kunden in verschiedenen europ\u00e4ischen L\u00e4ndern und Lokalisierungsrichtlinien f\u00fcr eine globale Plattform zur Arbeitssuche<\/li><\/ul><div><\/div>\t\t\t\t\t\t<\/div>\n\t\t\t\t<\/div>\n\t\t\t\t<div class=\"elementor-element elementor-element-a1c4baa elementor-widget elementor-widget-text-editor\" data-id=\"a1c4baa\" data-element_type=\"widget\" data-widget_type=\"text-editor.default\">\n\t\t\t\t<div class=\"elementor-widget-container\">\n\t\t\t\t\t\t\t\t\t\t\t\t\t<\/div>\n\t\t\t\t<\/div>\n\t\t\t\t\t<\/div>\n\t\t<\/div>\n\t\t\t\t\t\t\t<\/div>\n\t\t<\/section>\n\t\t\t\t\t\t\t<\/div>\n\t\t","protected":false},"excerpt":{"rendered":"<p>Wir arbeiten f\u00fcr gro\u00dfe Unternehmen und Organisationen weltweit, zusammen mit Forschungsabteilungen und Innovationsverantwortlichen oder als Interimsmanager in gro\u00dfen Unternehmen. Unsere Kunden sind vorwiegend technologieorientierte Unternehmen aus Bereichen wie Telekommunikation, Informationstechnologie, Energie, Mobilit\u00e4t und Konsum. T\u00dcV Nord Mobilit\u00e4t: Ethnographie zur Customer Journey und Design Sprints, Feldstudien und Prototypenentwicklung f\u00fcr eine neue Generation der Pr\u00fcfsoftware Weltweiter Onlinedienstleister&hellip; <a class=\"more-link\" href=\"https:\/\/www.uxberlin.com\/de\/references\/\"><span class=\"screen-reader-text\">Referenzen<\/span> weiterlesen<\/a><\/p>\n","protected":false},"author":2,"featured_media":0,"parent":0,"menu_order":0,"comment_status":"closed","ping_status":"closed","template":"elementor_header_footer","meta":{"footnotes":""},"_links":{"self":[{"href":"https:\/\/www.uxberlin.com\/de\/wp-json\/wp\/v2\/pages\/6265"}],"collection":[{"href":"https:\/\/www.uxberlin.com\/de\/wp-json\/wp\/v2\/pages"}],"about":[{"href":"https:\/\/www.uxberlin.com\/de\/wp-json\/wp\/v2\/types\/page"}],"author":[{"embeddable":true,"href":"https:\/\/www.uxberlin.com\/de\/wp-json\/wp\/v2\/users\/2"}],"replies":[{"embeddable":true,"href":"https:\/\/www.uxberlin.com\/de\/wp-json\/wp\/v2\/comments?post=6265"}],"version-history":[{"count":103,"href":"https:\/\/www.uxberlin.com\/de\/wp-json\/wp\/v2\/pages\/6265\/revisions"}],"predecessor-version":[{"id":8103,"href":"https:\/\/www.uxberlin.com\/de\/wp-json\/wp\/v2\/pages\/6265\/revisions\/8103"}],"wp:attachment":[{"href":"https:\/\/www.uxberlin.com\/de\/wp-json\/wp\/v2\/media?parent=6265"}],"curies":[{"name":"wp","href":"https:\/\/api.w.org\/{rel}","templated":true}]}}