{"id":6268,"date":"2023-07-05T13:15:32","date_gmt":"2023-07-05T11:15:32","guid":{"rendered":"https:\/\/www.uxberlin.com\/business-modelling-kit\/"},"modified":"2023-08-28T09:38:06","modified_gmt":"2023-08-28T07:38:06","slug":"business-modelling-kit","status":"publish","type":"page","link":"https:\/\/www.uxberlin.com\/de\/business-modelling-kit\/","title":{"rendered":"Modellierungswerkzeug"},"content":{"rendered":"\t\t<div data-elementor-type=\"wp-page\" data-elementor-id=\"6268\" class=\"elementor elementor-6268\" data-elementor-post-type=\"page\">\n\t\t\t\t\t\t\t\t\t<section class=\"elementor-section elementor-top-section elementor-element elementor-element-393f4881 elementor-section-height-min-height inner-banner elementor-section-boxed elementor-section-height-default elementor-section-items-middle\" data-id=\"393f4881\" data-element_type=\"section\" data-settings=\"{&quot;background_background&quot;:&quot;classic&quot;}\">\n\t\t\t\t\t\t<div class=\"elementor-container elementor-column-gap-default\">\n\t\t\t\t\t<div class=\"elementor-column elementor-col-100 elementor-top-column elementor-element elementor-element-787a7799\" data-id=\"787a7799\" data-element_type=\"column\">\n\t\t\t<div class=\"elementor-widget-wrap elementor-element-populated\">\n\t\t\t\t\t\t\t\t\t<\/div>\n\t\t<\/div>\n\t\t\t\t\t\t\t<\/div>\n\t\t<\/section>\n\t\t\t\t<section class=\"elementor-section elementor-top-section elementor-element elementor-element-46838598 elementor-section-boxed elementor-section-height-default elementor-section-height-default\" data-id=\"46838598\" data-element_type=\"section\">\n\t\t\t\t\t\t<div class=\"elementor-container elementor-column-gap-default\">\n\t\t\t\t\t<div class=\"elementor-column elementor-col-66 elementor-top-column elementor-element elementor-element-31b6314e\" data-id=\"31b6314e\" data-element_type=\"column\">\n\t\t\t<div class=\"elementor-widget-wrap elementor-element-populated\">\n\t\t\t\t\t\t\t\t<div class=\"elementor-element elementor-element-75b596d4 elementor-widget elementor-widget-text-editor\" data-id=\"75b596d4\" data-element_type=\"widget\" data-widget_type=\"text-editor.default\">\n\t\t\t\t<div class=\"elementor-widget-container\">\n\t\t\t<style>\/*! elementor - v3.15.0 - 20-08-2023 *\/\n.elementor-widget-text-editor.elementor-drop-cap-view-stacked .elementor-drop-cap{background-color:#69727d;color:#fff}.elementor-widget-text-editor.elementor-drop-cap-view-framed .elementor-drop-cap{color:#69727d;border:3px solid;background-color:transparent}.elementor-widget-text-editor:not(.elementor-drop-cap-view-default) .elementor-drop-cap{margin-top:8px}.elementor-widget-text-editor:not(.elementor-drop-cap-view-default) .elementor-drop-cap-letter{width:1em;height:1em}.elementor-widget-text-editor .elementor-drop-cap{float:left;text-align:center;line-height:1;font-size:50px}.elementor-widget-text-editor .elementor-drop-cap-letter{display:inline-block}<\/style>\t\t\t\t<p>Sie ben\u00f6tigen ein Team, vier Stunden Zeit und eine Idee. Wertebasiert und kundenorientiert entwickeln Sie neue Gesch\u00e4ftsideen. Die Basisvariante dieses Modellierungswerkzeugs f\u00fchrt Sie durch erste Schritte, die es bei dem Auf- oder Umbau Ihres Unternehmens zu ber\u00fccksichtigen gilt.<\/p>\t\t\t\t\t\t<\/div>\n\t\t\t\t<\/div>\n\t\t\t\t<div class=\"elementor-element elementor-element-228627a7 elementor-widget elementor-widget-image\" data-id=\"228627a7\" data-element_type=\"widget\" data-widget_type=\"image.default\">\n\t\t\t\t<div class=\"elementor-widget-container\">\n\t\t\t<style>\/*! elementor - v3.15.0 - 20-08-2023 *\/\n.elementor-widget-image{text-align:center}.elementor-widget-image a{display:inline-block}.elementor-widget-image a img[src$=\".svg\"]{width:48px}.elementor-widget-image img{vertical-align:middle;display:inline-block}<\/style>\t\t\t\t\t\t\t\t\t\t\t\t<img decoding=\"async\" loading=\"lazy\" width=\"560\" height=\"258\" src=\"https:\/\/www.uxberlin.com\/wp-content\/uploads\/2023\/07\/Starter_Kit_Open_Box-1.jpg\" class=\"attachment-large size-large wp-image-6269\" alt=\"\" srcset=\"https:\/\/www.uxberlin.com\/wp-content\/uploads\/2023\/07\/Starter_Kit_Open_Box-1.jpg 560w, https:\/\/www.uxberlin.com\/wp-content\/uploads\/2023\/07\/Starter_Kit_Open_Box-1-300x138.jpg 300w\" sizes=\"(max-width: 560px) 100vw, 560px\" style=\"width:100%;height:46.07%;max-width:560px\" \/>\t\t\t\t\t\t\t\t\t\t\t\t\t\t\t<\/div>\n\t\t\t\t<\/div>\n\t\t\t\t<div class=\"elementor-element elementor-element-666b90d1 elementor-widget elementor-widget-text-editor\" data-id=\"666b90d1\" data-element_type=\"widget\" data-widget_type=\"text-editor.default\">\n\t\t\t\t<div class=\"elementor-widget-container\">\n\t\t\t\t\t\t\t<p>Zahlreiche Workshops haben wir selbst mit dem Modellierungswerkzeug inzwischen moderiert, gedruckte Exemplare sind an Hochschulen und in Unternehmen weltweit im Einsatz. Hier finden Sie die Basisversion zum Herunterladen und Selbstdrucken. Fortgeschrittene Nutzer und professionelle Moderatorinnen und Moderatoren nutzen das <a title=\"Business Innovation Kit\" href=\"http:\/\/www.uxberlin.com\/de\/business-innovation-kit\/\">Business Innovation Kit<\/a>.<\/p>\t\t\t\t\t\t<\/div>\n\t\t\t\t<\/div>\n\t\t\t\t<div class=\"elementor-element elementor-element-15e47d83 elementor-widget elementor-widget-text-editor\" data-id=\"15e47d83\" data-element_type=\"widget\" data-widget_type=\"text-editor.default\">\n\t\t\t\t<div class=\"elementor-widget-container\">\n\t\t\t\t\t\t\t<strong>Hintergrund<\/strong>\t\t\t\t\t\t<\/div>\n\t\t\t\t<\/div>\n\t\t\t\t<div class=\"elementor-element elementor-element-65f3745f elementor-widget elementor-widget-text-editor\" data-id=\"65f3745f\" data-element_type=\"widget\" data-widget_type=\"text-editor.default\">\n\t\t\t\t<div class=\"elementor-widget-container\">\n\t\t\t\t\t\t\t<p>Das Modellierungswerkzeug fasst langj\u00e4hrige Beratungserfahrung bei der kreativen Entwicklung, vergleichenden Bewertung und Konsolidierung neuer Gesch\u00e4ftsmodelle in ein selbsterkl\u00e4rendes Format. Ein &#8222;Workshop out-of-the-box&#8220; f\u00fchrt Gr\u00fcnderteams neuer Gesch\u00e4ftsfelder durch die ersten Schritte zum wertebasierten Gesch\u00e4ftsmodell. Die systematische Variation und Erweiterung der grundlegenden Komponenten wie Wertversprechen, Kunden-Kontaktpunkte und Gesch\u00e4ftspartner hilft nicht nur, Vorhaben zu fokussieren und Investoren zu \u00fcberzeugen, sondern auch um etablierte Gesch\u00e4ftskonzepte zu optimieren. Um die Zugangsbarrieren f\u00fcr alle Beteiligten zu senken, haben wir die Inhalte einfach verst\u00e4ndlich und mit Beispielen formuliert, und Instruktionen und Ablauf in mehreren Duzend Workshops mit Gr\u00fcndern aus Hochschulen und Unternehmen \u00fcberarbeitet.<\/p><p>\u00a0<\/p><p><strong>Bitte beachten Sie:<\/strong> Das &#8222;Business Modeling Starter Kit&#8220; (wie oben abgebildet) vertreiben wir seit 2018 nicht mehr.<\/p>\t\t\t\t\t\t<\/div>\n\t\t\t\t<\/div>\n\t\t\t\t\t<\/div>\n\t\t<\/div>\n\t\t\t\t<div class=\"elementor-column elementor-col-33 elementor-top-column elementor-element elementor-element-3e6380f9\" data-id=\"3e6380f9\" data-element_type=\"column\">\n\t\t\t<div class=\"elementor-widget-wrap elementor-element-populated\">\n\t\t\t\t\t\t\t\t<div class=\"elementor-element elementor-element-7176d25b elementor-widget elementor-widget-text-editor\" data-id=\"7176d25b\" data-element_type=\"widget\" data-widget_type=\"text-editor.default\">\n\t\t\t\t<div class=\"elementor-widget-container\">\n\t\t\t\t\t\t\t<strong>Gratisdownload (Englische Version)<\/strong>\t\t\t\t\t\t<\/div>\n\t\t\t\t<\/div>\n\t\t\t\t<div class=\"elementor-element elementor-element-2ed99328 elementor-widget elementor-widget-text-editor\" data-id=\"2ed99328\" data-element_type=\"widget\" data-widget_type=\"text-editor.default\">\n\t\t\t\t<div class=\"elementor-widget-container\">\n\t\t\t\t\t\t\t<p>Die Dateien und eine Anleitung zum Druck finden Sie auf der <a href=\"http:\/\/www.uxberlin.com\/business-modelling-kit\/\" target=\"_blank\" rel=\"noopener noreferrer\">Englischsprachigen Seite (www.uxberlin.com\/business-modelling-kit)<\/a>. (Falls Ihr Browser Sie auf die Deutsche Seite zur\u00fcck bringt, wechseln Sie bitte auf &#8222;English&#8220; am Ende dieser Seite.)<\/p>\t\t\t\t\t\t<\/div>\n\t\t\t\t<\/div>\n\t\t\t\t<div class=\"elementor-element elementor-element-26953513 elementor-widget elementor-widget-text-editor\" data-id=\"26953513\" data-element_type=\"widget\" data-widget_type=\"text-editor.default\">\n\t\t\t\t<div class=\"elementor-widget-container\">\n\t\t\t\t\t\t\t<strong>Feedback und Neues auf Facebook<\/strong>\t\t\t\t\t\t<\/div>\n\t\t\t\t<\/div>\n\t\t\t\t<div class=\"elementor-element elementor-element-660499ab elementor-widget elementor-widget-text-editor\" data-id=\"660499ab\" data-element_type=\"widget\" data-widget_type=\"text-editor.default\">\n\t\t\t\t<div class=\"elementor-widget-container\">\n\t\t\t\t\t\t\t&#8218;Ein wirklich innovatives Strategietool, das verschiedene Zielgruppen \u2013 vom Studenten\nbis CEO \u2013 sehr gewinnbringend einsetzen k\u00f6nnen&#8216; (Prof. Dr. Frank Piller, RWTH Aachen). Weiteres <a\n    href=\"http:\/\/www.uxberlin.com\/de\/who-stole-the-kit\/\" title=\"hier\">Feedback finden Sie hier<\/a> und auf <a\n    href=\"https:\/\/www.facebook.com\/businessinnovationkit\" title=\"Facebook\" target=\"_blank\"\n    rel=\"noopener noreferrer\">Facebook<\/a>.\n<ul>\t\t\t\t\t\t<\/div>\n\t\t\t\t<\/div>\n\t\t\t\t<div class=\"elementor-element elementor-element-3c0911b4 elementor-widget elementor-widget-text-editor\" data-id=\"3c0911b4\" data-element_type=\"widget\" data-widget_type=\"text-editor.default\">\n\t\t\t\t<div class=\"elementor-widget-container\">\n\t\t\t\t\t\t\t<strong>Vorschau und Materialien<\/strong>\t\t\t\t\t\t<\/div>\n\t\t\t\t<\/div>\n\t\t\t\t<div class=\"elementor-element elementor-element-c57b13d elementor-widget elementor-widget-text-editor\" data-id=\"c57b13d\" data-element_type=\"widget\" data-widget_type=\"text-editor.default\">\n\t\t\t\t<div class=\"elementor-widget-container\">\n\t\t\t\t\t\t\t<ul><li><a\n        href=\"http:\/\/www.uxberlin.com\/wp-content\/uploads\/2013\/04\/moderatorenkarte_wertversprechen.pdf\">Moderatorenkarte<\/a>\n    (Beispiel)<\/li>\n<li><a href=\"http:\/\/www.uxberlin.com\/wp-content\/uploads\/2013\/01\/beispielkarte_beispiel.pdf\">Beispielkarte<\/a> (Beispiel)\n<\/li>\n<li><a href=\"http:\/\/www.uxberlin.com\/wp-content\/uploads\/2013\/04\/ereigniskarte_beispiel.pdf\">Ereigniskarte<\/a> (Beispiel)\n<\/li>\n<\/ul>\n<br>\nHier finden Sie einen <a\n    href=\"http:\/\/www.uxberlin.com\/wp-content\/uploads\/2013\/04\/Vortrag_Henning_Breuer_Geschaeftsmodelle_IAK_2014.mp3\">Vortrag\n    (Audio)<\/a> mit <a\n    href=\"http:\/\/www.uxberlin.com\/wp-content\/uploads\/2013\/04\/140523_Nutzerzentrierte_Geschaeftsmodellierung_UXBerlin.pptx.pdf\">Folien<\/a>\nzur nutzerzentrierten Gesch\u00e4ftsmodellierung, sowie einen Englischen Zeitschriftenbeitrag zum <a\n    href=\"http:\/\/dx.doi.org\/10.1142\/S1363919613400136\" title=\"Lean Venturing\">(Lean Venturing)<\/a> im <a\n    href=\"http:\/\/dx.doi.org\/10.1142\/S1363919613400136\" title=\"Lean Venturing\">International Journal of Innovation\n    Management<\/a>.\nGrundlegende Vorarbeiten k\u00f6nnen Sie in Form von Koferenzbeitr\u00e4gen herunterladen, zur Geschichte und den Basiskomponenten\nvon <a href=\"http:\/\/www.uxberlin.com\/wp-content\/uploads\/2012\/12\/2012_Business_Modeling1.pdf\">nutzergetriebener\n    Gesch\u00e4ftsmodellinnovation<\/a> und zur <a\n    href=\"http:\/\/www.uxberlin.com\/wp-content\/uploads\/2012\/12\/12_Breuer_Lean_Venturing.pdf\">schlanken Erschlie\u00dfung neuer\n    Gesch\u00e4ftsfelder<\/a>. Der Beitrag hat einen Best Paper Award von Nokia Siemens Networks beim ISPIM Symposium 2012 in\nKorea erhalten.\n\t\t\t\t\t\t<\/div>\n\t\t\t\t<\/div>\n\t\t\t\t<div class=\"elementor-element elementor-element-3c32c502 elementor-widget elementor-widget-text-editor\" data-id=\"3c32c502\" data-element_type=\"widget\" data-widget_type=\"text-editor.default\">\n\t\t\t\t<div class=\"elementor-widget-container\">\n\t\t\t\t\t\t\t<div class=\"shortcode-unorderedlist quadrat\">\n\n<strong><\/strong>\n\n<\/div>\t\t\t\t\t\t<\/div>\n\t\t\t\t<\/div>\n\t\t\t\t<div class=\"elementor-element elementor-element-59f1d2ff elementor-widget elementor-widget-text-editor\" data-id=\"59f1d2ff\" data-element_type=\"widget\" data-widget_type=\"text-editor.default\">\n\t\t\t\t<div class=\"elementor-widget-container\">\n\t\t\t\t\t\t\t<p><\/p>\t\t\t\t\t\t<\/div>\n\t\t\t\t<\/div>\n\t\t\t\t<div class=\"elementor-element elementor-element-599fccdc elementor-widget elementor-widget-text-editor\" data-id=\"599fccdc\" data-element_type=\"widget\" data-widget_type=\"text-editor.default\">\n\t\t\t\t<div class=\"elementor-widget-container\">\n\t\t\t\t\t\t\t<div class=\"shortcode-unorderedlist quadrat\">\n\n<strong>Weitere Anregungen<\/strong>\n\n<\/div>\t\t\t\t\t\t<\/div>\n\t\t\t\t<\/div>\n\t\t\t\t<div class=\"elementor-element elementor-element-77f41f00 elementor-widget elementor-widget-text-editor\" data-id=\"77f41f00\" data-element_type=\"widget\" data-widget_type=\"text-editor.default\">\n\t\t\t\t<div class=\"elementor-widget-container\">\n\t\t\t\t\t\t\t<ul>\n \t<li style=\"list-style-type: none;\">\n \t<li style=\"list-style-type: none;\">\n \t<li><a title=\"UN Global Compact Dilemma Game\" href=\"https:\/\/www.globalcompact.de\/de\/shop\/produkte\/Global-Compact-Dilemma-Spiel.php\" target=\"_blank\" rel=\"noopener noreferrer\">Walkabout your business<\/a> \/ <a title=\"Broschure\" href=\"https:\/\/youtu.be\/Cj9I-Kj-ZQI\" target=\"_blank\" rel=\"noopener noreferrer\">Video<\/a><\/li>\n \t<li><a title=\"Business Model Canvas\" href=\"http:\/\/www.businessmodelgeneration.com\/canvas\" target=\"_blank\" rel=\"noopener noreferrer\">Business Model Canvas<\/a><\/li>\n<\/ul>\n\t\t\t\t\t\t<\/div>\n\t\t\t\t<\/div>\n\t\t\t\t\t<\/div>\n\t\t<\/div>\n\t\t\t\t\t\t\t<\/div>\n\t\t<\/section>\n\t\t\t\t\t\t\t<\/div>\n\t\t","protected":false},"excerpt":{"rendered":"<p>Sie ben\u00f6tigen ein Team, vier Stunden Zeit und eine Idee. Wertebasiert und kundenorientiert entwickeln Sie neue Gesch\u00e4ftsideen. Die Basisvariante dieses Modellierungswerkzeugs f\u00fchrt Sie durch erste Schritte, die es bei dem Auf- oder Umbau Ihres Unternehmens zu ber\u00fccksichtigen gilt. Zahlreiche Workshops haben wir selbst mit dem Modellierungswerkzeug inzwischen moderiert, gedruckte Exemplare sind an Hochschulen und in&hellip; <a class=\"more-link\" href=\"https:\/\/www.uxberlin.com\/de\/business-modelling-kit\/\"><span class=\"screen-reader-text\">Modellierungswerkzeug<\/span> weiterlesen<\/a><\/p>\n","protected":false},"author":2,"featured_media":0,"parent":0,"menu_order":0,"comment_status":"closed","ping_status":"closed","template":"elementor_header_footer","meta":{"footnotes":""},"_links":{"self":[{"href":"https:\/\/www.uxberlin.com\/de\/wp-json\/wp\/v2\/pages\/6268"}],"collection":[{"href":"https:\/\/www.uxberlin.com\/de\/wp-json\/wp\/v2\/pages"}],"about":[{"href":"https:\/\/www.uxberlin.com\/de\/wp-json\/wp\/v2\/types\/page"}],"author":[{"embeddable":true,"href":"https:\/\/www.uxberlin.com\/de\/wp-json\/wp\/v2\/users\/2"}],"replies":[{"embeddable":true,"href":"https:\/\/www.uxberlin.com\/de\/wp-json\/wp\/v2\/comments?post=6268"}],"version-history":[{"count":157,"href":"https:\/\/www.uxberlin.com\/de\/wp-json\/wp\/v2\/pages\/6268\/revisions"}],"predecessor-version":[{"id":7839,"href":"https:\/\/www.uxberlin.com\/de\/wp-json\/wp\/v2\/pages\/6268\/revisions\/7839"}],"wp:attachment":[{"href":"https:\/\/www.uxberlin.com\/de\/wp-json\/wp\/v2\/media?parent=6268"}],"curies":[{"name":"wp","href":"https:\/\/api.w.org\/{rel}","templated":true}]}}