{"id":6272,"date":"2023-07-05T13:15:33","date_gmt":"2023-07-05T11:15:33","guid":{"rendered":"https:\/\/www.uxberlin.com\/sustainability-innovation-pack-2\/"},"modified":"2024-04-24T18:05:28","modified_gmt":"2024-04-24T16:05:28","slug":"sustainable-innovation-toolkits","status":"publish","type":"page","link":"https:\/\/www.uxberlin.com\/de\/sustainable-innovation-toolkits\/","title":{"rendered":"Sustainable Innovation Toolkits"},"content":{"rendered":"\t\t<div data-elementor-type=\"wp-page\" data-elementor-id=\"6272\" class=\"elementor elementor-6272\" data-elementor-post-type=\"page\">\n\t\t\t\t\t\t\t\t\t<section class=\"elementor-section elementor-top-section elementor-element elementor-element-2aa33cab elementor-section-height-min-height inner-banner elementor-section-boxed elementor-section-height-default elementor-section-items-middle\" data-id=\"2aa33cab\" data-element_type=\"section\" data-settings=\"{&quot;background_background&quot;:&quot;classic&quot;}\">\n\t\t\t\t\t\t<div class=\"elementor-container elementor-column-gap-default\">\n\t\t\t\t\t<div class=\"elementor-column elementor-col-100 elementor-top-column elementor-element elementor-element-29ad7bee\" data-id=\"29ad7bee\" data-element_type=\"column\">\n\t\t\t<div class=\"elementor-widget-wrap elementor-element-populated\">\n\t\t\t\t\t\t\t\t\t<\/div>\n\t\t<\/div>\n\t\t\t\t\t\t\t<\/div>\n\t\t<\/section>\n\t\t\t\t<section class=\"elementor-section elementor-top-section elementor-element elementor-element-dcfe846 elementor-section-boxed elementor-section-height-default elementor-section-height-default\" data-id=\"dcfe846\" data-element_type=\"section\">\n\t\t\t\t\t\t<div class=\"elementor-container elementor-column-gap-default\">\n\t\t\t\t\t<div class=\"elementor-column elementor-col-66 elementor-top-column elementor-element elementor-element-630c9360\" data-id=\"630c9360\" data-element_type=\"column\">\n\t\t\t<div class=\"elementor-widget-wrap elementor-element-populated\">\n\t\t\t\t\t\t\t\t<div class=\"elementor-element elementor-element-8205234 elementor-widget elementor-widget-text-editor\" data-id=\"8205234\" data-element_type=\"widget\" data-widget_type=\"text-editor.default\">\n\t\t\t\t<div class=\"elementor-widget-container\">\n\t\t\t<style>\/*! elementor - v3.15.0 - 20-08-2023 *\/\n.elementor-widget-text-editor.elementor-drop-cap-view-stacked .elementor-drop-cap{background-color:#69727d;color:#fff}.elementor-widget-text-editor.elementor-drop-cap-view-framed .elementor-drop-cap{color:#69727d;border:3px solid;background-color:transparent}.elementor-widget-text-editor:not(.elementor-drop-cap-view-default) .elementor-drop-cap{margin-top:8px}.elementor-widget-text-editor:not(.elementor-drop-cap-view-default) .elementor-drop-cap-letter{width:1em;height:1em}.elementor-widget-text-editor .elementor-drop-cap{float:left;text-align:center;line-height:1;font-size:50px}.elementor-widget-text-editor .elementor-drop-cap-letter{display:inline-block}<\/style>\t\t\t\t<p><strong>Karten f\u00fcr Schulungen zur Nachhaltigkeitsinnovation<\/strong><\/p>\t\t\t\t\t\t<\/div>\n\t\t\t\t<\/div>\n\t\t\t\t<div class=\"elementor-element elementor-element-ea79a57 elementor-widget elementor-widget-image\" data-id=\"ea79a57\" data-element_type=\"widget\" data-widget_type=\"image.default\">\n\t\t\t\t<div class=\"elementor-widget-container\">\n\t\t\t<style>\/*! elementor - v3.15.0 - 20-08-2023 *\/\n.elementor-widget-image{text-align:center}.elementor-widget-image a{display:inline-block}.elementor-widget-image a img[src$=\".svg\"]{width:48px}.elementor-widget-image img{vertical-align:middle;display:inline-block}<\/style>\t\t\t\t\t\t\t\t\t\t\t\t\t<a href=\"https:\/\/www.uxberlin.com\/wp-content\/uploads\/2024\/04\/SOI_Educational-Toolkit_UXBerlin.png\" data-elementor-open-lightbox=\"yes\" data-elementor-lightbox-title=\"SOI_Educational Toolkit_UXBerlin\" data-elementor-lightbox-description=\"Sustainable Innovation Practices Educational Toolkit, UXBerlin\" data-e-action-hash=\"#elementor-action%3Aaction%3Dlightbox%26settings%3DeyJpZCI6ODcwOCwidXJsIjoiaHR0cHM6XC9cL3d3dy51eGJlcmxpbi5jb21cL3dwLWNvbnRlbnRcL3VwbG9hZHNcLzIwMjRcLzA0XC9TT0lfRWR1Y2F0aW9uYWwtVG9vbGtpdF9VWEJlcmxpbi5wbmcifQ%3D%3D\">\n\t\t\t\t\t\t\t<img decoding=\"async\" loading=\"lazy\" width=\"750\" height=\"257\" src=\"https:\/\/www.uxberlin.com\/wp-content\/uploads\/2024\/04\/SOI_Educational-Toolkit_UXBerlin-768x263.png\" class=\"attachment-medium_large size-medium_large wp-image-8708\" alt=\"\" srcset=\"https:\/\/www.uxberlin.com\/wp-content\/uploads\/2024\/04\/SOI_Educational-Toolkit_UXBerlin-768x263.png 768w, https:\/\/www.uxberlin.com\/wp-content\/uploads\/2024\/04\/SOI_Educational-Toolkit_UXBerlin-300x103.png 300w, https:\/\/www.uxberlin.com\/wp-content\/uploads\/2024\/04\/SOI_Educational-Toolkit_UXBerlin-1024x351.png 1024w, https:\/\/www.uxberlin.com\/wp-content\/uploads\/2024\/04\/SOI_Educational-Toolkit_UXBerlin-1536x527.png 1536w, https:\/\/www.uxberlin.com\/wp-content\/uploads\/2024\/04\/SOI_Educational-Toolkit_UXBerlin-1568x538.png 1568w, https:\/\/www.uxberlin.com\/wp-content\/uploads\/2024\/04\/SOI_Educational-Toolkit_UXBerlin.png 1966w\" sizes=\"(max-width: 750px) 100vw, 750px\" style=\"width:100%;height:34.28%;max-width:1966px\" \/>\t\t\t\t\t\t\t\t<\/a>\n\t\t\t\t\t\t\t\t\t\t\t\t\t\t\t<\/div>\n\t\t\t\t<\/div>\n\t\t\t\t<div class=\"elementor-element elementor-element-eaad888 elementor-widget elementor-widget-text-editor\" data-id=\"eaad888\" data-element_type=\"widget\" data-widget_type=\"text-editor.default\">\n\t\t\t\t<div class=\"elementor-widget-container\">\n\t\t\t\t\t\t\t<p><\/p><p>Im Rahmen des Europ\u00e4ischen Projekts <a href=\"http:\/\/www.impact-project.site\">IMPACT <\/a>haben wir vier zertifizierte Bildungsmodule entwickelt, um gute Praktiken f\u00fcr nachhaltige Innovation und nachhaltigkeitsorientierten kulturellen Wandel zu vermitteln. Vier Kartensets f\u00fcr P\u00e4dagogen und Ausbilder unterst\u00fctzen die Vermittlung von Inhalten und Methoden:<br \/>1. Ethnographie mit Stakeholdern (<a data-e-Disable-Page-Transition=\"true\" class=\"download-link\" title=\"Version 1\" href=\"https:\/\/www.uxberlin.com\/de\/download\/rapid-inquiry-of-stakeholder-values\/?tmstv=1776674101\" rel=\"nofollow\">\n\tRapid Inquiry of Stakeholder Values<\/a> oder <a data-e-Disable-Page-Transition=\"true\" class=\"download-link\" title=\"\" href=\"https:\/\/www.uxberlin.com\/de\/download\/rapid-inquiry-of-stakeholder-values-print\/?tmstv=1776674101\" rel=\"nofollow\">\n\t(English) Rapid Inquiry of Stakeholder Values (Print)<\/a>)<\/p><p>2. Einf\u00fchrung in die unternehmerische Nachhaltigkeit f\u00fcr Studierende<br \/>3. Nachhaltigkeitsorientierte Kommunikation in Organisationen<br \/>4. Soziale Folgenabsch\u00e4tzung eines Wiederaufbereitungsprojekts<br \/>Laden Sie das Toolkit (<a data-e-Disable-Page-Transition=\"true\" class=\"download-link\" title=\"Version 1\" href=\"https:\/\/www.uxberlin.com\/de\/download\/sustainable-innovation-educational-toolkit-uxberlin-pdf\/?tmstv=1776674101\" rel=\"nofollow\">\n\tSustainable Innovation Educational Toolkit<\/a> oder <a data-e-Disable-Page-Transition=\"true\" class=\"download-link\" title=\"\" href=\"https:\/\/www.uxberlin.com\/de\/download\/sustainable-innovation-practises-educational-toolkit-print\/?tmstv=1776674101\" rel=\"nofollow\">\n\t(English) Sustainable Innovation Practices Educational Toolkit (Print)<\/a>) herunter und nutzen Sie es f\u00fcr Ihren Unterricht oder Ihre Fortbildungen. Bitte kontaktieren Sie uns bei Fragen &#8211; wir freuen uns sehr \u00fcber Ihr Feedback! <\/p>\t\t\t\t\t\t<\/div>\n\t\t\t\t<\/div>\n\t\t\t\t<div class=\"elementor-element elementor-element-315f4a08 elementor-widget elementor-widget-text-editor\" data-id=\"315f4a08\" data-element_type=\"widget\" data-widget_type=\"text-editor.default\">\n\t\t\t\t<div class=\"elementor-widget-container\">\n\t\t\t\t\t\t\t<p><strong>Karten zur Nachhaltigkeitsinnovation<\/strong><\/p>\t\t\t\t\t\t<\/div>\n\t\t\t\t<\/div>\n\t\t\t\t<div class=\"elementor-element elementor-element-7f8a98b elementor-widget elementor-widget-image\" data-id=\"7f8a98b\" data-element_type=\"widget\" data-widget_type=\"image.default\">\n\t\t\t\t<div class=\"elementor-widget-container\">\n\t\t\t\t\t\t\t\t\t\t\t\t\t\t\t<img decoding=\"async\" loading=\"lazy\" width=\"750\" height=\"257\" src=\"https:\/\/www.uxberlin.com\/wp-content\/uploads\/2024\/04\/SOI_Practices_Toolkit_UXBerlin-768x263.png\" class=\"attachment-medium_large size-medium_large wp-image-8707\" alt=\"Sustainable Innovation Practices Toolkit\" srcset=\"https:\/\/www.uxberlin.com\/wp-content\/uploads\/2024\/04\/SOI_Practices_Toolkit_UXBerlin-768x263.png 768w, https:\/\/www.uxberlin.com\/wp-content\/uploads\/2024\/04\/SOI_Practices_Toolkit_UXBerlin-300x103.png 300w, https:\/\/www.uxberlin.com\/wp-content\/uploads\/2024\/04\/SOI_Practices_Toolkit_UXBerlin-1024x351.png 1024w, https:\/\/www.uxberlin.com\/wp-content\/uploads\/2024\/04\/SOI_Practices_Toolkit_UXBerlin-1536x526.png 1536w, https:\/\/www.uxberlin.com\/wp-content\/uploads\/2024\/04\/SOI_Practices_Toolkit_UXBerlin-1568x537.png 1568w, https:\/\/www.uxberlin.com\/wp-content\/uploads\/2024\/04\/SOI_Practices_Toolkit_UXBerlin.png 1966w\" sizes=\"(max-width: 750px) 100vw, 750px\" style=\"width:100%;height:34.23%;max-width:1966px\" \/>\t\t\t\t\t\t\t\t\t\t\t\t\t\t\t<\/div>\n\t\t\t\t<\/div>\n\t\t\t\t<div class=\"elementor-element elementor-element-345cf6bb elementor-widget elementor-widget-text-editor\" data-id=\"345cf6bb\" data-element_type=\"widget\" data-widget_type=\"text-editor.default\">\n\t\t\t\t<div class=\"elementor-widget-container\">\n\t\t\t\t\t\t\t<p><\/p><p>Ein kartenbasiertes Toolkit hilft Unternehmen bei der Entwicklung einer nachhaltigen Innovationskultur. Vier Teile sind jetzt frei verf\u00fcgbar:<br \/>1. Fragen zur Kl\u00e4rung grundlegender Fragen rund um das Thema Nachhaltigkeit<br \/>2. Ein Workshop zur nachhaltigkeitsorientierten Kommunikation<br \/>3. Ein Workshop zur Formalisierung nachhaltigkeitsorientierter Praktiken<br \/>4. Unser Workshop zur Entwicklung nachhaltiger \u00d6kosysteme (<a data-e-Disable-Page-Transition=\"true\" class=\"download-link\" title=\"\" href=\"https:\/\/www.uxberlin.com\/de\/download\/sustainable-ecosystem-development-cards-uxberlin\/?tmstv=1776674101\" rel=\"nofollow\">\n\tSustainable Ecosystem Development Cards<\/a> oder <a data-e-Disable-Page-Transition=\"true\" class=\"download-link\" title=\"\" href=\"https:\/\/www.uxberlin.com\/de\/download\/sustainable-ecosystem-development-cards-print\/?tmstv=1776674101\" rel=\"nofollow\">\n\t(English) Sustainable Ecosystem Development Cards (Print)<\/a>)<br \/>Laden Sie das gesamte Toolkit herunter (<a data-e-Disable-Page-Transition=\"true\" class=\"download-link\" title=\"Version 1\" href=\"https:\/\/www.uxberlin.com\/de\/download\/sustainable-innovation-practices-toolkit-uxberlin-pdf\/?tmstv=1776674101\" rel=\"nofollow\">\n\tSustainable Innovation Practices Toolkit<\/a> oder <a data-e-Disable-Page-Transition=\"true\" class=\"download-link\" title=\"\" href=\"https:\/\/www.uxberlin.com\/de\/download\/sustainable-innovation-practices-toolkit-print\/?tmstv=1776674101\" rel=\"nofollow\">\n\t(English) Sustainable Innovation Practices Toolkit (Print)<\/a>) und nutzen Sie es, um Ihre Strategien f\u00fcr nachhaltige Innovation in die t\u00e4gliche Praxis umzusetzen. Bitte kontaktieren Sie uns bei Fragen &#8211; wir freuen uns sehr \u00fcber Ihr Feedback!<\/p>\t\t\t\t\t\t<\/div>\n\t\t\t\t<\/div>\n\t\t\t\t<div class=\"elementor-element elementor-element-9ac5edc elementor-widget elementor-widget-text-editor\" data-id=\"9ac5edc\" data-element_type=\"widget\" data-widget_type=\"text-editor.default\">\n\t\t\t\t<div class=\"elementor-widget-container\">\n\t\t\t\t\t\t\t<p><strong><\/strong><strong>Sustainability Innovation Pack<\/strong><strong><\/strong><\/p>\t\t\t\t\t\t<\/div>\n\t\t\t\t<\/div>\n\t\t\t\t<div class=\"elementor-element elementor-element-f5faf61 elementor-widget elementor-widget-image\" data-id=\"f5faf61\" data-element_type=\"widget\" data-widget_type=\"image.default\">\n\t\t\t\t<div class=\"elementor-widget-container\">\n\t\t\t\t\t\t\t\t\t\t\t\t\t\t\t\t<a href=\"https:\/\/www.uxberlin.com\/wp-content\/uploads\/2024\/04\/Sustainability_Business_Cards_UXBerlin.png\" data-elementor-open-lightbox=\"yes\" data-elementor-lightbox-title=\"Sustainability_Business_Cards_UXBerlin\" data-elementor-lightbox-description=\"Sustainable Business Case Drivers and Maturity Cards, UXBerlin\" data-e-action-hash=\"#elementor-action%3Aaction%3Dlightbox%26settings%3DeyJpZCI6ODcyNCwidXJsIjoiaHR0cHM6XC9cL3d3dy51eGJlcmxpbi5jb21cL3dwLWNvbnRlbnRcL3VwbG9hZHNcLzIwMjRcLzA0XC9TdXN0YWluYWJpbGl0eV9CdXNpbmVzc19DYXJkc19VWEJlcmxpbi5wbmcifQ%3D%3D\">\n\t\t\t\t\t\t\t<img decoding=\"async\" loading=\"lazy\" width=\"750\" height=\"260\" src=\"https:\/\/www.uxberlin.com\/wp-content\/uploads\/2024\/04\/Sustainability_Business_Cards_UXBerlin-768x266.png\" class=\"attachment-medium_large size-medium_large wp-image-8724\" alt=\"\" srcset=\"https:\/\/www.uxberlin.com\/wp-content\/uploads\/2024\/04\/Sustainability_Business_Cards_UXBerlin-768x266.png 768w, https:\/\/www.uxberlin.com\/wp-content\/uploads\/2024\/04\/Sustainability_Business_Cards_UXBerlin-300x104.png 300w, https:\/\/www.uxberlin.com\/wp-content\/uploads\/2024\/04\/Sustainability_Business_Cards_UXBerlin-1024x354.png 1024w, https:\/\/www.uxberlin.com\/wp-content\/uploads\/2024\/04\/Sustainability_Business_Cards_UXBerlin-1536x531.png 1536w, https:\/\/www.uxberlin.com\/wp-content\/uploads\/2024\/04\/Sustainability_Business_Cards_UXBerlin-1568x543.png 1568w, https:\/\/www.uxberlin.com\/wp-content\/uploads\/2024\/04\/Sustainability_Business_Cards_UXBerlin.png 1945w\" sizes=\"(max-width: 750px) 100vw, 750px\" style=\"width:100%;height:34.6%;max-width:1945px\" \/>\t\t\t\t\t\t\t\t<\/a>\n\t\t\t\t\t\t\t\t\t\t\t\t\t\t\t<\/div>\n\t\t\t\t<\/div>\n\t\t\t\t<div class=\"elementor-element elementor-element-f885edb elementor-widget elementor-widget-text-editor\" data-id=\"f885edb\" data-element_type=\"widget\" data-widget_type=\"text-editor.default\">\n\t\t\t\t<div class=\"elementor-widget-container\">\n\t\t\t\t\t\t\t<p><\/p><p>Das <a href=\"https:\/\/www.uxberlin.com\/wp-content\/uploads\/2023\/10\/Sustainability_Innovation_Cards_Print.pdf\">Sustainability Innovation Pack<\/a> (ein zentraler Bestandteil des <a href=\"http:\/\/www.uxberlin.com\/business-innovation-kit\/\">Business Innovation Kit<\/a>) unterst\u00fctzt Innovatoren dabei, nicht nur wirtschaftlich tragf\u00e4hige, sondern zugleich auch nachhaltigkeitsorientierte Gesch\u00e4ftsmodelle zu entwickeln. Eine \u00dcbung dient der Einordnung des eigenen Vorhabens in f\u00fcnf verschiedene Reifegrade nachhaltigkeitsorientierter Innovation. In einem zweiten Schritt werden Treiber f\u00fcr Gesch\u00e4ftsf\u00e4lle (Business Cases) angeboten, mit deren Hilfe die Gesch\u00e4ftsidee und das Gesch\u00e4ftmodell mit seinen Komponenten nachhaltigkeitsorientiert weiterentwickelt werden kann. Das Sustainability Innovation Pack liegt derzeit ausschlie\u00dflich auf Englisch vor.<\/p>\t\t\t\t\t\t<\/div>\n\t\t\t\t<\/div>\n\t\t\t\t<div class=\"elementor-element elementor-element-1d25957 elementor-widget elementor-widget-text-editor\" data-id=\"1d25957\" data-element_type=\"widget\" data-widget_type=\"text-editor.default\">\n\t\t\t\t<div class=\"elementor-widget-container\">\n\t\t\t\t\t\t\t<p><strong><\/strong><\/p><p><\/p>\t\t\t\t\t\t<\/div>\n\t\t\t\t<\/div>\n\t\t\t\t<div class=\"elementor-element elementor-element-34c0f76 elementor-widget elementor-widget-text-editor\" data-id=\"34c0f76\" data-element_type=\"widget\" data-widget_type=\"text-editor.default\">\n\t\t\t\t<div class=\"elementor-widget-container\">\n\t\t\t\t\t\t\t<p><strong><br \/><\/strong><\/p>\t\t\t\t\t\t<\/div>\n\t\t\t\t<\/div>\n\t\t\t\t\t<\/div>\n\t\t<\/div>\n\t\t\t\t<div class=\"elementor-column elementor-col-33 elementor-top-column elementor-element elementor-element-366e6b94\" data-id=\"366e6b94\" data-element_type=\"column\">\n\t\t\t<div class=\"elementor-widget-wrap elementor-element-populated\">\n\t\t\t\t\t\t\t\t<div class=\"elementor-element elementor-element-32f2f977 elementor-widget elementor-widget-text-editor\" data-id=\"32f2f977\" data-element_type=\"widget\" data-widget_type=\"text-editor.default\">\n\t\t\t\t<div class=\"elementor-widget-container\">\n\t\t\t\t\t\t\t<p><strong>Weitere Materialien und Referenzen<\/strong><\/p>\t\t\t\t\t\t<\/div>\n\t\t\t\t<\/div>\n\t\t\t\t<div class=\"elementor-element elementor-element-37657173 elementor-widget elementor-widget-text-editor\" data-id=\"37657173\" data-element_type=\"widget\" data-widget_type=\"text-editor.default\">\n\t\t\t\t<div class=\"elementor-widget-container\">\n\t\t\t\t\t\t\t<div><p>L\u00fcdeke-Freund, F., Breuer, H., Massa, L. (2022). <a href=\"https:\/\/www.sustainablebusiness.design\/\" target=\"_blank\" rel=\"noopener\">Sustainable Business Model Design \u2013 45 Patterns.<\/a> Berlin: Selbstverlag.<\/p><\/div>\t\t\t\t\t\t<\/div>\n\t\t\t\t<\/div>\n\t\t\t\t<div class=\"elementor-element elementor-element-202eaf5 elementor-widget elementor-widget-text-editor\" data-id=\"202eaf5\" data-element_type=\"widget\" data-widget_type=\"text-editor.default\">\n\t\t\t\t<div class=\"elementor-widget-container\">\n\t\t\t\t\t\t\t<div><p><img decoding=\"async\" loading=\"lazy\" class=\"alignleft size-full wp-image-8738\" src=\"https:\/\/www.uxberlin.com\/wp-content\/uploads\/2024\/04\/BookCoverCardsV2.png\" alt=\"\" width=\"1000\" height=\"562\" srcset=\"https:\/\/www.uxberlin.com\/wp-content\/uploads\/2024\/04\/BookCoverCardsV2.png 1000w, https:\/\/www.uxberlin.com\/wp-content\/uploads\/2024\/04\/BookCoverCardsV2-300x169.png 300w, https:\/\/www.uxberlin.com\/wp-content\/uploads\/2024\/04\/BookCoverCardsV2-768x432.png 768w\" sizes=\"(max-width: 1000px) 100vw, 1000px\" \/><\/p><\/div>\t\t\t\t\t\t<\/div>\n\t\t\t\t<\/div>\n\t\t\t\t<div class=\"elementor-element elementor-element-4c80414 elementor-widget elementor-widget-text-editor\" data-id=\"4c80414\" data-element_type=\"widget\" data-widget_type=\"text-editor.default\">\n\t\t\t\t<div class=\"elementor-widget-container\">\n\t\t\t\t\t\t\t<div><p>Breuer, H., Bessant, J. &amp; Gudiksen, S. (2022). <a href=\"https:\/\/www.degruyter.com\/document\/isbn\/9783110725582\/html\" target=\"_blank\" rel=\"noopener\">Gamification for Innovator and Entrepreneurs. Using Games to Drive Innovation and Facilitate Learning<\/a>. London: deGruyter (with <a href=\"https:\/\/www.uxberlin.com\/de\/gamification-and-new-methods\/\">Gamification Design Pattern Cards<\/a> to download).<\/p><\/div>\t\t\t\t\t\t<\/div>\n\t\t\t\t<\/div>\n\t\t\t\t<div class=\"elementor-element elementor-element-99df1fc elementor-widget elementor-widget-image\" data-id=\"99df1fc\" data-element_type=\"widget\" data-widget_type=\"image.default\">\n\t\t\t\t<div class=\"elementor-widget-container\">\n\t\t\t\t\t\t\t\t\t\t\t\t\t\t\t\t<a href=\"https:\/\/www.uxberlin.com\/wp-content\/uploads\/2024\/04\/Gamification_Design_Pattern_Cards_UXBerlin.png\" data-elementor-open-lightbox=\"yes\" data-elementor-lightbox-title=\"Gamification_Design_Pattern_Cards_UXBerlin\" data-elementor-lightbox-description=\"Gamification Design Pattern Cards, UXBerlin\" data-e-action-hash=\"#elementor-action%3Aaction%3Dlightbox%26settings%3DeyJpZCI6ODc2OCwidXJsIjoiaHR0cHM6XC9cL3d3dy51eGJlcmxpbi5jb21cL3dwLWNvbnRlbnRcL3VwbG9hZHNcLzIwMjRcLzA0XC9HYW1pZmljYXRpb25fRGVzaWduX1BhdHRlcm5fQ2FyZHNfVVhCZXJsaW4ucG5nIn0%3D\">\n\t\t\t\t\t\t\t<img decoding=\"async\" loading=\"lazy\" width=\"750\" height=\"491\" src=\"https:\/\/www.uxberlin.com\/wp-content\/uploads\/2024\/04\/Gamification_Design_Pattern_Cards_UXBerlin-1024x671.png\" class=\"attachment-large size-large wp-image-8768\" alt=\"\" srcset=\"https:\/\/www.uxberlin.com\/wp-content\/uploads\/2024\/04\/Gamification_Design_Pattern_Cards_UXBerlin-1024x671.png 1024w, https:\/\/www.uxberlin.com\/wp-content\/uploads\/2024\/04\/Gamification_Design_Pattern_Cards_UXBerlin-300x197.png 300w, https:\/\/www.uxberlin.com\/wp-content\/uploads\/2024\/04\/Gamification_Design_Pattern_Cards_UXBerlin-768x503.png 768w, https:\/\/www.uxberlin.com\/wp-content\/uploads\/2024\/04\/Gamification_Design_Pattern_Cards_UXBerlin-1536x1007.png 1536w, https:\/\/www.uxberlin.com\/wp-content\/uploads\/2024\/04\/Gamification_Design_Pattern_Cards_UXBerlin.png 1553w\" sizes=\"(max-width: 750px) 100vw, 750px\" style=\"width:100%;height:65.55%;max-width:1553px\" \/>\t\t\t\t\t\t\t\t<\/a>\n\t\t\t\t\t\t\t\t\t\t\t\t\t\t\t<\/div>\n\t\t\t\t<\/div>\n\t\t\t\t<div class=\"elementor-element elementor-element-4586265c elementor-widget elementor-widget-text-editor\" data-id=\"4586265c\" data-element_type=\"widget\" data-widget_type=\"text-editor.default\">\n\t\t\t\t<div class=\"elementor-widget-container\">\n\t\t\t\t\t\t\t<div class=\"shortcode-unorderedlist quadrat\"><div class=\"shortcode-unorderedlist quadrat\"><p>Breuer, H. &amp; L\u00fcdeke-Freund, F. (2017). <a href=\"https:\/\/www.bloomsbury.com\/uk\/valuesbased-innovation-management-9781137516619\/\" target=\"_blank\" rel=\"noopener\">Values-Based Innovation Management \u2013 Innovating by What We Care About.<\/a> Houndmills: Palgrave.<\/p><\/div><\/div>\t\t\t\t\t\t<\/div>\n\t\t\t\t<\/div>\n\t\t\t\t<div class=\"elementor-element elementor-element-2dee0f81 elementor-widget elementor-widget-text-editor\" data-id=\"2dee0f81\" data-element_type=\"widget\" data-widget_type=\"text-editor.default\">\n\t\t\t\t<div class=\"elementor-widget-container\">\n\t\t\t\t\t\t\t<div class=\"shortcode-unorderedlist quadrat\">\n<div class=\"shortcode-unorderedlist quadrat\">\n<div class=\"shortcode-unorderedlist quadrat\">\n\nBreuer, H. &#038; L\u00fcdeke-Freund, F. (2017). <a href=\"https:\/\/goo.gl\/dVFC7H\" target=\"_blank\"\n    rel=\"noopener\">Values-Based Network and Business Model Innovation<\/a>, International Journal of Innovation\nManagement, Vol. 21, No. 3, Article 1750028. \n\n<\/div>\n<\/div>\n<\/div>\t\t\t\t\t\t<\/div>\n\t\t\t\t<\/div>\n\t\t\t\t<div class=\"elementor-element elementor-element-53576113 elementor-widget elementor-widget-text-editor\" data-id=\"53576113\" data-element_type=\"widget\" data-widget_type=\"text-editor.default\">\n\t\t\t\t<div class=\"elementor-widget-container\">\n\t\t\t\t\t\t\t<div class=\"shortcode-unorderedlist quadrat\">\n<div class=\"shortcode-unorderedlist quadrat\">\n\nSchaltegger, S.; L\u00fcdeke-Freund, F. &#038; Hansen, E. (2012). <a\n    href=\"https:\/\/www.researchgate.net\/publication\/256013169_Business_Cases_for_Sustainability_The_Role_of_Business_Model_Innovation_for_Corporate_Sustainability\"\n    title=\"Business Cases for Sustainability\" target=\"_blank\" rel=\"noopener\">Business Cases for Sustainability<\/a>: The\nRole of Business Model Innovation for Corporate Sustainability, Int. Journal of Innovation and Sustainable Development,\nVol. 6, No. 2, pp. 95-119.\n\n<\/div>\n<\/div>\t\t\t\t\t\t<\/div>\n\t\t\t\t<\/div>\n\t\t\t\t\t<\/div>\n\t\t<\/div>\n\t\t\t\t\t\t\t<\/div>\n\t\t<\/section>\n\t\t\t\t<section class=\"elementor-section elementor-top-section elementor-element elementor-element-5f878e2 elementor-section-boxed elementor-section-height-default elementor-section-height-default\" data-id=\"5f878e2\" data-element_type=\"section\">\n\t\t\t\t\t\t<div class=\"elementor-container elementor-column-gap-default\">\n\t\t\t\t\t<div class=\"elementor-column elementor-col-100 elementor-top-column elementor-element elementor-element-d19caf1\" data-id=\"d19caf1\" data-element_type=\"column\">\n\t\t\t<div class=\"elementor-widget-wrap\">\n\t\t\t\t\t\t\t\t\t<\/div>\n\t\t<\/div>\n\t\t\t\t\t\t\t<\/div>\n\t\t<\/section>\n\t\t\t\t\t\t\t<\/div>\n\t\t","protected":false},"excerpt":{"rendered":"<p>Karten f\u00fcr Schulungen zur Nachhaltigkeitsinnovation Im Rahmen des Europ\u00e4ischen Projekts IMPACT haben wir vier zertifizierte Bildungsmodule entwickelt, um gute Praktiken f\u00fcr nachhaltige Innovation und nachhaltigkeitsorientierten kulturellen Wandel zu vermitteln. Vier Kartensets f\u00fcr P\u00e4dagogen und Ausbilder unterst\u00fctzen die Vermittlung von Inhalten und Methoden:1. Ethnographie mit Stakeholdern ( oder ) 2. Einf\u00fchrung in die unternehmerische Nachhaltigkeit f\u00fcr&hellip; <a class=\"more-link\" href=\"https:\/\/www.uxberlin.com\/de\/sustainable-innovation-toolkits\/\"><span class=\"screen-reader-text\">Sustainable Innovation Toolkits<\/span> weiterlesen<\/a><\/p>\n","protected":false},"author":2,"featured_media":0,"parent":0,"menu_order":0,"comment_status":"closed","ping_status":"closed","template":"elementor_header_footer","meta":{"footnotes":""},"_links":{"self":[{"href":"https:\/\/www.uxberlin.com\/de\/wp-json\/wp\/v2\/pages\/6272"}],"collection":[{"href":"https:\/\/www.uxberlin.com\/de\/wp-json\/wp\/v2\/pages"}],"about":[{"href":"https:\/\/www.uxberlin.com\/de\/wp-json\/wp\/v2\/types\/page"}],"author":[{"embeddable":true,"href":"https:\/\/www.uxberlin.com\/de\/wp-json\/wp\/v2\/users\/2"}],"replies":[{"embeddable":true,"href":"https:\/\/www.uxberlin.com\/de\/wp-json\/wp\/v2\/comments?post=6272"}],"version-history":[{"count":332,"href":"https:\/\/www.uxberlin.com\/de\/wp-json\/wp\/v2\/pages\/6272\/revisions"}],"predecessor-version":[{"id":8783,"href":"https:\/\/www.uxberlin.com\/de\/wp-json\/wp\/v2\/pages\/6272\/revisions\/8783"}],"wp:attachment":[{"href":"https:\/\/www.uxberlin.com\/de\/wp-json\/wp\/v2\/media?parent=6272"}],"curies":[{"name":"wp","href":"https:\/\/api.w.org\/{rel}","templated":true}]}}