{"id":6277,"date":"2023-07-05T13:15:46","date_gmt":"2023-07-05T11:15:46","guid":{"rendered":"https:\/\/www.uxberlin.com\/business-innovation-kit\/"},"modified":"2025-12-23T14:56:51","modified_gmt":"2025-12-23T12:56:51","slug":"business-innovation-kit","status":"publish","type":"page","link":"https:\/\/www.uxberlin.com\/de\/business-innovation-kit\/","title":{"rendered":"Business Innovation Kit"},"content":{"rendered":"\t\t<div data-elementor-type=\"wp-page\" data-elementor-id=\"6277\" class=\"elementor elementor-6277\" data-elementor-post-type=\"page\">\n\t\t\t\t\t\t\t\t\t<section class=\"elementor-section elementor-top-section elementor-element elementor-element-94d3fe elementor-section-height-min-height inner-banner elementor-section-boxed elementor-section-height-default elementor-section-items-middle\" data-id=\"94d3fe\" data-element_type=\"section\" data-settings=\"{&quot;background_background&quot;:&quot;classic&quot;}\">\n\t\t\t\t\t\t<div class=\"elementor-container elementor-column-gap-default\">\n\t\t\t\t\t<div class=\"elementor-column elementor-col-100 elementor-top-column elementor-element elementor-element-65e19652\" data-id=\"65e19652\" data-element_type=\"column\">\n\t\t\t<div class=\"elementor-widget-wrap elementor-element-populated\">\n\t\t\t\t\t\t\t\t\t<\/div>\n\t\t<\/div>\n\t\t\t\t\t\t\t<\/div>\n\t\t<\/section>\n\t\t\t\t<section class=\"elementor-section elementor-top-section elementor-element elementor-element-15ecd9fe elementor-section-boxed elementor-section-height-default elementor-section-height-default\" data-id=\"15ecd9fe\" data-element_type=\"section\">\n\t\t\t\t\t\t<div class=\"elementor-container elementor-column-gap-default\">\n\t\t\t\t\t<div class=\"elementor-column elementor-col-66 elementor-top-column elementor-element elementor-element-39c1c115\" data-id=\"39c1c115\" data-element_type=\"column\">\n\t\t\t<div class=\"elementor-widget-wrap elementor-element-populated\">\n\t\t\t\t\t\t\t\t<div class=\"elementor-element elementor-element-405220eb elementor-widget elementor-widget-text-editor\" data-id=\"405220eb\" data-element_type=\"widget\" data-widget_type=\"text-editor.default\">\n\t\t\t\t<div class=\"elementor-widget-container\">\n\t\t\t<style>\/*! elementor - v3.15.0 - 20-08-2023 *\/\n.elementor-widget-text-editor.elementor-drop-cap-view-stacked .elementor-drop-cap{background-color:#69727d;color:#fff}.elementor-widget-text-editor.elementor-drop-cap-view-framed .elementor-drop-cap{color:#69727d;border:3px solid;background-color:transparent}.elementor-widget-text-editor:not(.elementor-drop-cap-view-default) .elementor-drop-cap{margin-top:8px}.elementor-widget-text-editor:not(.elementor-drop-cap-view-default) .elementor-drop-cap-letter{width:1em;height:1em}.elementor-widget-text-editor .elementor-drop-cap{float:left;text-align:center;line-height:1;font-size:50px}.elementor-widget-text-editor .elementor-drop-cap-letter{display:inline-block}<\/style>\t\t\t\t<p>Ein Werkzeugkasten verschiedener Methoden unterst\u00fctzt Moderatoren, erfahrene Gr\u00fcnderteams, Innovatoren bei der Reflektion geteilter Werte und der Entwicklung wertebasierter Gesch\u00e4ftsmodelle &#8211; Einsteiger nutzen das <a href=\"http:\/\/www.uxberlin.com\/business-modelling-kit\/\" target=\"_blank\" rel=\"noopener noreferrer\">selbsterkl\u00e4rende Modellierungswerkzeug <\/a>(Business Modelling Kit). Eine Sammlung von Moderationskarten f\u00fchrt Sie durch die zentralen Aspekte, die es beim wertebasierten Auf- oder Umbau Ihres Unternehmens zu ber\u00fccksichtigen gilt. Im Team erarbeiten und differenzieren Sie gemeinsame Wertvorstellungen, m\u00f6gliche Ertragsmodelle, Potentiale nachhaltiger Gesch\u00e4ftsmodelle und gestalten Gesch\u00e4ftsmodellkomponenten wie die Kontaktpunkte Ihrer Customer Journeys.<\/p>\t\t\t\t\t\t<\/div>\n\t\t\t\t<\/div>\n\t\t\t\t<div class=\"elementor-element elementor-element-73a4f4af elementor-widget elementor-widget-image\" data-id=\"73a4f4af\" data-element_type=\"widget\" data-widget_type=\"image.default\">\n\t\t\t\t<div class=\"elementor-widget-container\">\n\t\t\t<style>\/*! elementor - v3.15.0 - 20-08-2023 *\/\n.elementor-widget-image{text-align:center}.elementor-widget-image a{display:inline-block}.elementor-widget-image a img[src$=\".svg\"]{width:48px}.elementor-widget-image img{vertical-align:middle;display:inline-block}<\/style>\t\t\t\t\t\t\t\t\t\t\t\t<img decoding=\"async\" loading=\"lazy\" width=\"750\" height=\"503\" src=\"https:\/\/www.uxberlin.com\/wp-content\/uploads\/2023\/07\/Business_Innovation_Kit-768x515-1.png\" class=\"attachment-large size-large wp-image-6278\" alt=\"\" srcset=\"https:\/\/www.uxberlin.com\/wp-content\/uploads\/2023\/07\/Business_Innovation_Kit-768x515-1.png 768w, https:\/\/www.uxberlin.com\/wp-content\/uploads\/2023\/07\/Business_Innovation_Kit-768x515-1-300x201.png 300w\" sizes=\"(max-width: 750px) 100vw, 750px\" style=\"width:100%;height:67.06%;max-width:768px\" \/>\t\t\t\t\t\t\t\t\t\t\t\t\t\t\t<\/div>\n\t\t\t\t<\/div>\n\t\t\t\t<div class=\"elementor-element elementor-element-7d125066 elementor-widget elementor-widget-text-editor\" data-id=\"7d125066\" data-element_type=\"widget\" data-widget_type=\"text-editor.default\">\n\t\t\t\t<div class=\"elementor-widget-container\">\n\t\t\t\t\t\t\tModerationskarten unterst\u00fctzen Moderatoren, den Prozess zu gestalten und Chancen und Risiken des Vorhabens zu erkennen. Am Anfang steht eine Diskussion und Kl\u00e4rung gemeinsam verfolgter Wertvorstellungen, die Sinn und Zweck des Vorhebens beschreiben, und sich zum Beispiel als Vision oder Mission artikulieren lassen. Nachhaltigkeitsorientierte Gestaltungsmuster f\u00fcr Gesch\u00e4ftsmodelle und ihre einzelnen Komponenten k\u00f6nnen analysiert und angewendet werden. In einem strukturierten Brainstorming (Brainwriting) werden erst individuell, dann in der Gruppe Ideen zu einzelnen Gesch\u00e4ftsmodellkomponenten gesammelt. Eine Auswahl der besten und zueinander passenden Ideen wird auf Modellierungsb\u00f6gen zusammengef\u00fchrt, um wertebasierte Gesch\u00e4ftsmodellentw\u00fcrfe zu einer Ausgangsidee zu erhalten und zu vergleichen. Mit Hilfe von Szenarien werden implizite Annahmen auf eine erste Probe gestellt. Jeder Schritt kann in einfacheren oder anspruchsvolleren Varianten durchlaufen werden.\t\t\t\t\t\t<\/div>\n\t\t\t\t<\/div>\n\t\t\t\t<div class=\"elementor-element elementor-element-3257ca55 elementor-widget elementor-widget-text-editor\" data-id=\"3257ca55\" data-element_type=\"widget\" data-widget_type=\"text-editor.default\">\n\t\t\t\t<div class=\"elementor-widget-container\">\n\t\t\t\t\t\t\t<p><\/p><ul style=\"list-style-type: square;\"><li><strong>Modellierung nachhaltiger Gesch\u00e4ftsmodelle: <\/strong>Zwei Kartensets dienen der Modellierung nachhaltigkeitsorientierter Gesch\u00e4ftsmodelle. Zun\u00e4chst l\u00e4sst sich das eigene Vorhaben unterschiedlichen Reifegraden nachhaltigkeitsorientierter Innovation zuordnen. Sogenannte Treiberkarten geben dann Anregungen, wie ein bestehendes Gesch\u00e4ftsmodell nachhaltigkeitsorientiert optimiert oder neu gestaltet werden kann. Dazu werden die Potentiale einzelner Treiber (wie Kosten, Risiken, Markenwerte oder Rekrutierung) zun\u00e4chst auf einzelne Gesch\u00e4ftsmodellkomponenten und anschlie\u00dfend auf das Gesamtmodell bezogen.<\/li><li><strong>Ertragsmodellierung: <\/strong>33 Karten stellen 30 bekannte Ertragsmodelle und Preisstrategien mit ihren typischen Vor- und Nachteilen und Beispielen aus der Unternehmenspraxis vor, um m\u00f6gliche Einsatzszenarien und Risiken durch zu spielen.<\/li><li><strong>Kontaktpunkte und Customer Journey: <\/strong>Die Reise des Kunden l\u00e4sst sich an sieben Kontaktpunkten und \u00dcberg\u00e4ngen zwischen diesen Stationen abbilden. Eine Erweiterung von 9 Karten f\u00fchrt durch die Analyse und Gestaltung der Kontaktpunkte mit Kunden und Anspruchsgruppen zur Neugestaltung der Customer Journey. <\/li><\/ul>\t\t\t\t\t\t<\/div>\n\t\t\t\t<\/div>\n\t\t\t\t<div class=\"elementor-element elementor-element-3cd5f2fc elementor-widget elementor-widget-text-editor\" data-id=\"3cd5f2fc\" data-element_type=\"widget\" data-widget_type=\"text-editor.default\">\n\t\t\t\t<div class=\"elementor-widget-container\">\n\t\t\t\t\t\t\t\t\t\t\t\t\t<\/div>\n\t\t\t\t<\/div>\n\t\t\t\t<div class=\"elementor-element elementor-element-4275dae9 elementor-widget elementor-widget-text-editor\" data-id=\"4275dae9\" data-element_type=\"widget\" data-widget_type=\"text-editor.default\">\n\t\t\t\t<div class=\"elementor-widget-container\">\n\t\t\t\t\t\t\t<a href=\"http:\/\/www.uxberlin.com\/wp-content\/uploads\/2014\/08\/Modular.jpg\"><img decoding=\"async\" class=\"alignleft size-full wp-image-2955\" src=\"http:\/\/www.uxberlin.com\/wp-content\/uploads\/2014\/08\/Modular.jpg\" alt=\"Business Innovation Kit Modular\" width=\"100%\" srcset=\"https:\/\/www.uxberlin.com\/wp-content\/uploads\/2014\/08\/Modular.jpg 960w, https:\/\/www.uxberlin.com\/wp-content\/uploads\/2014\/08\/Modular-300x168.jpg 300w\" sizes=\"(max-width: 960px) 100vw, 960px\" \/><\/a>\t\t\t\t\t\t<\/div>\n\t\t\t\t<\/div>\n\t\t\t\t\t<\/div>\n\t\t<\/div>\n\t\t\t\t<div class=\"elementor-column elementor-col-33 elementor-top-column elementor-element elementor-element-60d43574\" data-id=\"60d43574\" data-element_type=\"column\">\n\t\t\t<div class=\"elementor-widget-wrap elementor-element-populated\">\n\t\t\t\t\t\t\t\t<div class=\"elementor-element elementor-element-597b1b8f elementor-widget elementor-widget-text-editor\" data-id=\"597b1b8f\" data-element_type=\"widget\" data-widget_type=\"text-editor.default\">\n\t\t\t\t<div class=\"elementor-widget-container\">\n\t\t\t\t\t\t\t<p><strong><\/p>\t\t\t\t\t\t<\/div>\n\t\t\t\t<\/div>\n\t\t\t\t<div class=\"elementor-element elementor-element-6e976f6 elementor-widget elementor-widget-text-editor\" data-id=\"6e976f6\" data-element_type=\"widget\" data-widget_type=\"text-editor.default\">\n\t\t\t\t<div class=\"elementor-widget-container\">\n\t\t\t\t\t\t\t<p><strong>Materialien und beispielhafte Inhalte<\/strong><\/p>\t\t\t\t\t\t<\/div>\n\t\t\t\t<\/div>\n\t\t\t\t<div class=\"elementor-element elementor-element-0fa4c7c elementor-widget elementor-widget-text-editor\" data-id=\"0fa4c7c\" data-element_type=\"widget\" data-widget_type=\"text-editor.default\">\n\t\t\t\t<div class=\"elementor-widget-container\">\n\t\t\t\t\t\t\t<ul><li><a href=\"https:\/\/www.uxberlin.com\/wp-content\/uploads\/2023\/10\/Sustainability_Innovation_Cards_Print.pdf\" data-wplink-edit=\"true\">Sustainability Innovation Cards (print)<\/a><\/li><li><a href=\"https:\/\/www.amazon.de\/How-Model-New-Business-Innovation-ebook\/dp\/B00Q8Z5UHO\/\">Business Innovation Kit Handbook (Engl.)<\/a><\/li><li><a href=\"http:\/\/www.uxberlin.com\/wp-content\/uploads\/2019\/03\/Elevator_Pitch_Business_Model_Challenge.pdf\">Herausforderungen f\u00fcr Gesch\u00e4ftsmodelle (englisch)<\/a><\/li><li><a href=\"http:\/\/www.uxberlin.com\/wp-content\/uploads\/2020\/06\/2020_Values2Vision_Vorlage_UXB.pdf\">Von Werten, Zweck und Mission zur Vision<\/a><\/li><li><a href=\"http:\/\/www.uxberlin.com\/wp-content\/uploads\/2018\/02\/Values-Based_Business_Modelling_UXBerlin.pdf\">Modellierungsbogen (englisch, interaktiv)<\/a><\/li><li><a href=\"http:\/\/www.uxberlin.com\/wp-content\/uploads\/2014\/08\/2017_BIK_Modellierungsbogen_DEU.pdf\">Modellierungsbogen<\/a><\/li><li><a href=\"http:\/\/www.uxberlin.com\/wp-content\/uploads\/2013\/04\/Ertragsmodellierung_Uebersicht_UXBerlin.jpg\">Ertragsmodellierung (\u00dcbersicht)<\/a><\/li><li><a href=\"http:\/\/www.uxberlin.com\/wp-content\/uploads\/2014\/08\/Elevator_Pitch_Deutsch_UXBerlin_Business_Innovation_Kit.pdf\">Elevator Pitch (\u00dcbungsvorlage)<\/a><\/li><li><a href=\"http:\/\/www.uxberlin.com\/wp-content\/uploads\/2014\/08\/Sustainability_Innovation_Maturity_Cards_Sample.jpg\">Reifegrade Nachhaltigkeitsinnovation (Engl.)<\/a><\/li><li><a href=\"http:\/\/www.uxberlin.com\/wp-content\/uploads\/2014\/08\/Business_Case_Driver_Sustainability_Reputation_UXBerlin.jpg\">Treiber Nachhaltigkeitsinnovation (Engl.)<\/a><\/li><li><a href=\"http:\/\/www.uxberlin.com\/wp-content\/uploads\/2014\/08\/Weitere_Komponenten_Spielfeldkarte.jpg\">Spielfeldkarte<\/a><\/li><li><a href=\"http:\/\/www.uxberlin.com\/wp-content\/uploads\/2013\/04\/moderatorenkarte_wertversprechen.pdf\">Moderatorenkarte<\/a><\/li><li><a href=\"http:\/\/www.uxberlin.com\/wp-content\/uploads\/2013\/04\/ereigniskarte_beispiel.pdf\">Ereigniskarte<\/a><\/li><li>Vorlage f\u00fcr Online Workshops <a href=\"https:\/\/app.mural.co\/t\/corporatesustainabilityinnov2207\/m\/corporatesustainabilityinnov2207\/1623085161432\/d8808f964e59cf8d966091dbfc9322c9d6aa8573?sender=kivanov5643\" target=\"_blank\" rel=\"noopener\">(MURAL)<\/a><\/li><\/ul>\t\t\t\t\t\t<\/div>\n\t\t\t\t<\/div>\n\t\t\t\t<div class=\"elementor-element elementor-element-9ff4154 elementor-widget elementor-widget-text-editor\" data-id=\"9ff4154\" data-element_type=\"widget\" data-widget_type=\"text-editor.default\">\n\t\t\t\t<div class=\"elementor-widget-container\">\n\t\t\t\t\t\t\t<p><strong>Bestellinformation<\/strong><\/p>\t\t\t\t\t\t<\/div>\n\t\t\t\t<\/div>\n\t\t\t\t<div class=\"elementor-element elementor-element-219d8d28 elementor-widget elementor-widget-text-editor\" data-id=\"219d8d28\" data-element_type=\"widget\" data-widget_type=\"text-editor.default\">\n\t\t\t\t<div class=\"elementor-widget-container\">\n\t\t\t\t\t\t\t<p>Das Business Innovation Kit ist komplett (mit Karten zum Ertragsmodell, zu Customer Touchpoint und zur nachhaltigkeitsorientierten Gesch\u00e4ftsmodellentwicklung) zur Zeit nur auf Englisch zu erhalten (zu je 99\u20ac zzgl. MWSt.). Falls Sie Interesse haben schicken Sie uns eine <a href=\"http:\/\/www.uxberlin.com\/de\/contact\/\">formlose Bestellung<\/a> mit Ihrer Lieferadresse. Sie erhalten eine Rechnung, \u00fcberweisen, und erhalten das Business Innovation Kit per Post. <\/p>\t\t\t\t\t\t<\/div>\n\t\t\t\t<\/div>\n\t\t\t\t<div class=\"elementor-element elementor-element-5101f852 elementor-widget elementor-widget-text-editor\" data-id=\"5101f852\" data-element_type=\"widget\" data-widget_type=\"text-editor.default\">\n\t\t\t\t<div class=\"elementor-widget-container\">\n\t\t\t\t\t\t\t<strong><\/strong>\n\t\t\t\t\t\t<\/div>\n\t\t\t\t<\/div>\n\t\t\t\t<div class=\"elementor-element elementor-element-6be9a791 elementor-widget elementor-widget-text-editor\" data-id=\"6be9a791\" data-element_type=\"widget\" data-widget_type=\"text-editor.default\">\n\t\t\t\t<div class=\"elementor-widget-container\">\n\t\t\t\t\t\t\t<ul>\n<\/ul>\t\t\t\t\t\t<\/div>\n\t\t\t\t<\/div>\n\t\t\t\t<div class=\"elementor-element elementor-element-43efd98c elementor-widget elementor-widget-text-editor\" data-id=\"43efd98c\" data-element_type=\"widget\" data-widget_type=\"text-editor.default\">\n\t\t\t\t<div class=\"elementor-widget-container\">\n\t\t\t\t\t\t\t<strong><\/strong>\t\t\t\t\t\t<\/div>\n\t\t\t\t<\/div>\n\t\t\t\t<div class=\"elementor-element elementor-element-680c8174 elementor-widget elementor-widget-text-editor\" data-id=\"680c8174\" data-element_type=\"widget\" data-widget_type=\"text-editor.default\">\n\t\t\t\t<div class=\"elementor-widget-container\">\n\t\t\t\t\t\t\t<p><\/p>\t\t\t\t\t\t<\/div>\n\t\t\t\t<\/div>\n\t\t\t\t<div class=\"elementor-element elementor-element-e6ac798 elementor-widget elementor-widget-text-editor\" data-id=\"e6ac798\" data-element_type=\"widget\" data-widget_type=\"text-editor.default\">\n\t\t\t\t<div class=\"elementor-widget-container\">\n\t\t\t\t\t\t\t<p><\/p>\t\t\t\t\t\t<\/div>\n\t\t\t\t<\/div>\n\t\t\t\t\t<\/div>\n\t\t<\/div>\n\t\t\t\t\t\t\t<\/div>\n\t\t<\/section>\n\t\t\t\t\t\t\t<\/div>\n\t\t","protected":false},"excerpt":{"rendered":"<p>Ein Werkzeugkasten verschiedener Methoden unterst\u00fctzt Moderatoren, erfahrene Gr\u00fcnderteams, Innovatoren bei der Reflektion geteilter Werte und der Entwicklung wertebasierter Gesch\u00e4ftsmodelle &#8211; Einsteiger nutzen das selbsterkl\u00e4rende Modellierungswerkzeug (Business Modelling Kit). Eine Sammlung von Moderationskarten f\u00fchrt Sie durch die zentralen Aspekte, die es beim wertebasierten Auf- oder Umbau Ihres Unternehmens zu ber\u00fccksichtigen gilt. Im Team erarbeiten und differenzieren&hellip; <a class=\"more-link\" href=\"https:\/\/www.uxberlin.com\/de\/business-innovation-kit\/\"><span class=\"screen-reader-text\">Business Innovation Kit<\/span> weiterlesen<\/a><\/p>\n","protected":false},"author":2,"featured_media":0,"parent":0,"menu_order":0,"comment_status":"closed","ping_status":"closed","template":"elementor_header_footer","meta":{"footnotes":""},"_links":{"self":[{"href":"https:\/\/www.uxberlin.com\/de\/wp-json\/wp\/v2\/pages\/6277"}],"collection":[{"href":"https:\/\/www.uxberlin.com\/de\/wp-json\/wp\/v2\/pages"}],"about":[{"href":"https:\/\/www.uxberlin.com\/de\/wp-json\/wp\/v2\/types\/page"}],"author":[{"embeddable":true,"href":"https:\/\/www.uxberlin.com\/de\/wp-json\/wp\/v2\/users\/2"}],"replies":[{"embeddable":true,"href":"https:\/\/www.uxberlin.com\/de\/wp-json\/wp\/v2\/comments?post=6277"}],"version-history":[{"count":357,"href":"https:\/\/www.uxberlin.com\/de\/wp-json\/wp\/v2\/pages\/6277\/revisions"}],"predecessor-version":[{"id":9624,"href":"https:\/\/www.uxberlin.com\/de\/wp-json\/wp\/v2\/pages\/6277\/revisions\/9624"}],"wp:attachment":[{"href":"https:\/\/www.uxberlin.com\/de\/wp-json\/wp\/v2\/media?parent=6277"}],"curies":[{"name":"wp","href":"https:\/\/api.w.org\/{rel}","templated":true}]}}