{"id":6282,"date":"2023-07-05T13:15:50","date_gmt":"2023-07-05T11:15:50","guid":{"rendered":"https:\/\/www.uxberlin.com\/workshops-2\/"},"modified":"2025-04-12T02:26:55","modified_gmt":"2025-04-12T00:26:55","slug":"workshops","status":"publish","type":"page","link":"https:\/\/www.uxberlin.com\/de\/workshops\/","title":{"rendered":"Workshops"},"content":{"rendered":"\t\t<div data-elementor-type=\"wp-page\" data-elementor-id=\"6282\" class=\"elementor elementor-6282\" data-elementor-post-type=\"page\">\n\t\t\t\t\t\t\t\t\t<section class=\"elementor-section elementor-top-section elementor-element elementor-element-2209a98b elementor-section-height-min-height inner-banner elementor-section-boxed elementor-section-height-default elementor-section-items-middle\" data-id=\"2209a98b\" data-element_type=\"section\" data-settings=\"{&quot;background_background&quot;:&quot;classic&quot;}\">\n\t\t\t\t\t\t<div class=\"elementor-container elementor-column-gap-default\">\n\t\t\t\t\t<div class=\"elementor-column elementor-col-100 elementor-top-column elementor-element elementor-element-5a0ce273\" data-id=\"5a0ce273\" data-element_type=\"column\">\n\t\t\t<div class=\"elementor-widget-wrap elementor-element-populated\">\n\t\t\t\t\t\t\t\t\t<\/div>\n\t\t<\/div>\n\t\t\t\t\t\t\t<\/div>\n\t\t<\/section>\n\t\t\t\t<section class=\"elementor-section elementor-top-section elementor-element elementor-element-459dd68a elementor-section-boxed elementor-section-height-default elementor-section-height-default\" data-id=\"459dd68a\" data-element_type=\"section\">\n\t\t\t\t\t\t<div class=\"elementor-container elementor-column-gap-default\">\n\t\t\t\t\t<div class=\"elementor-column elementor-col-66 elementor-top-column elementor-element elementor-element-37ee3dd\" data-id=\"37ee3dd\" data-element_type=\"column\">\n\t\t\t<div class=\"elementor-widget-wrap elementor-element-populated\">\n\t\t\t\t\t\t\t\t<div class=\"elementor-element elementor-element-63a892bc elementor-widget elementor-widget-text-editor\" data-id=\"63a892bc\" data-element_type=\"widget\" data-widget_type=\"text-editor.default\">\n\t\t\t\t<div class=\"elementor-widget-container\">\n\t\t\t<style>\/*! elementor - v3.15.0 - 20-08-2023 *\/\n.elementor-widget-text-editor.elementor-drop-cap-view-stacked .elementor-drop-cap{background-color:#69727d;color:#fff}.elementor-widget-text-editor.elementor-drop-cap-view-framed .elementor-drop-cap{color:#69727d;border:3px solid;background-color:transparent}.elementor-widget-text-editor:not(.elementor-drop-cap-view-default) .elementor-drop-cap{margin-top:8px}.elementor-widget-text-editor:not(.elementor-drop-cap-view-default) .elementor-drop-cap-letter{width:1em;height:1em}.elementor-widget-text-editor .elementor-drop-cap{float:left;text-align:center;line-height:1;font-size:50px}.elementor-widget-text-editor .elementor-drop-cap-letter{display:inline-block}<\/style>\t\t\t\t<p>Workshops &#8211; online oder<br>\ngemeinsam vor Ort &#8211; zur kreativen Entwicklung neuer Ideen und zur strukturierten Entscheidungsfindung sind ein guter<br>\nWeg, unsere Arbeit kennen zu lernen. In der lebendigen Interaktion unterschiedlicher Wissenstr\u00e4ger (wie Kunden, Experten<br>\nund Verantwortlichen) entstehen unvorhergesehene Ideen und Konzepte. TeilnehmerInnen, Workshopformate, Kreativtechniken<br>\nund Wege zur Entscheidungsfindung werden je nach Zielsetzung kombiniert. <\/p>\t\t\t\t\t\t<\/div>\n\t\t\t\t<\/div>\n\t\t\t\t<div class=\"elementor-element elementor-element-3c3152fc elementor-widget elementor-widget-image\" data-id=\"3c3152fc\" data-element_type=\"widget\" data-widget_type=\"image.default\">\n\t\t\t\t<div class=\"elementor-widget-container\">\n\t\t\t<style>\/*! elementor - v3.15.0 - 20-08-2023 *\/\n.elementor-widget-image{text-align:center}.elementor-widget-image a{display:inline-block}.elementor-widget-image a img[src$=\".svg\"]{width:48px}.elementor-widget-image img{vertical-align:middle;display:inline-block}<\/style>\t\t\t\t\t\t\t\t\t\t\t\t<img decoding=\"async\" loading=\"lazy\" width=\"750\" height=\"233\" src=\"https:\/\/www.uxberlin.com\/wp-content\/uploads\/2023\/07\/3.jpg\" class=\"attachment-large size-large wp-image-6283\" alt=\"\" srcset=\"https:\/\/www.uxberlin.com\/wp-content\/uploads\/2023\/07\/3.jpg 980w, https:\/\/www.uxberlin.com\/wp-content\/uploads\/2023\/07\/3-300x93.jpg 300w, https:\/\/www.uxberlin.com\/wp-content\/uploads\/2023\/07\/3-768x239.jpg 768w\" sizes=\"(max-width: 750px) 100vw, 750px\" style=\"width:100%;height:31.12%;max-width:980px\" \/>\t\t\t\t\t\t\t\t\t\t\t\t\t\t\t<\/div>\n\t\t\t\t<\/div>\n\t\t\t\t<div class=\"elementor-element elementor-element-5b0bf375 elementor-widget elementor-widget-text-editor\" data-id=\"5b0bf375\" data-element_type=\"widget\" data-widget_type=\"text-editor.default\">\n\t\t\t\t<div class=\"elementor-widget-container\">\n\t\t\t\t\t\t\t\n<ul>\n\n \t<li>Workshops zur <strong>Unternehmenspolitik<\/strong> dienen der Kl\u00e4rung und Neubestimmung von <a href=\"http:\/\/www.uxberlin.com\/wp-content\/uploads\/2020\/06\/2020_Values2Vision_Vorlage_UXB.pdf\">Werten, Zweck, Mission und Vision<\/a> eines Unternehmens oder eines Innovationsvorhabens.<\/li>\n\n<\/ul>\n\n\n<ul>\n\n \t<li><strong>Co-Creation<\/strong> bindet Ihre Kunden oder andere Anspruchsgruppen direkt in die Ideenfindung oder\nVerfeinerung von L\u00f6sungen ein.\n<\/li>\n<\/ul>\n\n\n<ul>\n\n \t<li><strong>Zukunftswerkst\u00e4tten<\/strong> beginnen mit Kritik und nehmen einen\nUmweg durch die Utopie bevor Sie zu direkt umsetzbaren Handlungsm\u00f6glichkeiten kommen.\n<\/li>\n<\/ul>\n\n\n<ul>\n\n \t<li>Workshops zur <strong><a href=\"http:\/\/www.uxberlin.com\/business-innovation-kit\/\">Gesch\u00e4ftsmodellierung<\/a><\/strong>\nanalysieren den Reifegrad Ihrer Vorhaben und helfen, Ihr Unternehmen, anhand von Werten neu auszurichten und neue\nGesch\u00e4ftsfelder zu erschlie\u00dfen.<\/li>\n\n<\/ul>\n\n\n<ul>\n\n \t<li><strong>Win-Win-Modelling<\/strong> lotet m\u00f6gliche Synergien zwischen Gesch\u00e4ftsmodellen aus und dient etwa der Akquise neuer Gesch\u00e4ftskunden oder der Anbahnung strategischer Partnerschaften.<\/li>\n \t<li><strong>Guerilla Workshops<\/strong> finden im Alltag Ihrer Kunden statt und arbeiten mit teilnehmender Beobachtung und Befragung.\n<\/li>\n<\/ul>\n\t\t\t\t\t\t<\/div>\n\t\t\t\t<\/div>\n\t\t\t\t\t<\/div>\n\t\t<\/div>\n\t\t\t\t<div class=\"elementor-column elementor-col-33 elementor-top-column elementor-element elementor-element-1b1616aa\" data-id=\"1b1616aa\" data-element_type=\"column\">\n\t\t\t<div class=\"elementor-widget-wrap elementor-element-populated\">\n\t\t\t\t\t\t\t\t<div class=\"elementor-element elementor-element-718645b0 elementor-widget elementor-widget-text-editor\" data-id=\"718645b0\" data-element_type=\"widget\" data-widget_type=\"text-editor.default\">\n\t\t\t\t<div class=\"elementor-widget-container\">\n\t\t\t\t\t\t\t<strong> Vorlagen und Materialien<\/strong>\t\t\t\t\t\t<\/div>\n\t\t\t\t<\/div>\n\t\t\t\t<div class=\"elementor-element elementor-element-63489f9f elementor-widget elementor-widget-text-editor\" data-id=\"63489f9f\" data-element_type=\"widget\" data-widget_type=\"text-editor.default\">\n\t\t\t\t<div class=\"elementor-widget-container\">\n\t\t\t\t\t\t\t<ul>\n \n<li><a href=\"http:\/\/www.uxberlin.com\/wp-content\/uploads\/2020\/06\/2020_Values2Vision_Vorlage_UXB.pdf\">Von Werten, Zweck\n        und Mission zur Vision<\/a><\/li>\n<li><a href=\"http:\/\/www.uxberlin.com\/wp-content\/uploads\/2019\/03\/Elevator_Pitch_Business_Model_Challenge.pdf\">Herausforderungen\n        f\u00fcr Gesch\u00e4ftsmodelle (englisch)<\/a><\/li>\n<li><a href=\"http:\/\/www.uxberlin.com\/wp-content\/uploads\/2018\/02\/Values-Based_Business_Modelling_UXBerlin.pdf\">Modellierungsbogen\n        (englisch, interaktiv)<\/a><\/li>\n<li><a\n        href=\"http:\/\/www.uxberlin.com\/wp-content\/uploads\/2014\/08\/Elevator_Pitch_Deutsch_UXBerlin_Business_Innovation_Kit.pdf\">Elevator\n        Pitch (\u00dcbungsvorlage)<\/a><\/li>\n<\/ul>\t\t\t\t\t\t<\/div>\n\t\t\t\t<\/div>\n\t\t\t\t<div class=\"elementor-element elementor-element-1d931229 elementor-widget elementor-widget-text-editor\" data-id=\"1d931229\" data-element_type=\"widget\" data-widget_type=\"text-editor.default\">\n\t\t\t\t<div class=\"elementor-widget-container\">\n\t\t\t\t\t\t\t<strong> Graphic Recording<\/strong>\t\t\t\t\t\t<\/div>\n\t\t\t\t<\/div>\n\t\t\t\t<div class=\"elementor-element elementor-element-7b449bc4 elementor-widget elementor-widget-text-editor\" data-id=\"7b449bc4\" data-element_type=\"widget\" data-widget_type=\"text-editor.default\">\n\t\t\t\t<div class=\"elementor-widget-container\">\n\t\t\t\t\t\t\t Schaubilder, Visualisierungen und Denkfiguren pr\u00e4gen\ndie Diskussionen in Unternehmen und k\u00f6nnen Impulse f\u00fcr ihre Erneuerung bieten. Graphische Moderation kann helfen, solche\nDenkmuster zu variieren und neu zu kombinieren, um Herausforderungen in Unternehmen zu begegnen. Ergebnisse k\u00f6nnen\ndirekt genutzt und weiter kommunizierbar werden.15 Jahre\u2028 Erfahrung in Unternehmensberatung, Moderation (Henning Breuer)\nund <a href=\"http:\/\/gabriele-heinzel.com\/\">Graphic Recording (Gabriele Heinzel)<\/a> erlauben\u2028 uns, nahezu jedes Thema\ngewinnbringend in Workshops zu bearbeiten, um \u2028entweder neue Konzepte zu entwickeln oder die Entscheidungsfindung zu\u2028\nunterst\u00fctzen. \u2028Hier ein Beispiel einer\n<a href=\"http:\/\/www.uxberlin.com\/wp-content\/uploads\/2013\/09\/Medienkompetenz.jpg\">Live-Illustration zum Thema\n    Medienkompetenz<\/a>.\t\t\t\t\t\t<\/div>\n\t\t\t\t<\/div>\n\t\t\t\t\t<\/div>\n\t\t<\/div>\n\t\t\t\t\t\t\t<\/div>\n\t\t<\/section>\n\t\t\t\t\t\t\t<\/div>\n\t\t","protected":false},"excerpt":{"rendered":"<p>Workshops &#8211; online oder gemeinsam vor Ort &#8211; zur kreativen Entwicklung neuer Ideen und zur strukturierten Entscheidungsfindung sind ein guter Weg, unsere Arbeit kennen zu lernen. In der lebendigen Interaktion unterschiedlicher Wissenstr\u00e4ger (wie Kunden, Experten und Verantwortlichen) entstehen unvorhergesehene Ideen und Konzepte. TeilnehmerInnen, Workshopformate, Kreativtechniken und Wege zur Entscheidungsfindung werden je nach Zielsetzung kombiniert. Workshops&hellip; <a class=\"more-link\" href=\"https:\/\/www.uxberlin.com\/de\/workshops\/\"><span class=\"screen-reader-text\">Workshops<\/span> weiterlesen<\/a><\/p>\n","protected":false},"author":2,"featured_media":0,"parent":0,"menu_order":0,"comment_status":"closed","ping_status":"closed","template":"elementor_header_footer","meta":{"footnotes":""},"_links":{"self":[{"href":"https:\/\/www.uxberlin.com\/de\/wp-json\/wp\/v2\/pages\/6282"}],"collection":[{"href":"https:\/\/www.uxberlin.com\/de\/wp-json\/wp\/v2\/pages"}],"about":[{"href":"https:\/\/www.uxberlin.com\/de\/wp-json\/wp\/v2\/types\/page"}],"author":[{"embeddable":true,"href":"https:\/\/www.uxberlin.com\/de\/wp-json\/wp\/v2\/users\/2"}],"replies":[{"embeddable":true,"href":"https:\/\/www.uxberlin.com\/de\/wp-json\/wp\/v2\/comments?post=6282"}],"version-history":[{"count":73,"href":"https:\/\/www.uxberlin.com\/de\/wp-json\/wp\/v2\/pages\/6282\/revisions"}],"predecessor-version":[{"id":9415,"href":"https:\/\/www.uxberlin.com\/de\/wp-json\/wp\/v2\/pages\/6282\/revisions\/9415"}],"wp:attachment":[{"href":"https:\/\/www.uxberlin.com\/de\/wp-json\/wp\/v2\/media?parent=6282"}],"curies":[{"name":"wp","href":"https:\/\/api.w.org\/{rel}","templated":true}]}}