{"id":6291,"date":"2023-07-05T13:15:53","date_gmt":"2023-07-05T11:15:53","guid":{"rendered":"https:\/\/www.uxberlin.com\/corporate-venturing-2\/"},"modified":"2024-12-09T22:11:39","modified_gmt":"2024-12-09T20:11:39","slug":"business-design","status":"publish","type":"page","link":"https:\/\/www.uxberlin.com\/de\/business-design\/","title":{"rendered":"Nachhaltige Gesch\u00e4ftsentwicklung"},"content":{"rendered":"\t\t<div data-elementor-type=\"wp-page\" data-elementor-id=\"6291\" class=\"elementor elementor-6291\" data-elementor-post-type=\"page\">\n\t\t\t\t\t\t\t\t\t<section class=\"elementor-section elementor-top-section elementor-element elementor-element-35d32b8a elementor-section-height-min-height inner-banner elementor-section-boxed elementor-section-height-default elementor-section-items-middle\" data-id=\"35d32b8a\" data-element_type=\"section\" data-settings=\"{&quot;background_background&quot;:&quot;classic&quot;}\">\n\t\t\t\t\t\t<div class=\"elementor-container elementor-column-gap-default\">\n\t\t\t\t\t<div class=\"elementor-column elementor-col-100 elementor-top-column elementor-element elementor-element-4aa7ea55\" data-id=\"4aa7ea55\" data-element_type=\"column\">\n\t\t\t<div class=\"elementor-widget-wrap elementor-element-populated\">\n\t\t\t\t\t\t\t\t\t<\/div>\n\t\t<\/div>\n\t\t\t\t\t\t\t<\/div>\n\t\t<\/section>\n\t\t\t\t<section class=\"elementor-section elementor-top-section elementor-element elementor-element-cd9e378 elementor-section-boxed elementor-section-height-default elementor-section-height-default\" data-id=\"cd9e378\" data-element_type=\"section\">\n\t\t\t\t\t\t<div class=\"elementor-container elementor-column-gap-default\">\n\t\t\t\t\t<div class=\"elementor-column elementor-col-66 elementor-top-column elementor-element elementor-element-21466a96\" data-id=\"21466a96\" data-element_type=\"column\">\n\t\t\t<div class=\"elementor-widget-wrap elementor-element-populated\">\n\t\t\t\t\t\t\t\t<div class=\"elementor-element elementor-element-5912440d elementor-widget elementor-widget-text-editor\" data-id=\"5912440d\" data-element_type=\"widget\" data-widget_type=\"text-editor.default\">\n\t\t\t\t<div class=\"elementor-widget-container\">\n\t\t\t<style>\/*! elementor - v3.15.0 - 20-08-2023 *\/\n.elementor-widget-text-editor.elementor-drop-cap-view-stacked .elementor-drop-cap{background-color:#69727d;color:#fff}.elementor-widget-text-editor.elementor-drop-cap-view-framed .elementor-drop-cap{color:#69727d;border:3px solid;background-color:transparent}.elementor-widget-text-editor:not(.elementor-drop-cap-view-default) .elementor-drop-cap{margin-top:8px}.elementor-widget-text-editor:not(.elementor-drop-cap-view-default) .elementor-drop-cap-letter{width:1em;height:1em}.elementor-widget-text-editor .elementor-drop-cap{float:left;text-align:center;line-height:1;font-size:50px}.elementor-widget-text-editor .elementor-drop-cap-letter{display:inline-block}<\/style>\t\t\t\tNeue Herausforderungen erfodern neue Vorgehensweisen, diesen zu begegnen. Uns helfen langj\u00e4hrige Praxiserfahrung in Disziplinen wie nutzerzentrierter Gestaltung, Design Thinking, Zukunftsforschung und Gamifizierung, passgenau die Methoden zu entwickeln, die Ihnen zur Innovation verhelfen. Wir nutzen neue Methoden nicht nur selbst, wir erm\u00f6glichen Ihnen, diese selbst zu verwenden.  \t\t\t\t\t\t<\/div>\n\t\t\t\t<\/div>\n\t\t\t\t<div class=\"elementor-element elementor-element-246f58fb elementor-widget elementor-widget-image\" data-id=\"246f58fb\" data-element_type=\"widget\" data-widget_type=\"image.default\">\n\t\t\t\t<div class=\"elementor-widget-container\">\n\t\t\t<style>\/*! elementor - v3.15.0 - 20-08-2023 *\/\n.elementor-widget-image{text-align:center}.elementor-widget-image a{display:inline-block}.elementor-widget-image a img[src$=\".svg\"]{width:48px}.elementor-widget-image img{vertical-align:middle;display:inline-block}<\/style>\t\t\t\t\t\t\t\t\t\t\t\t<img decoding=\"async\" loading=\"lazy\" width=\"750\" height=\"232\" src=\"https:\/\/www.uxberlin.com\/wp-content\/uploads\/2023\/07\/CorporateVenture_Offering.png\" class=\"attachment-large size-large wp-image-6292\" alt=\"\" srcset=\"https:\/\/www.uxberlin.com\/wp-content\/uploads\/2023\/07\/CorporateVenture_Offering.png 980w, https:\/\/www.uxberlin.com\/wp-content\/uploads\/2023\/07\/CorporateVenture_Offering-300x93.png 300w, https:\/\/www.uxberlin.com\/wp-content\/uploads\/2023\/07\/CorporateVenture_Offering-768x237.png 768w\" sizes=\"(max-width: 750px) 100vw, 750px\" style=\"width:100%;height:30.92%;max-width:980px\" \/>\t\t\t\t\t\t\t\t\t\t\t\t\t\t\t<\/div>\n\t\t\t\t<\/div>\n\t\t\t\t<div class=\"elementor-element elementor-element-660a4bc7 elementor-widget elementor-widget-text-editor\" data-id=\"660a4bc7\" data-element_type=\"widget\" data-widget_type=\"text-editor.default\">\n\t\t\t\t<div class=\"elementor-widget-container\">\n\t\t\t\t\t\t\t<ul><li><strong>Gestaltung nachhaltiger Gesch\u00e4ftsmodelle<\/strong><\/li><\/ul>\t\t\t\t\t\t<\/div>\n\t\t\t\t<\/div>\n\t\t\t\t<div class=\"elementor-element elementor-element-6e267a24 elementor-widget elementor-widget-text-editor\" data-id=\"6e267a24\" data-element_type=\"widget\" data-widget_type=\"text-editor.default\">\n\t\t\t\t<div class=\"elementor-widget-container\">\n\t\t\t\t\t\t\t<p>Wertebasierte und nachhaltigkeitsorientierte Gesch\u00e4ftsmodelle nutzen eine Kl\u00e4rung von Vorstellungen des W\u00fcnschenswerten, um (etwa mit dem <a href=\"https:\/\/www.uxberlin.com\/business-innovation-kit\/\">Business innovation Kit<\/a>) neue Gesch\u00e4ftsmodelle zu entwerfen oder bestehende Modelle neu auszurichten. Die konzeptionellen Hintergr\u00fcnde, hilfreiche Methoden und zahlreiche Anwendungsbeispiele finden sich in unserem <a href=\"http:\/\/www.uxberlin.com\/values-based-innovation-management\/\">Buch zum wertebasierten Innovationsmanagement<\/a>.<\/p>\t\t\t\t\t\t<\/div>\n\t\t\t\t<\/div>\n\t\t\t\t<div class=\"elementor-element elementor-element-6da1c375 elementor-widget elementor-widget-text-editor\" data-id=\"6da1c375\" data-element_type=\"widget\" data-widget_type=\"text-editor.default\">\n\t\t\t\t<div class=\"elementor-widget-container\">\n\t\t\t\t\t\t\t<ul>\n \t<li><strong>Corporate Foresight und nachhaltige Entwicklung<\/strong><\/li>\n<\/ul>\t\t\t\t\t\t<\/div>\n\t\t\t\t<\/div>\n\t\t\t\t<div class=\"elementor-element elementor-element-13a45337 elementor-widget elementor-widget-text-editor\" data-id=\"13a45337\" data-element_type=\"widget\" data-widget_type=\"text-editor.default\">\n\t\t\t\t<div class=\"elementor-widget-container\">\n\t\t\t\t\t\t\tVoraussschauende Unternehmensgestaltung erfordert ein Verst\u00e4ndnis von Entwicklungstrends, disruptiven Ver\u00e4nderungen und neu sich entwickelnden Risiken. Erg\u00e4nzend zur Analyse von Umfeldszenarien entwickeln wir normative Visionen mit Unternehmen. Visionen und Leitbilder bieten Orientierung auch in dynamischen M\u00e4rkten und dienen als Medien der Kommunikation in Ver\u00e4nderungsprozessen. Zukunftswerkst\u00e4tten, Trendradar <a href=\"http:\/\/www.uxberlin.com\/wp-content\/uploads\/2013\/01\/2009_Robotic_Human_Science.pdf\">(hier ein Bericht zur Mensch-Roboter Interaktion)<\/a> und <a href=\"https:\/\/www.hmkw.de\/artikel\/news\/eu-projekt-zukunftskompetenz-nachhaltige-innovation\" rel=\"noopener\" target=\"_blank\">Szenariomanagement schaffen wertvolle Grundlagen f\u00fcr die nachhaltige Unternehmensentwicklung<\/a>.\t\t\t\t\t\t<\/div>\n\t\t\t\t<\/div>\n\t\t\t\t<div class=\"elementor-element elementor-element-14a05af6 elementor-widget elementor-widget-text-editor\" data-id=\"14a05af6\" data-element_type=\"widget\" data-widget_type=\"text-editor.default\">\n\t\t\t\t<div class=\"elementor-widget-container\">\n\t\t\t\t\t\t\t<ul>\n \t<li><strong>Spielerische Entwicklungsmethoden<\/strong><\/li>\n<\/ul>\t\t\t\t\t\t<\/div>\n\t\t\t\t<\/div>\n\t\t\t\t<div class=\"elementor-element elementor-element-47208bed elementor-widget elementor-widget-text-editor\" data-id=\"47208bed\" data-element_type=\"widget\" data-widget_type=\"text-editor.default\">\n\t\t\t\t<div class=\"elementor-widget-container\">\n\t\t\t\t\t\t\t<p>Spielerische Innovationsmethoden, auf Englisch <a href=\"https:\/\/www.degruyter.com\/document\/isbn\/9783110725582\/html\">Gamification for Innovators and Entrepreneurs<\/a>, schaffen einen handlungsorientierten und spielerischen Rahmen f\u00fcr die Kombination bew\u00e4hrter Techniken aus Disziplinen wie Zukunftsstudien, User Experience, agilem Management, Design Thinking oder Business Design. Jede Spielwelt bietet einen sicheren, offen gestalteter Raum, in dem Gruppen zusammen arbeiten und experimentieren..<\/p>\t\t\t\t\t\t<\/div>\n\t\t\t\t<\/div>\n\t\t\t\t<div class=\"elementor-element elementor-element-3a14d9c elementor-widget elementor-widget-text-editor\" data-id=\"3a14d9c\" data-element_type=\"widget\" data-widget_type=\"text-editor.default\">\n\t\t\t\t<div class=\"elementor-widget-container\">\n\t\t\t\t\t\t\t\n<img decoding=\"async\" loading=\"lazy\" src=\"https:\/\/www.uxberlin.com\/wp-content\/uploads\/2022\/02\/2022_GAMIFY_Book_Cover.png\" alt=\"\" width=\"150\" height=\"186\" class=\"alignleft size-full wp-image-5732\" srcset=\"https:\/\/www.uxberlin.com\/wp-content\/uploads\/2022\/02\/2022_GAMIFY_Book_Cover.png 1145w, https:\/\/www.uxberlin.com\/wp-content\/uploads\/2022\/02\/2022_GAMIFY_Book_Cover-242x300.png 242w, https:\/\/www.uxberlin.com\/wp-content\/uploads\/2022\/02\/2022_GAMIFY_Book_Cover-825x1024.png 825w, https:\/\/www.uxberlin.com\/wp-content\/uploads\/2022\/02\/2022_GAMIFY_Book_Cover-768x954.png 768w\" sizes=\"(max-width: 150px) 100vw, 150px\" \/>\n<strong>Gamification for Innovators &#038; Entrepreneurs<\/strong><br><br>\nEine neue Superkraft bef\u00e4higt LeserInnen, Spiele zu nutzen, anzupassen oder neu zu erstellen, um Innovation und unternehmerisches Denken zu f\u00f6rdern.\n&nbsp;\n<a href=\"https:\/\/www.degruyter.com\/document\/isbn\/9783110725582\/html\" rel=\"noopener\" target=\"_blank\">Erschienen bei deGruyter<\/a>, erh\u00e4ltlich bei <a href=\"https:\/\/www.amazon.de\/Gamification-Innovators-Entrepreneurs-Innovation-Facilitate\/dp\/3110725541\/\" rel=\"noopener\" target=\"_blank\">Amazon<\/a> oder online (open access).\t\t\t\t\t\t<\/div>\n\t\t\t\t<\/div>\n\t\t\t\t\t<\/div>\n\t\t<\/div>\n\t\t\t\t<div class=\"elementor-column elementor-col-33 elementor-top-column elementor-element elementor-element-19f72d6b\" data-id=\"19f72d6b\" data-element_type=\"column\">\n\t\t\t<div class=\"elementor-widget-wrap elementor-element-populated\">\n\t\t\t\t\t\t\t\t<div class=\"elementor-element elementor-element-1e2a3d78 elementor-widget elementor-widget-text-editor\" data-id=\"1e2a3d78\" data-element_type=\"widget\" data-widget_type=\"text-editor.default\">\n\t\t\t\t<div class=\"elementor-widget-container\">\n\t\t\t\t\t\t\t<div class=\"shortcode-unorderedlist quadrat\">\n\n<strong>Konferenzbeitr\u00e4ge zum Thema<\/strong>\n\n<\/div>\t\t\t\t\t\t<\/div>\n\t\t\t\t<\/div>\n\t\t\t\t<div class=\"elementor-element elementor-element-4a6d0198 elementor-widget elementor-widget-text-editor\" data-id=\"4a6d0198\" data-element_type=\"widget\" data-widget_type=\"text-editor.default\">\n\t\t\t\t<div class=\"elementor-widget-container\">\n\t\t\t\t\t\t\t<div class=\"shortcode-unorderedlist quadrat\">\n<ul>\n \t<li><a href=\"http:\/\/www.uxberlin.com\/wp-content\/uploads\/2012\/12\/12_Breuer_Lean_Venturing.pdf\">Lean Venturing &amp; Entrepreneurial Learning<\/a><\/li>\n \t<li><a href=\"http:\/\/www.uxberlin.com\/wp-content\/uploads\/2012\/12\/2012_Business_Modeling1.pdf\">User-Driven Business Models<\/a><\/li>\n \t<li><a title=\"Dr. Henning Breuer, Class on User and Futures Research in Potsdam\" href=\"http:\/\/incom.org\/projekt\/1632\/\" target=\"_blank\" rel=\"noopener noreferrer\">User &amp; Futures Research Potsdam<\/a><\/li>\n<\/ul>\n<\/div>\t\t\t\t\t\t<\/div>\n\t\t\t\t<\/div>\n\t\t\t\t<div class=\"elementor-element elementor-element-40255043 elementor-widget elementor-widget-text-editor\" data-id=\"40255043\" data-element_type=\"widget\" data-widget_type=\"text-editor.default\">\n\t\t\t\t<div class=\"elementor-widget-container\">\n\t\t\t\t\t\t\t<strong>Referenzen<\/strong>\t\t\t\t\t\t<\/div>\n\t\t\t\t<\/div>\n\t\t\t\t<div class=\"elementor-element elementor-element-2a83987e elementor-widget elementor-widget-text-editor\" data-id=\"2a83987e\" data-element_type=\"widget\" data-widget_type=\"text-editor.default\">\n\t\t\t\t<div class=\"elementor-widget-container\">\n\t\t\t\t\t\t\t<p>F\u00fcr weiterf\u00fchrende Informationen zum Methoden-Coaching <a title=\"Contact\" href=\"http:\/\/www.uxberlin.com\/contact\/\">kontaktieren Sie uns bitte direkt<\/a>.<\/p>\t\t\t\t\t\t<\/div>\n\t\t\t\t<\/div>\n\t\t\t\t\t<\/div>\n\t\t<\/div>\n\t\t\t\t\t\t\t<\/div>\n\t\t<\/section>\n\t\t\t\t\t\t\t<\/div>\n\t\t","protected":false},"excerpt":{"rendered":"<p>Neue Herausforderungen erfodern neue Vorgehensweisen, diesen zu begegnen. Uns helfen langj\u00e4hrige Praxiserfahrung in Disziplinen wie nutzerzentrierter Gestaltung, Design Thinking, Zukunftsforschung und Gamifizierung, passgenau die Methoden zu entwickeln, die Ihnen zur Innovation verhelfen. Wir nutzen neue Methoden nicht nur selbst, wir erm\u00f6glichen Ihnen, diese selbst zu verwenden. Gestaltung nachhaltiger Gesch\u00e4ftsmodelle Wertebasierte und nachhaltigkeitsorientierte Gesch\u00e4ftsmodelle nutzen eine&hellip; <a class=\"more-link\" href=\"https:\/\/www.uxberlin.com\/de\/business-design\/\"><span class=\"screen-reader-text\">Nachhaltige Gesch\u00e4ftsentwicklung<\/span> weiterlesen<\/a><\/p>\n","protected":false},"author":2,"featured_media":0,"parent":0,"menu_order":0,"comment_status":"closed","ping_status":"closed","template":"elementor_header_footer","meta":{"footnotes":""},"_links":{"self":[{"href":"https:\/\/www.uxberlin.com\/de\/wp-json\/wp\/v2\/pages\/6291"}],"collection":[{"href":"https:\/\/www.uxberlin.com\/de\/wp-json\/wp\/v2\/pages"}],"about":[{"href":"https:\/\/www.uxberlin.com\/de\/wp-json\/wp\/v2\/types\/page"}],"author":[{"embeddable":true,"href":"https:\/\/www.uxberlin.com\/de\/wp-json\/wp\/v2\/users\/2"}],"replies":[{"embeddable":true,"href":"https:\/\/www.uxberlin.com\/de\/wp-json\/wp\/v2\/comments?post=6291"}],"version-history":[{"count":43,"href":"https:\/\/www.uxberlin.com\/de\/wp-json\/wp\/v2\/pages\/6291\/revisions"}],"predecessor-version":[{"id":9154,"href":"https:\/\/www.uxberlin.com\/de\/wp-json\/wp\/v2\/pages\/6291\/revisions\/9154"}],"wp:attachment":[{"href":"https:\/\/www.uxberlin.com\/de\/wp-json\/wp\/v2\/media?parent=6291"}],"curies":[{"name":"wp","href":"https:\/\/api.w.org\/{rel}","templated":true}]}}