{"id":6295,"date":"2023-07-05T13:15:55","date_gmt":"2023-07-05T11:15:55","guid":{"rendered":"https:\/\/www.uxberlin.com\/offerings-2\/"},"modified":"2024-12-09T22:03:41","modified_gmt":"2024-12-09T20:03:41","slug":"offerings","status":"publish","type":"page","link":"https:\/\/www.uxberlin.com\/de\/offerings\/","title":{"rendered":"Angebot"},"content":{"rendered":"\t\t<div data-elementor-type=\"wp-page\" data-elementor-id=\"6295\" class=\"elementor elementor-6295\" data-elementor-post-type=\"page\">\n\t\t\t\t\t\t\t\t\t<section class=\"elementor-section elementor-top-section elementor-element elementor-element-5d5c3ef6 elementor-section-height-min-height inner-banner elementor-section-boxed elementor-section-height-default elementor-section-items-middle\" data-id=\"5d5c3ef6\" data-element_type=\"section\" data-settings=\"{&quot;background_background&quot;:&quot;classic&quot;}\">\n\t\t\t\t\t\t<div class=\"elementor-container elementor-column-gap-default\">\n\t\t\t\t\t<div class=\"elementor-column elementor-col-100 elementor-top-column elementor-element elementor-element-6a35a2cf\" data-id=\"6a35a2cf\" data-element_type=\"column\">\n\t\t\t<div class=\"elementor-widget-wrap elementor-element-populated\">\n\t\t\t\t\t\t\t\t\t<\/div>\n\t\t<\/div>\n\t\t\t\t\t\t\t<\/div>\n\t\t<\/section>\n\t\t\t\t<section class=\"elementor-section elementor-top-section elementor-element elementor-element-18cda863 elementor-section-boxed elementor-section-height-default elementor-section-height-default\" data-id=\"18cda863\" data-element_type=\"section\">\n\t\t\t\t\t\t<div class=\"elementor-container elementor-column-gap-default\">\n\t\t\t\t\t<div class=\"elementor-column elementor-col-66 elementor-top-column elementor-element elementor-element-204f35ba\" data-id=\"204f35ba\" data-element_type=\"column\">\n\t\t\t<div class=\"elementor-widget-wrap elementor-element-populated\">\n\t\t\t\t\t\t\t\t<div class=\"elementor-element elementor-element-2b61383c elementor-widget elementor-widget-text-editor\" data-id=\"2b61383c\" data-element_type=\"widget\" data-widget_type=\"text-editor.default\">\n\t\t\t\t<div class=\"elementor-widget-container\">\n\t\t\t<style>\/*! elementor - v3.15.0 - 20-08-2023 *\/\n.elementor-widget-text-editor.elementor-drop-cap-view-stacked .elementor-drop-cap{background-color:#69727d;color:#fff}.elementor-widget-text-editor.elementor-drop-cap-view-framed .elementor-drop-cap{color:#69727d;border:3px solid;background-color:transparent}.elementor-widget-text-editor:not(.elementor-drop-cap-view-default) .elementor-drop-cap{margin-top:8px}.elementor-widget-text-editor:not(.elementor-drop-cap-view-default) .elementor-drop-cap-letter{width:1em;height:1em}.elementor-widget-text-editor .elementor-drop-cap{float:left;text-align:center;line-height:1;font-size:50px}.elementor-widget-text-editor .elementor-drop-cap-letter{display:inline-block}<\/style>\t\t\t\t<p>UXBerlin ber\u00e4t gro\u00dfe Unternehmen, Startups und international arbeitende Institutionen bei der Konzeption, Gestaltung und Durchf\u00fchrung von Innovationsvorhaben. Kontaktieren Sie uns!<\/p><p>\u00a0<\/p>\t\t\t\t\t\t<\/div>\n\t\t\t\t<\/div>\n\t\t\t\t<div class=\"elementor-element elementor-element-75c80ce7 elementor-widget elementor-widget-text-editor\" data-id=\"75c80ce7\" data-element_type=\"widget\" data-widget_type=\"text-editor.default\">\n\t\t\t\t<div class=\"elementor-widget-container\">\n\t\t\t\t\t\t\t<strong>Mission<\/strong>\t\t\t\t\t\t<\/div>\n\t\t\t\t<\/div>\n\t\t\t\t<div class=\"elementor-element elementor-element-46e96dc0 elementor-widget elementor-widget-text-editor\" data-id=\"46e96dc0\" data-element_type=\"widget\" data-widget_type=\"text-editor.default\">\n\t\t\t\t<div class=\"elementor-widget-container\">\n\t\t\t\t\t\t\tWir erkunden alternative Zuk\u00fcnfte und begleiten Sie auf neuen Wegen der Wertsch\u00f6pfung. Wir arbeiten eng mit unseren Kunden, deren Kunden und Partnern zusammen. Ihr lernendes Unternehmen ist unser Ziel.\t\t\t\t\t\t<\/div>\n\t\t\t\t<\/div>\n\t\t\t\t<div class=\"elementor-element elementor-element-4bbaaaa1 elementor-widget elementor-widget-text-editor\" data-id=\"4bbaaaa1\" data-element_type=\"widget\" data-widget_type=\"text-editor.default\">\n\t\t\t\t<div class=\"elementor-widget-container\">\n\t\t\t\t\t\t\tWir engagieren uns in den folgenden Gesch\u00e4ftsfeldern:\t\t\t\t\t\t<\/div>\n\t\t\t\t<\/div>\n\t\t\t\t<div class=\"elementor-element elementor-element-75ae8b4a elementor-widget elementor-widget-text-editor\" data-id=\"75ae8b4a\" data-element_type=\"widget\" data-widget_type=\"text-editor.default\">\n\t\t\t\t<div class=\"elementor-widget-container\">\n\t\t\t\t\t\t\t<ul><li><strong><a href=\"https:\/\/uxberlin.com\/innovation-culture\/\"><span style=\"color: #d95e2d;\">Innovationskultur<\/span><\/a><\/strong><\/li><\/ul>\t\t\t\t\t\t<\/div>\n\t\t\t\t<\/div>\n\t\t\t\t<div class=\"elementor-element elementor-element-7f255695 elementor-widget elementor-widget-text-editor\" data-id=\"7f255695\" data-element_type=\"widget\" data-widget_type=\"text-editor.default\">\n\t\t\t\t<div class=\"elementor-widget-container\">\n\t\t\t\t\t\t\t<ul><li><strong><a href=\"https:\/\/uxberlin.com\/corporate-venturing\/\"><span style=\"color: #d95e2d;\">Nachhaltige Gesch\u00e4ftsentwicklung<\/span><\/a><\/strong><\/li><\/ul>\t\t\t\t\t\t<\/div>\n\t\t\t\t<\/div>\n\t\t\t\t<div class=\"elementor-element elementor-element-aedec0e elementor-widget elementor-widget-text-editor\" data-id=\"aedec0e\" data-element_type=\"widget\" data-widget_type=\"text-editor.default\">\n\t\t\t\t<div class=\"elementor-widget-container\">\n\t\t\t\t\t\t\t<ul>\n \t<li><strong><a href=\"https:\/\/uxberlin.com\/customer-insights\/\"><span style=\"color: #d95e2d;\">Kundenintegration und User Experience<\/span><\/a><\/strong><\/li>\n<\/ul>\t\t\t\t\t\t<\/div>\n\t\t\t\t<\/div>\n\t\t\t\t<div class=\"elementor-element elementor-element-52c3bfbe elementor-widget elementor-widget-text-editor\" data-id=\"52c3bfbe\" data-element_type=\"widget\" data-widget_type=\"text-editor.default\">\n\t\t\t\t<div class=\"elementor-widget-container\">\n\t\t\t\t\t\t\t<ul>\n \t<li><strong><a href=\"https:\/\/uxberlin.com\/workshops\/\"><span style=\"color: #d95e2d;\">Workshops<\/span><\/a><\/strong><\/li>\n<\/ul>\t\t\t\t\t\t<\/div>\n\t\t\t\t<\/div>\n\t\t\t\t\t<\/div>\n\t\t<\/div>\n\t\t\t\t<div class=\"elementor-column elementor-col-33 elementor-top-column elementor-element elementor-element-61fcc2da\" data-id=\"61fcc2da\" data-element_type=\"column\">\n\t\t\t<div class=\"elementor-widget-wrap elementor-element-populated\">\n\t\t\t\t\t\t\t\t<div class=\"elementor-element elementor-element-10ada62d elementor-widget elementor-widget-text-editor\" data-id=\"10ada62d\" data-element_type=\"widget\" data-widget_type=\"text-editor.default\">\n\t\t\t\t<div class=\"elementor-widget-container\">\n\t\t\t\t\t\t\t<strong>Angebote als Download<\/strong>\t\t\t\t\t\t<\/div>\n\t\t\t\t<\/div>\n\t\t\t\t<div class=\"elementor-element elementor-element-5cbf92c elementor-widget elementor-widget-text-editor\" data-id=\"5cbf92c\" data-element_type=\"widget\" data-widget_type=\"text-editor.default\">\n\t\t\t\t<div class=\"elementor-widget-container\">\n\t\t\t\t\t\t\t<ul><li><span style=\"color: #d95e2d;\"><a style=\"color: #d95e2d;\" href=\"https:\/\/uxberlin.com\/wp-content\/uploads\/2023\/05\/13_Offerings_Business_Models_Venturing.pdf\">Lean Venturing<\/a><\/span><\/li><\/ul><p>Workshops und Coaching bei der Entwicklung und Konsolidierung von Gesch\u00e4ftsmodellen.<\/p><ul><li>Mindfulness for Innovation<\/li><\/ul><p>Aufmerksamkeitspraktiken helfen Potentiale f\u00fcr Innovation zu erkennen und zu nutzen.<\/p><ul><li><span style=\"color: #d95e2d;\"><a style=\"color: #d95e2d;\" href=\"https:\/\/www.uxberlin.com\/wp-content\/uploads\/2023\/08\/2012_Offering_Design_Patterns.pdf\">Gestaltungsmuster<\/a><\/span><\/li><\/ul><p>Defintion und Einf\u00fchrung konsistenter Gestaltungsmuster f\u00fcr unterschiedliche Dienste und Plattformen.<\/p><ul><li>Zukunftsforschung &amp; Szenarien<\/li><\/ul><p>Neue Chancen und Risiken erkennen und eine positive Vision formulieren.<\/p><ul><li>Kundenintegration<\/li><\/ul><p>Ethnographie und unterschiedlichste Wissenstr\u00e4ger helfen, Anforderungen zu formulieren und neue Probleml\u00f6sungen zu finden.<\/p><ul><li>Lernerzentrierte Entwicklung<\/li><\/ul><p>Konzeption und Gestaltung interaktiver Lernumgebungen.<\/p>\t\t\t\t\t\t<\/div>\n\t\t\t\t<\/div>\n\t\t\t\t<div class=\"elementor-element elementor-element-780c3d06 elementor-widget elementor-widget-text-editor\" data-id=\"780c3d06\" data-element_type=\"widget\" data-widget_type=\"text-editor.default\">\n\t\t\t\t<div class=\"elementor-widget-container\">\n\t\t\t\t\t\t\t<strong>M\u00f6gliche Beauftragungsformen<\/strong>\t\t\t\t\t\t<\/div>\n\t\t\t\t<\/div>\n\t\t\t\t<div class=\"elementor-element elementor-element-5b8d872b elementor-widget elementor-widget-text-editor\" data-id=\"5b8d872b\" data-element_type=\"widget\" data-widget_type=\"text-editor.default\">\n\t\t\t\t<div class=\"elementor-widget-container\">\n\t\t\t\t\t\t\t<ul>\n \t<li><span style=\"color: #808080;\">Interim Management<\/span><\/li>\n \t<li><span style=\"color: #808080;\">Fachliches Coaching<\/span><\/li>\n \t<li><span style=\"color: #808080;\">Arbeitspakete<\/span><\/li>\n \t<li><span style=\"color: #808080;\">Beteiligungen<\/span><\/li>\n \t<li><span style=\"color: #808080;\">Teaming<\/span><\/li>\n<\/ul>\t\t\t\t\t\t<\/div>\n\t\t\t\t<\/div>\n\t\t\t\t\t<\/div>\n\t\t<\/div>\n\t\t\t\t\t\t\t<\/div>\n\t\t<\/section>\n\t\t\t\t\t\t\t<\/div>\n\t\t","protected":false},"excerpt":{"rendered":"<p>UXBerlin ber\u00e4t gro\u00dfe Unternehmen, Startups und international arbeitende Institutionen bei der Konzeption, Gestaltung und Durchf\u00fchrung von Innovationsvorhaben. Kontaktieren Sie uns! \u00a0 MissionWir erkunden alternative Zuk\u00fcnfte und begleiten Sie auf neuen Wegen der Wertsch\u00f6pfung. Wir arbeiten eng mit unseren Kunden, deren Kunden und Partnern zusammen. Ihr lernendes Unternehmen ist unser Ziel.Wir engagieren uns in den folgenden&hellip; <a class=\"more-link\" href=\"https:\/\/www.uxberlin.com\/de\/offerings\/\"><span class=\"screen-reader-text\">Angebot<\/span> weiterlesen<\/a><\/p>\n","protected":false},"author":2,"featured_media":0,"parent":0,"menu_order":0,"comment_status":"closed","ping_status":"closed","template":"elementor_header_footer","meta":{"footnotes":""},"_links":{"self":[{"href":"https:\/\/www.uxberlin.com\/de\/wp-json\/wp\/v2\/pages\/6295"}],"collection":[{"href":"https:\/\/www.uxberlin.com\/de\/wp-json\/wp\/v2\/pages"}],"about":[{"href":"https:\/\/www.uxberlin.com\/de\/wp-json\/wp\/v2\/types\/page"}],"author":[{"embeddable":true,"href":"https:\/\/www.uxberlin.com\/de\/wp-json\/wp\/v2\/users\/2"}],"replies":[{"embeddable":true,"href":"https:\/\/www.uxberlin.com\/de\/wp-json\/wp\/v2\/comments?post=6295"}],"version-history":[{"count":61,"href":"https:\/\/www.uxberlin.com\/de\/wp-json\/wp\/v2\/pages\/6295\/revisions"}],"predecessor-version":[{"id":9151,"href":"https:\/\/www.uxberlin.com\/de\/wp-json\/wp\/v2\/pages\/6295\/revisions\/9151"}],"wp:attachment":[{"href":"https:\/\/www.uxberlin.com\/de\/wp-json\/wp\/v2\/media?parent=6295"}],"curies":[{"name":"wp","href":"https:\/\/api.w.org\/{rel}","templated":true}]}}