{"id":6298,"date":"2023-07-05T13:15:55","date_gmt":"2023-07-05T11:15:55","guid":{"rendered":"https:\/\/www.uxberlin.com\/innovation-strategy-2\/"},"modified":"2025-12-04T02:54:55","modified_gmt":"2025-12-04T00:54:55","slug":"innovation-culture","status":"publish","type":"page","link":"https:\/\/www.uxberlin.com\/de\/innovation-culture\/","title":{"rendered":"Innovationskultur"},"content":{"rendered":"\t\t<div data-elementor-type=\"wp-page\" data-elementor-id=\"6298\" class=\"elementor elementor-6298\" data-elementor-post-type=\"page\">\n\t\t\t\t\t\t\t\t\t<section class=\"elementor-section elementor-top-section elementor-element elementor-element-21fc755a elementor-section-height-min-height inner-banner elementor-section-boxed elementor-section-height-default elementor-section-items-middle\" data-id=\"21fc755a\" data-element_type=\"section\" data-settings=\"{&quot;background_background&quot;:&quot;classic&quot;}\">\n\t\t\t\t\t\t<div class=\"elementor-container elementor-column-gap-default\">\n\t\t\t\t\t<div class=\"elementor-column elementor-col-100 elementor-top-column elementor-element elementor-element-2c0bb9d9\" data-id=\"2c0bb9d9\" data-element_type=\"column\">\n\t\t\t<div class=\"elementor-widget-wrap elementor-element-populated\">\n\t\t\t\t\t\t\t\t\t<\/div>\n\t\t<\/div>\n\t\t\t\t\t\t\t<\/div>\n\t\t<\/section>\n\t\t\t\t<section class=\"elementor-section elementor-top-section elementor-element elementor-element-a40f90d elementor-section-boxed elementor-section-height-default elementor-section-height-default\" data-id=\"a40f90d\" data-element_type=\"section\">\n\t\t\t\t\t\t<div class=\"elementor-container elementor-column-gap-default\">\n\t\t\t\t\t<div class=\"elementor-column elementor-col-66 elementor-top-column elementor-element elementor-element-6f1fe93d\" data-id=\"6f1fe93d\" data-element_type=\"column\">\n\t\t\t<div class=\"elementor-widget-wrap elementor-element-populated\">\n\t\t\t\t\t\t\t\t<div class=\"elementor-element elementor-element-6a147ff7 elementor-widget elementor-widget-text-editor\" data-id=\"6a147ff7\" data-element_type=\"widget\" data-widget_type=\"text-editor.default\">\n\t\t\t\t<div class=\"elementor-widget-container\">\n\t\t\t<style>\/*! elementor - v3.15.0 - 20-08-2023 *\/\n.elementor-widget-text-editor.elementor-drop-cap-view-stacked .elementor-drop-cap{background-color:#69727d;color:#fff}.elementor-widget-text-editor.elementor-drop-cap-view-framed .elementor-drop-cap{color:#69727d;border:3px solid;background-color:transparent}.elementor-widget-text-editor:not(.elementor-drop-cap-view-default) .elementor-drop-cap{margin-top:8px}.elementor-widget-text-editor:not(.elementor-drop-cap-view-default) .elementor-drop-cap-letter{width:1em;height:1em}.elementor-widget-text-editor .elementor-drop-cap{float:left;text-align:center;line-height:1;font-size:50px}.elementor-widget-text-editor .elementor-drop-cap-letter{display:inline-block}<\/style>\t\t\t\t<p><\/p><p>Wir helfen bei der Entwicklung einer professionellen Innovationsmanagements. Mit Hilfe von Szenarien analysieren wir m\u00f6gliche Zuk\u00fcnfte und erschlie\u00dfen neuen Gestaltungsraum. Eine Aufarbeitung der zentralen Werte und des Zwecks des Unternehmens wird uns helfen, Mission und Vision zu revidieren und entsprechende Innovationsfelder zu bestimmen. Nachhaltige Gesch\u00e4ftsmodelle nutzen bew\u00e4hrte Gestaltungsmuster, um wirtschaftlich, sozial und \u00f6kologisch wertvolle Beitr\u00e4ge zu leisten &#8230;<\/p><p>Wir begleiten die Einf\u00fchrung neuer Transformations- und Innovationsstrategien und entsprechender Praktiken.<\/p>\t\t\t\t\t\t<\/div>\n\t\t\t\t<\/div>\n\t\t\t\t<div class=\"elementor-element elementor-element-399e690c elementor-widget elementor-widget-image\" data-id=\"399e690c\" data-element_type=\"widget\" data-widget_type=\"image.default\">\n\t\t\t\t<div class=\"elementor-widget-container\">\n\t\t\t<style>\/*! elementor - v3.15.0 - 20-08-2023 *\/\n.elementor-widget-image{text-align:center}.elementor-widget-image a{display:inline-block}.elementor-widget-image a img[src$=\".svg\"]{width:48px}.elementor-widget-image img{vertical-align:middle;display:inline-block}<\/style>\t\t\t\t\t\t\t\t\t\t\t\t<img decoding=\"async\" loading=\"lazy\" width=\"750\" height=\"233\" src=\"https:\/\/www.uxberlin.com\/wp-content\/uploads\/2023\/07\/1.jpg\" class=\"attachment-large size-large wp-image-6299\" alt=\"\" srcset=\"https:\/\/www.uxberlin.com\/wp-content\/uploads\/2023\/07\/1.jpg 980w, https:\/\/www.uxberlin.com\/wp-content\/uploads\/2023\/07\/1-300x93.jpg 300w, https:\/\/www.uxberlin.com\/wp-content\/uploads\/2023\/07\/1-768x239.jpg 768w\" sizes=\"(max-width: 750px) 100vw, 750px\" style=\"width:100%;height:31.12%;max-width:980px\" \/>\t\t\t\t\t\t\t\t\t\t\t\t\t\t\t<\/div>\n\t\t\t\t<\/div>\n\t\t\t\t<div class=\"elementor-element elementor-element-6e0d384c elementor-widget elementor-widget-text-editor\" data-id=\"6e0d384c\" data-element_type=\"widget\" data-widget_type=\"text-editor.default\">\n\t\t\t\t<div class=\"elementor-widget-container\">\n\t\t\t\t\t\t\t<div class=\"shortcode-unorderedlist quadrat\">\n<ul>\n \t<li><strong>Wertebasiertes Innovationsmanagement<\/strong><\/li>\n<\/ul>\n<\/div>\t\t\t\t\t\t<\/div>\n\t\t\t\t<\/div>\n\t\t\t\t<div class=\"elementor-element elementor-element-1220bcd8 elementor-widget elementor-widget-text-editor\" data-id=\"1220bcd8\" data-element_type=\"widget\" data-widget_type=\"text-editor.default\">\n\t\t\t\t<div class=\"elementor-widget-container\">\n\t\t\t\t\t\t\t<div class=\"shortcode-unorderedlist quadrat\">\n\n<a href=\"http:\/\/www.valuesbasedinnovation.com\" target=\"_blank\" rel=\"noopener\">Wertebasiertes Innovationsmanagement<\/a> macht Werte der Beteiligten \u2013 also Systeme von Priorit\u00e4ten und Vorstellungen des W\u00fcnschenswerten \u2013 zur Grundlage von Innovationsvorhaben. Werte bieten eine Heuristik f\u00fcr die Erschlie\u00dfung neuer Gesch\u00e4ftsfelder, Orientierung f\u00fcr deren Gestaltung und Ansatzpunkte zur Integration auch widerstrebender Interessen. Sie helfen Visionen und eine Mission zu formulieren, f\u00fcr die es sich zu arbeiten lohnt. Sie tun es gerade dann, wenn es um die Gestaltung von Zukunft geht, um die Entwicklung neuer Prozesse, Produkte, Dienstleistungen, Gesch\u00e4ftsmodelle und Identit\u00e4ten von Organisationen und \u00fcbergreifenden Netzwerken..\n\n<\/div>\t\t\t\t\t\t<\/div>\n\t\t\t\t<\/div>\n\t\t\t\t<div class=\"elementor-element elementor-element-1d961069 elementor-widget elementor-widget-text-editor\" data-id=\"1d961069\" data-element_type=\"widget\" data-widget_type=\"text-editor.default\">\n\t\t\t\t<div class=\"elementor-widget-container\">\n\t\t\t\t\t\t\t<div class=\"shortcode-unorderedlist quadrat\"><ul><li><strong>Entwurf und Analyse von Zukunftsszenarien<\/strong><\/li><\/ul><\/div>\t\t\t\t\t\t<\/div>\n\t\t\t\t<\/div>\n\t\t\t\t<div class=\"elementor-element elementor-element-6dc0a144 elementor-widget elementor-widget-text-editor\" data-id=\"6dc0a144\" data-element_type=\"widget\" data-widget_type=\"text-editor.default\">\n\t\t\t\t<div class=\"elementor-widget-container\">\n\t\t\t\t\t\t\t<div>\n\n&#8218;W\u00e4hrend unser Wissen die Vergangenheit betrifft, betreffen unsere Entscheidungen die Zukunft&#8216; (<a title=\"Wilson 1975\/2000\" href=\"http:\/\/horizon.unc.edu\/projects\/seminars\/futurizing\/action.asp\" target=\"_blank\" rel=\"noopener\">Wilson 1975\/2000<\/a>). Ein fr\u00fchzeitiges Verst\u00e4ndnis alternativer Entwicklungsm\u00f6glichkeiten sowie der eigenen Vision sind f\u00fcr die vorausschauende Gesch\u00e4ftsgestaltung unerl\u00e4sslich. <a href=\"https:\/\/issuu.com\/henning-breuer\/docs\/2013_time_machine_service_design_leihener_breuer\" target=\"_blank\" rel=\"noopener\">Mit unseren Kunden analysieren wir relevante Trends und Unsicherheitsfaktoren und entwickeln schl\u00fcssige Zukunftsbilder<\/a>. So erkennen wir neue Gesch\u00e4ftsm\u00f6glichkeiten, aber auch Risiken und robuste Ma\u00dfnahmen. \n\n\n<\/div>\t\t\t\t\t\t<\/div>\n\t\t\t\t<\/div>\n\t\t\t\t<div class=\"elementor-element elementor-element-3b18d1b3 elementor-widget elementor-widget-text-editor\" data-id=\"3b18d1b3\" data-element_type=\"widget\" data-widget_type=\"text-editor.default\">\n\t\t\t\t<div class=\"elementor-widget-container\">\n\t\t\t\t\t\t\t<div class=\"shortcode-unorderedlist quadrat\">\n<ul>\n \t<li><strong>Strategien offener und nutzergetriebener Innovation<\/strong><\/li>\n<\/ul>\n<\/div>\t\t\t\t\t\t<\/div>\n\t\t\t\t<\/div>\n\t\t\t\t<div class=\"elementor-element elementor-element-5cc2e212 elementor-widget elementor-widget-text-editor\" data-id=\"5cc2e212\" data-element_type=\"widget\" data-widget_type=\"text-editor.default\">\n\t\t\t\t<div class=\"elementor-widget-container\">\n\t\t\t\t\t\t\t<div class=\"shortcode-unorderedlist quadrat\"><p><a href=\"http:\/\/www.uxberlin.com\/wp-content\/uploads\/2013\/01\/2011_Open_Innovation_DIFI.pdf\" target=\"_blank\" rel=\"noopener\">Offene Innovation<\/a> macht einst starre Unternehmensgrenzen zum Gegenstand der Interaktionsgestaltung. Neue Fragen kommen auf: Wie k\u00f6nnen wir die besten verf\u00fcgbaren Wissensquellen f\u00fcr unsere Entwicklung nutzen? Wie f\u00f6rdern wir Innovation ohne das laufende Gesch\u00e4ft zu gef\u00e4hrden? Nutzergetriebene Innovation beginnt beim einzelnen Kunden und kleinen Kundensegmenten um Ideen f\u00fcr neue Produkte, Dienste, Prozesse und Gesch\u00e4ftsmodelle zu entwickeln. Ein breites Spektrum sozialwissenschaftlicher und kreativer Methoden kommt zum Einsatz, um vielf\u00e4ltige Interessensvertreter an Innovationsvorhaben zu beteiligen.<\/p><\/div>\t\t\t\t\t\t<\/div>\n\t\t\t\t<\/div>\n\t\t\t\t<div class=\"elementor-element elementor-element-1110133f elementor-widget elementor-widget-text-editor\" data-id=\"1110133f\" data-element_type=\"widget\" data-widget_type=\"text-editor.default\">\n\t\t\t\t<div class=\"elementor-widget-container\">\n\t\t\t\t\t\t\t\t\t\t\t\t\t<\/div>\n\t\t\t\t<\/div>\n\t\t\t\t\t<\/div>\n\t\t<\/div>\n\t\t\t\t<div class=\"elementor-column elementor-col-33 elementor-top-column elementor-element elementor-element-51c95ebc\" data-id=\"51c95ebc\" data-element_type=\"column\">\n\t\t\t<div class=\"elementor-widget-wrap elementor-element-populated\">\n\t\t\t\t\t\t\t\t<div class=\"elementor-element elementor-element-1fb2b0fb elementor-widget elementor-widget-text-editor\" data-id=\"1fb2b0fb\" data-element_type=\"widget\" data-widget_type=\"text-editor.default\">\n\t\t\t\t<div class=\"elementor-widget-container\">\n\t\t\t\t\t\t\t<div class=\"shortcode-unorderedlist quadrat\">\n\n<strong>Eigene Arbeiten und Dokumentationen<\/strong>\n\n<\/div>\t\t\t\t\t\t<\/div>\n\t\t\t\t<\/div>\n\t\t\t\t<div class=\"elementor-element elementor-element-2b00896b elementor-widget elementor-widget-text-editor\" data-id=\"2b00896b\" data-element_type=\"widget\" data-widget_type=\"text-editor.default\">\n\t\t\t\t<div class=\"elementor-widget-container\">\n\t\t\t\t\t\t\t<div class=\"shortcode-unorderedlist quadrat\"><ul style=\"list-style-type: square;\"><li style=\"list-style-type: none;\"><ul>\u00a0<\/ul><\/li><li style=\"list-style-type: none;\"><\/p><ul style=\"list-style-type: square;\"><li><a href=\"http:\/\/www.sf4s-project.com\">Strategische Vorausschau f\u00fcr Nachhaltigkeit<\/a><\/li><li><a href=\"https:\/\/www.uxberlin.com\/wp-content\/uploads\/2022\/08\/ST03_2022_Breuer_Wertebasiert_mit_Gestaltungsmustern_zur_Geschaftsmodellinnovation.pdf\">Wertebasiert mit Gestaltungsmustern<br \/>zur Gesch\u00e4ftsmodellinnovation<\/a><\/li><li><a href=\"http:\/\/www.uxberlin.com\/wp-content\/uploads\/2013\/01\/2011_Open_Innovation_DIFI.pdf\">Formate offener Innovation<\/a><\/li><li><a href=\"https:\/\/www.sustainablebusiness.design\/\" target=\"_blank\" rel=\"noopener\">Gestaltung nachhaltiger Gesch\u00e4ftsmodelle &#8211; 45 Muster<\/a><\/li><li><a href=\"http:\/\/www.uxberlin.com\/download\/2012_Learning_From_Future_Presentation.pdf\" target=\"_blank\" rel=\"noopener\">Learning from the Future<\/a> (Pr\u00e4sentation)<\/li><li><a href=\"http:\/\/papers.ssrn.com\/sol3\/papers.cfm?abstract_id=2125750\" target=\"_blank\" rel=\"noopener\">Learning from the Future<\/a> (Artikel)<\/li><li><a href=\"http:\/\/www.uxberlin.com\/wp-content\/uploads\/2012\/12\/2011_Vision_2020.pdf\">Telekommunikation 2020<\/a><br \/><\/li><\/ul><ul><li style=\"list-style-type: none;\">\u00a0<\/li><\/ul><\/div>\t\t\t\t\t\t<\/div>\n\t\t\t\t<\/div>\n\t\t\t\t<div class=\"elementor-element elementor-element-3d950fe8 elementor-widget elementor-widget-text-editor\" data-id=\"3d950fe8\" data-element_type=\"widget\" data-widget_type=\"text-editor.default\">\n\t\t\t\t<div class=\"elementor-widget-container\">\n\t\t\t\t\t\t\t<div class=\"shortcode-unorderedlist quadrat\">\n\n<strong>Beispielhafte Referenzen<\/strong>\n\n<\/div>\t\t\t\t\t\t<\/div>\n\t\t\t\t<\/div>\n\t\t\t\t<div class=\"elementor-element elementor-element-6ccc48b2 elementor-widget elementor-widget-text-editor\" data-id=\"6ccc48b2\" data-element_type=\"widget\" data-widget_type=\"text-editor.default\">\n\t\t\t\t<div class=\"elementor-widget-container\">\n\t\t\t\t\t\t\t<div class=\"shortcode-unorderedlist quadrat\"><p>Kleines Projekt: Zur Neuausrichtung der Innovationsstrategie eines mittelst\u00e4ndischen Unternehmens haben wir die Geschichte, Werte und Zweck sowie die anstehenden Herausforderungen und Potenziale f\u00fcr die zuk\u00fcnftige Entwicklung des Unternehmens und seiner Marke \u00fcberpr\u00fcft. Ausgehend von Feldinterviews mit Vorstand und F\u00fchrungskr\u00e4ften haben wir in einem zweit\u00e4gigen Workshop die grundlegenden Werte, die Mission und zentrale Innovationsfelder neu definiert. Hauptergebnis war eine neue Innovationsstrategie mit priorisierten Potenzialen f\u00fcr die Entwicklung neuer Produkte, Marken und Gesch\u00e4ftsmodelle.<\/p><\/div>\t\t\t\t\t\t<\/div>\n\t\t\t\t<\/div>\n\t\t\t\t<div class=\"elementor-element elementor-element-2de6b8b elementor-widget elementor-widget-text-editor\" data-id=\"2de6b8b\" data-element_type=\"widget\" data-widget_type=\"text-editor.default\">\n\t\t\t\t<div class=\"elementor-widget-container\">\n\t\t\t\t\t\t\t<div class=\"shortcode-unorderedlist quadrat\"><p>Gro\u00dfes Projekt: F\u00fcr die Deutsche Telekom haben wir am Aufbau der <a title=\"Telekom Innovation Laboratories, Interim Management Breuer\" href=\"https:\/\/laboratories.telekom.com\/\" target=\"_blank\" rel=\"noopener\">Innovation Laboratories<\/a> mitgewirkt und u.a. das Berliner Innovationsforum und im Interims-Management ein Team von 20 Mitarbeiterinnen und Mitarbeitern zur Erforschungs und Gestaltung nutzergetriebener Innovation aufgebaut. Hier ein kleiner Film dazu: <a title=\"User-Driven Innovation\" href=\"www.youtube.com\/watch?v=g5VLNI4438c\" target=\"_blank\" rel=\"noopener\">User-Driven Innovation (Youtube)<\/a>. In anderen Projekten haben wir Szenarien f\u00fcr die Automobilindustrie und zum Thema &#8222;Alternde Gesellschaft&#8220; entwickelt. <\/p><\/div>\t\t\t\t\t\t<\/div>\n\t\t\t\t<\/div>\n\t\t\t\t<div class=\"elementor-element elementor-element-43a57d52 elementor-widget elementor-widget-text-editor\" data-id=\"43a57d52\" data-element_type=\"widget\" data-widget_type=\"text-editor.default\">\n\t\t\t\t<div class=\"elementor-widget-container\">\n\t\t\t\t\t\t\t<div class=\"shortcode-unorderedlist quadrat\"><p><strong>Weitere wertvolle Quellen<\/strong><\/p><\/div>\t\t\t\t\t\t<\/div>\n\t\t\t\t<\/div>\n\t\t\t\t<div class=\"elementor-element elementor-element-160baed8 elementor-widget elementor-widget-text-editor\" data-id=\"160baed8\" data-element_type=\"widget\" data-widget_type=\"text-editor.default\">\n\t\t\t\t<div class=\"elementor-widget-container\">\n\t\t\t\t\t\t\t<div class=\"shortcode-unorderedlist quadrat\"><p><\/p><ul style=\"list-style-type: square;\"><li><a href=\"http:\/\/www.wired.com\/special_multimedia\/2009\/ff_scenario_1708\" target=\"_blank\" rel=\"noopener\">Ihre Zukunft in 5 Schritten \/ Schwarz<\/a><\/li><li><a title=\"IZT Papers\" href=\"https:\/\/www.izt.de\/en\/publications\/\" target=\"_blank\" rel=\"noopener\">IZT Publikationen<\/a><\/li><li><a title=\"IFTF\" href=\"http:\/\/www.iftf.org\/home\/\" target=\"_blank\" rel=\"noopener\">Institute for the Future<\/a><\/li><li><a title=\"Democratizing Innovation\" href=\"http:\/\/web.mit.edu\/evhippel\/www\/books.htm\" target=\"_blank\" rel=\"noopener\">Democratizing Innovation \/ von Hippel<\/a><\/li><\/ul><p><\/p><\/div>\t\t\t\t\t\t<\/div>\n\t\t\t\t<\/div>\n\t\t\t\t\t<\/div>\n\t\t<\/div>\n\t\t\t\t\t\t\t<\/div>\n\t\t<\/section>\n\t\t\t\t<section class=\"elementor-section elementor-top-section elementor-element elementor-element-ce17714 elementor-section-boxed elementor-section-height-default elementor-section-height-default\" data-id=\"ce17714\" data-element_type=\"section\">\n\t\t\t\t\t\t<div class=\"elementor-container elementor-column-gap-default\">\n\t\t\t\t\t<div class=\"elementor-column elementor-col-100 elementor-top-column elementor-element elementor-element-9a34450\" data-id=\"9a34450\" data-element_type=\"column\">\n\t\t\t<div class=\"elementor-widget-wrap elementor-element-populated\">\n\t\t\t\t\t\t\t\t<div class=\"elementor-element elementor-element-23a9b46 elementor-widget elementor-widget-heading\" data-id=\"23a9b46\" data-element_type=\"widget\" data-widget_type=\"heading.default\">\n\t\t\t\t<div class=\"elementor-widget-container\">\n\t\t\t<style>\/*! elementor - v3.15.0 - 20-08-2023 *\/\n.elementor-heading-title{padding:0;margin:0;line-height:1}.elementor-widget-heading .elementor-heading-title[class*=elementor-size-]>a{color:inherit;font-size:inherit;line-height:inherit}.elementor-widget-heading .elementor-heading-title.elementor-size-small{font-size:15px}.elementor-widget-heading .elementor-heading-title.elementor-size-medium{font-size:19px}.elementor-widget-heading .elementor-heading-title.elementor-size-large{font-size:29px}.elementor-widget-heading .elementor-heading-title.elementor-size-xl{font-size:39px}.elementor-widget-heading .elementor-heading-title.elementor-size-xxl{font-size:59px}<\/style><h2 class=\"elementor-heading-title elementor-size-default\">Add Your Heading Text Here<\/h2>\t\t<\/div>\n\t\t\t\t<\/div>\n\t\t\t\t\t<\/div>\n\t\t<\/div>\n\t\t\t\t\t\t\t<\/div>\n\t\t<\/section>\n\t\t\t\t\t\t\t<\/div>\n\t\t","protected":false},"excerpt":{"rendered":"<p>Wir helfen bei der Entwicklung einer professionellen Innovationsmanagements. Mit Hilfe von Szenarien analysieren wir m\u00f6gliche Zuk\u00fcnfte und erschlie\u00dfen neuen Gestaltungsraum. Eine Aufarbeitung der zentralen Werte und des Zwecks des Unternehmens wird uns helfen, Mission und Vision zu revidieren und entsprechende Innovationsfelder zu bestimmen. Nachhaltige Gesch\u00e4ftsmodelle nutzen bew\u00e4hrte Gestaltungsmuster, um wirtschaftlich, sozial und \u00f6kologisch wertvolle Beitr\u00e4ge&hellip; <a class=\"more-link\" href=\"https:\/\/www.uxberlin.com\/de\/innovation-culture\/\"><span class=\"screen-reader-text\">Innovationskultur<\/span> weiterlesen<\/a><\/p>\n","protected":false},"author":2,"featured_media":0,"parent":0,"menu_order":0,"comment_status":"closed","ping_status":"closed","template":"elementor_header_footer","meta":{"footnotes":""},"_links":{"self":[{"href":"https:\/\/www.uxberlin.com\/de\/wp-json\/wp\/v2\/pages\/6298"}],"collection":[{"href":"https:\/\/www.uxberlin.com\/de\/wp-json\/wp\/v2\/pages"}],"about":[{"href":"https:\/\/www.uxberlin.com\/de\/wp-json\/wp\/v2\/types\/page"}],"author":[{"embeddable":true,"href":"https:\/\/www.uxberlin.com\/de\/wp-json\/wp\/v2\/users\/2"}],"replies":[{"embeddable":true,"href":"https:\/\/www.uxberlin.com\/de\/wp-json\/wp\/v2\/comments?post=6298"}],"version-history":[{"count":166,"href":"https:\/\/www.uxberlin.com\/de\/wp-json\/wp\/v2\/pages\/6298\/revisions"}],"predecessor-version":[{"id":9591,"href":"https:\/\/www.uxberlin.com\/de\/wp-json\/wp\/v2\/pages\/6298\/revisions\/9591"}],"wp:attachment":[{"href":"https:\/\/www.uxberlin.com\/de\/wp-json\/wp\/v2\/media?parent=6298"}],"curies":[{"name":"wp","href":"https:\/\/api.w.org\/{rel}","templated":true}]}}